{"id":1005,"date":"2026-03-04T12:05:32","date_gmt":"2026-03-04T11:05:32","guid":{"rendered":"https:\/\/rapido.com.pl\/offer\/"},"modified":"2026-04-16T15:20:19","modified_gmt":"2026-04-16T13:20:19","slug":"offer","status":"publish","type":"page","link":"https:\/\/rapido.com.pl\/en\/offer\/","title":{"rendered":"Offer"},"content":{"rendered":"\t\t<div data-elementor-type=\"wp-page\" data-elementor-id=\"1005\" class=\"elementor elementor-1005 elementor-228\" data-elementor-post-type=\"page\">\n\t\t\t\t<div class=\"elementor-element elementor-element-a4ee61b e-flex e-con-boxed e-con e-parent\" data-id=\"a4ee61b\" data-element_type=\"container\" data-e-type=\"container\" data-settings=\"{&quot;background_background&quot;:&quot;classic&quot;}\">\n\t\t\t\t\t<div class=\"e-con-inner\">\n\t\t\t\t<div class=\"elementor-element elementor-element-b732b44 elementor-invisible elementor-widget elementor-widget-heading\" data-id=\"b732b44\" data-element_type=\"widget\" data-e-type=\"widget\" data-settings=\"{&quot;_animation&quot;:&quot;fadeInLeft&quot;}\" data-widget_type=\"heading.default\">\n\t\t\t\t\t<h2 class=\"elementor-heading-title elementor-size-default\">Offer<\/h2>\t\t\t\t<\/div>\n\t\t\t\t\t<\/div>\n\t\t\t\t<\/div>\n\t\t<div class=\"elementor-element elementor-element-4f1f69f e-flex e-con-boxed e-con e-parent\" data-id=\"4f1f69f\" data-element_type=\"container\" data-e-type=\"container\">\n\t\t\t\t\t<div class=\"e-con-inner\">\n\t\t\t\t<div class=\"elementor-element elementor-element-b1b86c6 elementor-widget elementor-widget-text-editor\" data-id=\"b1b86c6\" data-element_type=\"widget\" data-e-type=\"widget\" data-widget_type=\"text-editor.default\">\n\t\t\t\t\t\t\t\t\t<p><strong>RAPIDO Bus &amp; Coach<\/strong> \u2013 passenger transport, bus and coach rentals, a fleet of luxury vehicles.<br><strong>RAPIDO tourism &amp; travel<\/strong> &#8211; tours, exploration, education, recreation. We can accommodate groups ranging from 1 to 1,000 people.<\/p>\t\t\t\t\t\t\t\t<\/div>\n\t\t\t\t\t<\/div>\n\t\t\t\t<\/div>\n\t\t<div class=\"elementor-element elementor-element-7c37620 e-flex e-con-boxed e-con e-parent\" data-id=\"7c37620\" data-element_type=\"container\" data-e-type=\"container\" data-settings=\"{&quot;background_background&quot;:&quot;classic&quot;}\">\n\t\t\t\t\t<div class=\"e-con-inner\">\n\t\t<div class=\"elementor-element elementor-element-d9a62e9 e-con-full e-flex e-con e-child\" data-id=\"d9a62e9\" data-element_type=\"container\" data-e-type=\"container\" data-settings=\"{&quot;background_background&quot;:&quot;classic&quot;}\">\n\t\t\t\t<div class=\"elementor-element elementor-element-aa5e6f6 elementor-widget elementor-widget-image\" data-id=\"aa5e6f6\" data-element_type=\"widget\" data-e-type=\"widget\" data-widget_type=\"image.default\">\n\t\t\t\t\t\t\t\t\t\t\t\t\t\t\t<img fetchpriority=\"high\" decoding=\"async\" width=\"700\" height=\"467\" src=\"https:\/\/rapido.com.pl\/wp-content\/uploads\/2026\/03\/013busygolebiewski_copy.jpg\" class=\"attachment-large size-large wp-image-351\" alt=\"\" srcset=\"https:\/\/rapido.com.pl\/wp-content\/uploads\/2026\/03\/013busygolebiewski_copy.jpg 700w, https:\/\/rapido.com.pl\/wp-content\/uploads\/2026\/03\/013busygolebiewski_copy-500x334.jpg 500w, https:\/\/rapido.com.pl\/wp-content\/uploads\/2026\/03\/013busygolebiewski_copy-600x400.jpg 600w, https:\/\/rapido.com.pl\/wp-content\/uploads\/2026\/03\/013busygolebiewski_copy-300x200.jpg 300w\" sizes=\"(max-width: 700px) 100vw, 700px\" \/>\t\t\t\t\t\t\t\t\t\t\t\t\t\t\t<\/div>\n\t\t\t\t<\/div>\n\t\t<div class=\"elementor-element elementor-element-050d827 e-con-full e-flex e-con e-child\" data-id=\"050d827\" data-element_type=\"container\" data-e-type=\"container\">\n\t\t\t\t<div class=\"elementor-element elementor-element-e8bec58 elementor-widget elementor-widget-text-editor\" data-id=\"e8bec58\" data-element_type=\"widget\" data-e-type=\"widget\" data-widget_type=\"text-editor.default\">\n\t\t\t\t\t\t\t\t\t<p><strong><a href=\"https:\/\/rapido.com.pl\/en\/transport\/\">Transport Services<\/a><\/strong> \u2013 transportation for 1 to 1,000 passengers: with our fleet of luxury vehicles, we offer rentals of coaches, buses, minibuses, and ski buses. Passenger transport, group services, conference services, transfers, transportation to train stations and airports, cultural events. Domestic and international transport. Check out our full range of transportation services and our fleet of vehicles&#8230;.<\/p>\t\t\t\t\t\t\t\t<\/div>\n\t\t\t\t<div class=\"elementor-element elementor-element-62c5601 elementor-mobile-align-center elementor-widget elementor-widget-button\" data-id=\"62c5601\" data-element_type=\"widget\" data-e-type=\"widget\" data-widget_type=\"button.default\">\n\t\t\t\t\t\t\t\t\t\t<a class=\"elementor-button elementor-button-link elementor-size-sm\" href=\"https:\/\/rapido.com.pl\/en\/transport\/\">\n\t\t\t\t\t\t<span class=\"elementor-button-content-wrapper\">\n\t\t\t\t\t\t\t\t\t<span class=\"elementor-button-text\">Read more<\/span>\n\t\t\t\t\t<\/span>\n\t\t\t\t\t<\/a>\n\t\t\t\t\t\t\t\t<\/div>\n\t\t\t\t<\/div>\n\t\t\t\t\t<\/div>\n\t\t\t\t<\/div>\n\t\t<div class=\"elementor-element elementor-element-4291db6 e-flex e-con-boxed e-con e-parent\" data-id=\"4291db6\" data-element_type=\"container\" data-e-type=\"container\" data-settings=\"{&quot;background_background&quot;:&quot;classic&quot;}\">\n\t\t\t\t\t<div class=\"e-con-inner\">\n\t\t<div class=\"elementor-element elementor-element-7c57433 e-con-full e-flex e-con e-child\" data-id=\"7c57433\" data-element_type=\"container\" data-e-type=\"container\">\n\t\t\t\t<div class=\"elementor-element elementor-element-b57f21c elementor-widget elementor-widget-text-editor\" data-id=\"b57f21c\" data-element_type=\"widget\" data-e-type=\"widget\" data-widget_type=\"text-editor.default\">\n\t\t\t\t\t\t\t\t\t<p><strong><a href=\"https:\/\/rapido.com.pl\/en\/tours\/\">Regional Tourism<\/a><\/strong> &#8211; TOURS, SIGHTSEEING, EXPLORATION &#8211; a special section of our offerings designed to help you decide what to do in your free time, how to make your stay more enjoyable, and how to incorporate relaxation into a business group\u2019s training program &#8211; Beskids, Poland, Czech Republic, Slovakia. The most interesting spots in the Beskids, Slovakia, and the Czech Republic\u2014check out our tour itineraries for groups of 4 or more&#8230;<\/p>\t\t\t\t\t\t\t\t<\/div>\n\t\t\t\t<div class=\"elementor-element elementor-element-de50a3d elementor-mobile-align-center elementor-widget elementor-widget-button\" data-id=\"de50a3d\" data-element_type=\"widget\" data-e-type=\"widget\" data-widget_type=\"button.default\">\n\t\t\t\t\t\t\t\t\t\t<a class=\"elementor-button elementor-button-link elementor-size-sm\" href=\"https:\/\/rapido.com.pl\/en\/tours\/\">\n\t\t\t\t\t\t<span class=\"elementor-button-content-wrapper\">\n\t\t\t\t\t\t\t\t\t<span class=\"elementor-button-text\">Read more<\/span>\n\t\t\t\t\t<\/span>\n\t\t\t\t\t<\/a>\n\t\t\t\t\t\t\t\t<\/div>\n\t\t\t\t<\/div>\n\t\t<div class=\"elementor-element elementor-element-03a2ae8 e-con-full e-flex e-con e-child\" data-id=\"03a2ae8\" data-element_type=\"container\" data-e-type=\"container\" data-settings=\"{&quot;background_background&quot;:&quot;classic&quot;}\">\n\t\t\t\t<div class=\"elementor-element elementor-element-e6c431c elementor-widget elementor-widget-image\" data-id=\"e6c431c\" data-element_type=\"widget\" data-e-type=\"widget\" data-widget_type=\"image.default\">\n\t\t\t\t\t\t\t\t\t\t\t\t\t\t\t<img decoding=\"async\" width=\"700\" height=\"466\" src=\"https:\/\/rapido.com.pl\/wp-content\/uploads\/2026\/03\/panoramka.jpg\" class=\"attachment-large size-large wp-image-352\" alt=\"\" srcset=\"https:\/\/rapido.com.pl\/wp-content\/uploads\/2026\/03\/panoramka.jpg 700w, https:\/\/rapido.com.pl\/wp-content\/uploads\/2026\/03\/panoramka-500x333.jpg 500w, https:\/\/rapido.com.pl\/wp-content\/uploads\/2026\/03\/panoramka-600x399.jpg 600w, https:\/\/rapido.com.pl\/wp-content\/uploads\/2026\/03\/panoramka-300x200.jpg 300w\" sizes=\"(max-width: 700px) 100vw, 700px\" \/>\t\t\t\t\t\t\t\t\t\t\t\t\t\t\t<\/div>\n\t\t\t\t<\/div>\n\t\t\t\t\t<\/div>\n\t\t\t\t<\/div>\n\t\t<div class=\"elementor-element elementor-element-a3a478c e-flex e-con-boxed e-con e-parent\" data-id=\"a3a478c\" data-element_type=\"container\" data-e-type=\"container\" data-settings=\"{&quot;background_background&quot;:&quot;classic&quot;}\">\n\t\t\t\t\t<div class=\"e-con-inner\">\n\t\t<div class=\"elementor-element elementor-element-7a5617b e-con-full e-flex e-con e-child\" data-id=\"7a5617b\" data-element_type=\"container\" data-e-type=\"container\" data-settings=\"{&quot;background_background&quot;:&quot;classic&quot;}\">\n\t\t\t\t<div class=\"elementor-element elementor-element-ebccd1c elementor-widget elementor-widget-image\" data-id=\"ebccd1c\" data-element_type=\"widget\" data-e-type=\"widget\" data-widget_type=\"image.default\">\n\t\t\t\t\t\t\t\t\t\t\t\t\t\t\t<img decoding=\"async\" width=\"640\" height=\"427\" src=\"https:\/\/rapido.com.pl\/wp-content\/uploads\/2026\/03\/Offorad_wisla-1.jpg\" class=\"attachment-large size-large wp-image-1009\" alt=\"\" srcset=\"https:\/\/rapido.com.pl\/wp-content\/uploads\/2026\/03\/Offorad_wisla-1.jpg 640w, https:\/\/rapido.com.pl\/wp-content\/uploads\/2026\/03\/Offorad_wisla-1-500x334.jpg 500w, https:\/\/rapido.com.pl\/wp-content\/uploads\/2026\/03\/Offorad_wisla-1-600x400.jpg 600w, https:\/\/rapido.com.pl\/wp-content\/uploads\/2026\/03\/Offorad_wisla-1-300x200.jpg 300w\" sizes=\"(max-width: 640px) 100vw, 640px\" \/>\t\t\t\t\t\t\t\t\t\t\t\t\t\t\t<\/div>\n\t\t\t\t<\/div>\n\t\t<div class=\"elementor-element elementor-element-5c25a45 e-con-full e-flex e-con e-child\" data-id=\"5c25a45\" data-element_type=\"container\" data-e-type=\"container\">\n\t\t\t\t<div class=\"elementor-element elementor-element-0a5dd53 elementor-widget elementor-widget-text-editor\" data-id=\"0a5dd53\" data-element_type=\"widget\" data-e-type=\"widget\" data-widget_type=\"text-editor.default\">\n\t\t\t\t\t\t\t\t\t<p><strong>Offroad Adventure<\/strong> \u2013 Come join us for off-road adventures: off-road vehicles, ATVs, and scooters. Under the supervision of an instructor, you will get to drive powerful off-road vehicles, rugged ATVs, and agile, fast snowmobiles on your own. Off-road riding is an adrenaline rush, but it\u2019s also a great way to improve your riding technique and skills. Come join us for some great 4&#215;4 fun.<\/p>\t\t\t\t\t\t\t\t<\/div>\n\t\t\t\t<div class=\"elementor-element elementor-element-4cb7eeb elementor-mobile-align-center elementor-widget elementor-widget-button\" data-id=\"4cb7eeb\" data-element_type=\"widget\" data-e-type=\"widget\" data-widget_type=\"button.default\">\n\t\t\t\t\t\t\t\t\t\t<a class=\"elementor-button elementor-button-link elementor-size-sm\" href=\"https:\/\/rapido.com.pl\/en\/contact\/\">\n\t\t\t\t\t\t<span class=\"elementor-button-content-wrapper\">\n\t\t\t\t\t\t\t\t\t<span class=\"elementor-button-text\">Contact<\/span>\n\t\t\t\t\t<\/span>\n\t\t\t\t\t<\/a>\n\t\t\t\t\t\t\t\t<\/div>\n\t\t\t\t<\/div>\n\t\t\t\t\t<\/div>\n\t\t\t\t<\/div>\n\t\t<div class=\"elementor-element elementor-element-9a6517b e-flex e-con-boxed e-con e-parent\" data-id=\"9a6517b\" data-element_type=\"container\" data-e-type=\"container\" data-settings=\"{&quot;background_background&quot;:&quot;classic&quot;}\">\n\t\t\t\t\t<div class=\"e-con-inner\">\n\t\t<div class=\"elementor-element elementor-element-ea27647 e-con-full e-flex e-con e-child\" data-id=\"ea27647\" data-element_type=\"container\" data-e-type=\"container\">\n\t\t\t\t<div class=\"elementor-element elementor-element-3c46fde elementor-widget elementor-widget-text-editor\" data-id=\"3c46fde\" data-element_type=\"widget\" data-e-type=\"widget\" data-widget_type=\"text-editor.default\">\n\t\t\t\t\t\t\t\t\t<p><strong><a href=\"https:\/\/rapido.com.pl\/en\/fleet\/\">Fleet<\/a><\/strong> \u2013 modern tour buses, luxury minibuses, and elegant midibuses. We ensure a safe journey in luxurious surroundings. We offer a wide range of coaches, minibuses, and microbuses with various equipment options\u2014including 4&#215;4 models that ensure a safe and comfortable journey in winter conditions.<\/p>\t\t\t\t\t\t\t\t<\/div>\n\t\t\t\t<div class=\"elementor-element elementor-element-e70270e elementor-mobile-align-center elementor-widget elementor-widget-button\" data-id=\"e70270e\" data-element_type=\"widget\" data-e-type=\"widget\" data-widget_type=\"button.default\">\n\t\t\t\t\t\t\t\t\t\t<a class=\"elementor-button elementor-button-link elementor-size-sm\" href=\"https:\/\/rapido.com.pl\/en\/fleet\/\">\n\t\t\t\t\t\t<span class=\"elementor-button-content-wrapper\">\n\t\t\t\t\t\t\t\t\t<span class=\"elementor-button-text\">Read more<\/span>\n\t\t\t\t\t<\/span>\n\t\t\t\t\t<\/a>\n\t\t\t\t\t\t\t\t<\/div>\n\t\t\t\t<\/div>\n\t\t<div class=\"elementor-element elementor-element-e5c4c57 e-con-full e-flex e-con e-child\" data-id=\"e5c4c57\" data-element_type=\"container\" data-e-type=\"container\" data-settings=\"{&quot;background_background&quot;:&quot;classic&quot;}\">\n\t\t\t\t<div class=\"elementor-element elementor-element-d08aafc elementor-widget elementor-widget-image\" data-id=\"d08aafc\" data-element_type=\"widget\" data-e-type=\"widget\" data-widget_type=\"image.default\">\n\t\t\t\t\t\t\t\t\t\t\t\t\t\t\t<img loading=\"lazy\" decoding=\"async\" width=\"700\" height=\"467\" src=\"https:\/\/rapido.com.pl\/wp-content\/uploads\/2026\/03\/flota_autokarow.jpg\" class=\"attachment-large size-large wp-image-1010\" alt=\"\" srcset=\"https:\/\/rapido.com.pl\/wp-content\/uploads\/2026\/03\/flota_autokarow.jpg 700w, https:\/\/rapido.com.pl\/wp-content\/uploads\/2026\/03\/flota_autokarow-500x334.jpg 500w, https:\/\/rapido.com.pl\/wp-content\/uploads\/2026\/03\/flota_autokarow-600x400.jpg 600w, https:\/\/rapido.com.pl\/wp-content\/uploads\/2026\/03\/flota_autokarow-300x200.jpg 300w\" sizes=\"(max-width: 700px) 100vw, 700px\" \/>\t\t\t\t\t\t\t\t\t\t\t\t\t\t\t<\/div>\n\t\t\t\t<\/div>\n\t\t\t\t\t<\/div>\n\t\t\t\t<\/div>\n\t\t<div class=\"elementor-element elementor-element-7e385bf e-flex e-con-boxed e-con e-parent\" data-id=\"7e385bf\" data-element_type=\"container\" data-e-type=\"container\" data-settings=\"{&quot;background_background&quot;:&quot;classic&quot;}\">\n\t\t\t\t\t<div class=\"e-con-inner\">\n\t\t<div class=\"elementor-element elementor-element-c6fbd51 e-con-full e-flex e-con e-child\" data-id=\"c6fbd51\" data-element_type=\"container\" data-e-type=\"container\" data-settings=\"{&quot;background_background&quot;:&quot;classic&quot;}\">\n\t\t\t\t<div class=\"elementor-element elementor-element-f639a1a elementor-widget elementor-widget-image\" data-id=\"f639a1a\" data-element_type=\"widget\" data-e-type=\"widget\" data-widget_type=\"image.default\">\n\t\t\t\t\t\t\t\t\t\t\t\t\t\t\t<img loading=\"lazy\" decoding=\"async\" width=\"640\" height=\"360\" src=\"https:\/\/rapido.com.pl\/wp-content\/uploads\/2026\/03\/wyjazdy-narciarskie.jpg\" class=\"attachment-large size-large wp-image-1011\" alt=\"\" srcset=\"https:\/\/rapido.com.pl\/wp-content\/uploads\/2026\/03\/wyjazdy-narciarskie.jpg 640w, https:\/\/rapido.com.pl\/wp-content\/uploads\/2026\/03\/wyjazdy-narciarskie-500x281.jpg 500w, https:\/\/rapido.com.pl\/wp-content\/uploads\/2026\/03\/wyjazdy-narciarskie-600x338.jpg 600w, https:\/\/rapido.com.pl\/wp-content\/uploads\/2026\/03\/wyjazdy-narciarskie-300x169.jpg 300w\" sizes=\"(max-width: 640px) 100vw, 640px\" \/>\t\t\t\t\t\t\t\t\t\t\t\t\t\t\t<\/div>\n\t\t\t\t<\/div>\n\t\t<div class=\"elementor-element elementor-element-eec3aa8 e-con-full e-flex e-con e-child\" data-id=\"eec3aa8\" data-element_type=\"container\" data-e-type=\"container\">\n\t\t\t\t<div class=\"elementor-element elementor-element-6a8682d elementor-widget elementor-widget-text-editor\" data-id=\"6a8682d\" data-element_type=\"widget\" data-e-type=\"widget\" data-widget_type=\"text-editor.default\">\n\t\t\t\t\t\t\t\t\t<p><strong>Winter events and lessons<\/strong> \u2013 ski &amp; snow \u2013 ski and snowboard lessons \u2013 private lessons, group lessons, corporate events, snow-based activities, ski competitions, winter Olympics, expeditions. Winter in the mountains offers the perfect opportunity to organize an unforgettable event against the backdrop of stunning mountain scenery. Comprehensive group services\u2014events, transportation, activities, catering, and insurance<\/p>\t\t\t\t\t\t\t\t<\/div>\n\t\t\t\t<div class=\"elementor-element elementor-element-1354c6a elementor-mobile-align-center elementor-widget elementor-widget-button\" data-id=\"1354c6a\" data-element_type=\"widget\" data-e-type=\"widget\" data-widget_type=\"button.default\">\n\t\t\t\t\t\t\t\t\t\t<a class=\"elementor-button elementor-button-link elementor-size-sm\" href=\"https:\/\/rapido.com.pl\/en\/contact\/\">\n\t\t\t\t\t\t<span class=\"elementor-button-content-wrapper\">\n\t\t\t\t\t\t\t\t\t<span class=\"elementor-button-text\">Contact<\/span>\n\t\t\t\t\t<\/span>\n\t\t\t\t\t<\/a>\n\t\t\t\t\t\t\t\t<\/div>\n\t\t\t\t<\/div>\n\t\t\t\t\t<\/div>\n\t\t\t\t<\/div>\n\t\t<div class=\"elementor-element elementor-element-f8a1e3d e-flex e-con-boxed e-con e-parent\" data-id=\"f8a1e3d\" data-element_type=\"container\" data-e-type=\"container\" data-settings=\"{&quot;background_background&quot;:&quot;classic&quot;}\">\n\t\t\t\t\t<div class=\"e-con-inner\">\n\t\t<div class=\"elementor-element elementor-element-9a1daf8 e-con-full e-flex e-con e-child\" data-id=\"9a1daf8\" data-element_type=\"container\" data-e-type=\"container\">\n\t\t\t\t<div class=\"elementor-element elementor-element-851635b elementor-widget elementor-widget-text-editor\" data-id=\"851635b\" data-element_type=\"widget\" data-e-type=\"widget\" data-widget_type=\"text-editor.default\">\n\t\t\t\t\t\t\t\t\t<p><strong>Trek<\/strong>\u2014hiking, ski touring, and snowshoeing. Discover the beauty of the mountains and the thrill of a nighttime adventure. Under the supervision of qualified mountain guides and GOPR rescue workers, we invite you to join us on an expedition\u2014depending on the group\u2019s capabilities, we offer expeditions of varying difficulty levels and equipment requirements.<\/p>\t\t\t\t\t\t\t\t<\/div>\n\t\t\t\t<div class=\"elementor-element elementor-element-07e411b elementor-mobile-align-center elementor-widget elementor-widget-button\" data-id=\"07e411b\" data-element_type=\"widget\" data-e-type=\"widget\" data-widget_type=\"button.default\">\n\t\t\t\t\t\t\t\t\t\t<a class=\"elementor-button elementor-button-link elementor-size-sm\" href=\"https:\/\/rapido.com.pl\/en\/contact\/\">\n\t\t\t\t\t\t<span class=\"elementor-button-content-wrapper\">\n\t\t\t\t\t\t\t\t\t<span class=\"elementor-button-text\">Contact<\/span>\n\t\t\t\t\t<\/span>\n\t\t\t\t\t<\/a>\n\t\t\t\t\t\t\t\t<\/div>\n\t\t\t\t<\/div>\n\t\t<div class=\"elementor-element elementor-element-16a75e9 e-con-full e-flex e-con e-child\" data-id=\"16a75e9\" data-element_type=\"container\" data-e-type=\"container\" data-settings=\"{&quot;background_background&quot;:&quot;classic&quot;}\">\n\t\t\t\t<div class=\"elementor-element elementor-element-9236bd0 elementor-widget elementor-widget-image\" data-id=\"9236bd0\" data-element_type=\"widget\" data-e-type=\"widget\" data-widget_type=\"image.default\">\n\t\t\t\t\t\t\t\t\t\t\t\t\t\t\t<img loading=\"lazy\" decoding=\"async\" width=\"800\" height=\"531\" src=\"https:\/\/rapido.com.pl\/wp-content\/uploads\/2026\/03\/kosowka.jpg\" class=\"attachment-full size-full wp-image-1012\" alt=\"\" srcset=\"https:\/\/rapido.com.pl\/wp-content\/uploads\/2026\/03\/kosowka.jpg 800w, https:\/\/rapido.com.pl\/wp-content\/uploads\/2026\/03\/kosowka-500x332.jpg 500w, https:\/\/rapido.com.pl\/wp-content\/uploads\/2026\/03\/kosowka-600x398.jpg 600w, https:\/\/rapido.com.pl\/wp-content\/uploads\/2026\/03\/kosowka-300x199.jpg 300w, https:\/\/rapido.com.pl\/wp-content\/uploads\/2026\/03\/kosowka-768x510.jpg 768w\" sizes=\"(max-width: 800px) 100vw, 800px\" \/>\t\t\t\t\t\t\t\t\t\t\t\t\t\t\t<\/div>\n\t\t\t\t<\/div>\n\t\t\t\t\t<\/div>\n\t\t\t\t<\/div>\n\t\t<div class=\"elementor-element elementor-element-e72761c e-flex e-con-boxed e-con e-parent\" data-id=\"e72761c\" data-element_type=\"container\" data-e-type=\"container\" data-settings=\"{&quot;background_background&quot;:&quot;classic&quot;}\">\n\t\t\t\t\t<div class=\"e-con-inner\">\n\t\t<div class=\"elementor-element elementor-element-117429e e-con-full e-flex e-con e-child\" data-id=\"117429e\" data-element_type=\"container\" data-e-type=\"container\" data-settings=\"{&quot;background_background&quot;:&quot;classic&quot;}\">\n\t\t\t\t<div class=\"elementor-element elementor-element-1818d25 elementor-widget elementor-widget-image\" data-id=\"1818d25\" data-element_type=\"widget\" data-e-type=\"widget\" data-widget_type=\"image.default\">\n\t\t\t\t\t\t\t\t\t\t\t\t\t\t\t<img loading=\"lazy\" decoding=\"async\" width=\"800\" height=\"536\" src=\"https:\/\/rapido.com.pl\/wp-content\/uploads\/2026\/03\/ico_profesjonalisci-copy.jpg\" class=\"attachment-large size-large wp-image-1013\" alt=\"\" srcset=\"https:\/\/rapido.com.pl\/wp-content\/uploads\/2026\/03\/ico_profesjonalisci-copy.jpg 800w, https:\/\/rapido.com.pl\/wp-content\/uploads\/2026\/03\/ico_profesjonalisci-copy-500x335.jpg 500w, https:\/\/rapido.com.pl\/wp-content\/uploads\/2026\/03\/ico_profesjonalisci-copy-600x402.jpg 600w, https:\/\/rapido.com.pl\/wp-content\/uploads\/2026\/03\/ico_profesjonalisci-copy-300x201.jpg 300w, https:\/\/rapido.com.pl\/wp-content\/uploads\/2026\/03\/ico_profesjonalisci-copy-768x515.jpg 768w\" sizes=\"(max-width: 800px) 100vw, 800px\" \/>\t\t\t\t\t\t\t\t\t\t\t\t\t\t\t<\/div>\n\t\t\t\t<\/div>\n\t\t<div class=\"elementor-element elementor-element-dbc86eb e-con-full e-flex e-con e-child\" data-id=\"dbc86eb\" data-element_type=\"container\" data-e-type=\"container\">\n\t\t\t\t<div class=\"elementor-element elementor-element-a4bc454 elementor-widget elementor-widget-text-editor\" data-id=\"a4bc454\" data-element_type=\"widget\" data-e-type=\"widget\" data-widget_type=\"text-editor.default\">\n\t\t\t\t\t\t\t\t\t<p><strong>Trust Our Professionals<\/strong>\u2014guides, tour leaders, ski instructors, paramedics, GOPR mountain rescuers, off-road instructors, and snowboard instructors\u2014everything goes according to plan: safely, professionally, and in line with the customer\u2019s expectations.<\/p>\t\t\t\t\t\t\t\t<\/div>\n\t\t\t\t<div class=\"elementor-element elementor-element-99b8c06 elementor-mobile-align-center elementor-widget elementor-widget-button\" data-id=\"99b8c06\" data-element_type=\"widget\" data-e-type=\"widget\" data-widget_type=\"button.default\">\n\t\t\t\t\t\t\t\t\t\t<a class=\"elementor-button elementor-button-link elementor-size-sm\" href=\"https:\/\/rapido.com.pl\/en\/contact\/\">\n\t\t\t\t\t\t<span class=\"elementor-button-content-wrapper\">\n\t\t\t\t\t\t\t\t\t<span class=\"elementor-button-text\">Contact<\/span>\n\t\t\t\t\t<\/span>\n\t\t\t\t\t<\/a>\n\t\t\t\t\t\t\t\t<\/div>\n\t\t\t\t<\/div>\n\t\t\t\t\t<\/div>\n\t\t\t\t<\/div>\n\t\t<div class=\"elementor-element elementor-element-afb420e e-flex e-con-boxed e-con e-parent\" data-id=\"afb420e\" data-element_type=\"container\" data-e-type=\"container\" data-settings=\"{&quot;background_background&quot;:&quot;classic&quot;}\">\n\t\t\t\t\t<div class=\"e-con-inner\">\n\t\t<div class=\"elementor-element elementor-element-be036fe e-con-full e-flex e-con e-child\" data-id=\"be036fe\" data-element_type=\"container\" data-e-type=\"container\">\n\t\t\t\t<div class=\"elementor-element elementor-element-cbe87d7 elementor-widget elementor-widget-text-editor\" data-id=\"cbe87d7\" data-element_type=\"widget\" data-e-type=\"widget\" data-widget_type=\"text-editor.default\">\n\t\t\t\t\t\t\t\t\t<p><a href=\"https:\/\/rapido.com.pl\/en\/sleigh-rides\/\" data-wplink-edit=\"true\"><strong>Summer and winter sleigh rides, feasts, highlander festivals, highlander raids, highlander band<\/strong>:<\/a><br>Sleigh rides in Wis\u0142a and Szczyrk\u2014through the Bia\u0142a Wise\u0142ka Valley, the Kubalonka Pass, and Stec\u00f3wka. Sleigh ride, additional attractions: highlander feast, excellent catering, highlander band, bandit raid. Organizing a sleigh ride from start to finish\u2014transportation, sleigh ride, catering, attractions\u2014offer description, details, additional options&#8230;<\/p>\t\t\t\t\t\t\t\t<\/div>\n\t\t\t\t<div class=\"elementor-element elementor-element-c18468b elementor-mobile-align-center elementor-widget elementor-widget-button\" data-id=\"c18468b\" data-element_type=\"widget\" data-e-type=\"widget\" data-widget_type=\"button.default\">\n\t\t\t\t\t\t\t\t\t\t<a class=\"elementor-button elementor-button-link elementor-size-sm\" href=\"https:\/\/rapido.com.pl\/en\/sleigh-rides\/\">\n\t\t\t\t\t\t<span class=\"elementor-button-content-wrapper\">\n\t\t\t\t\t\t\t\t\t<span class=\"elementor-button-text\">Read more<\/span>\n\t\t\t\t\t<\/span>\n\t\t\t\t\t<\/a>\n\t\t\t\t\t\t\t\t<\/div>\n\t\t\t\t<\/div>\n\t\t<div class=\"elementor-element elementor-element-927d5af e-con-full e-flex e-con e-child\" data-id=\"927d5af\" data-element_type=\"container\" data-e-type=\"container\" data-settings=\"{&quot;background_background&quot;:&quot;classic&quot;}\">\n\t\t\t\t<div class=\"elementor-element elementor-element-04c4992 elementor-widget elementor-widget-image\" data-id=\"04c4992\" data-element_type=\"widget\" data-e-type=\"widget\" data-widget_type=\"image.default\">\n\t\t\t\t\t\t\t\t\t\t\t\t\t\t\t<img loading=\"lazy\" decoding=\"async\" width=\"450\" height=\"358\" src=\"https:\/\/rapido.com.pl\/wp-content\/uploads\/2026\/03\/kulig_wisla_1.jpg\" class=\"attachment-full size-full wp-image-1014\" alt=\"\" srcset=\"https:\/\/rapido.com.pl\/wp-content\/uploads\/2026\/03\/kulig_wisla_1.jpg 450w, https:\/\/rapido.com.pl\/wp-content\/uploads\/2026\/03\/kulig_wisla_1-300x239.jpg 300w\" sizes=\"(max-width: 450px) 100vw, 450px\" \/>\t\t\t\t\t\t\t\t\t\t\t\t\t\t\t<\/div>\n\t\t\t\t<\/div>\n\t\t\t\t\t<\/div>\n\t\t\t\t<\/div>\n\t\t\t\t<\/div>\n\t\t","protected":false},"excerpt":{"rendered":"<p>Offer RAPIDO Bus &amp; Coach \u2013 passenger transport, bus and coach rentals, a fleet of luxury vehicles.RAPIDO tourism &amp; travel &#8211; tours, exploration, education, recreation. We can accommodate groups ranging from 1 to 1,000 people. Transport Services \u2013 transportation for 1 to 1,000 passengers: with our fleet of luxury vehicles, we offer rentals of coaches, [&hellip;]<\/p>\n","protected":false},"author":1,"featured_media":0,"parent":0,"menu_order":0,"comment_status":"closed","ping_status":"closed","template":"","meta":{"footnotes":""},"class_list":["post-1005","page","type-page","status-publish","hentry"],"_links":{"self":[{"href":"https:\/\/rapido.com.pl\/en\/wp-json\/wp\/v2\/pages\/1005","targetHints":{"allow":["GET"]}}],"collection":[{"href":"https:\/\/rapido.com.pl\/en\/wp-json\/wp\/v2\/pages"}],"about":[{"href":"https:\/\/rapido.com.pl\/en\/wp-json\/wp\/v2\/types\/page"}],"author":[{"embeddable":true,"href":"https:\/\/rapido.com.pl\/en\/wp-json\/wp\/v2\/users\/1"}],"replies":[{"embeddable":true,"href":"https:\/\/rapido.com.pl\/en\/wp-json\/wp\/v2\/comments?post=1005"}],"version-history":[{"count":7,"href":"https:\/\/rapido.com.pl\/en\/wp-json\/wp\/v2\/pages\/1005\/revisions"}],"predecessor-version":[{"id":1254,"href":"https:\/\/rapido.com.pl\/en\/wp-json\/wp\/v2\/pages\/1005\/revisions\/1254"}],"wp:attachment":[{"href":"https:\/\/rapido.com.pl\/en\/wp-json\/wp\/v2\/media?parent=1005"}],"curies":[{"name":"wp","href":"https:\/\/api.w.org\/{rel}","templated":true}]}}