{"id":1032,"date":"2026-03-27T10:08:18","date_gmt":"2026-03-27T09:08:18","guid":{"rendered":"https:\/\/rapido.com.pl\/transportation-of-large-groups\/"},"modified":"2026-04-15T16:10:43","modified_gmt":"2026-04-15T14:10:43","slug":"transportation-of-large-groups","status":"publish","type":"page","link":"https:\/\/rapido.com.pl\/en\/transportation-of-large-groups\/","title":{"rendered":"Transportation of large groups"},"content":{"rendered":"\t\t<div data-elementor-type=\"wp-page\" data-elementor-id=\"1032\" class=\"elementor elementor-1032 elementor-794\" data-elementor-post-type=\"page\">\n\t\t\t\t<div class=\"elementor-element elementor-element-03cd189 e-flex e-con-boxed e-con e-parent\" data-id=\"03cd189\" data-element_type=\"container\" data-e-type=\"container\" data-settings=\"{&quot;background_background&quot;:&quot;classic&quot;}\">\n\t\t\t\t\t<div class=\"e-con-inner\">\n\t\t\t\t<div class=\"elementor-element elementor-element-12890a9 elementor-invisible elementor-widget elementor-widget-heading\" data-id=\"12890a9\" data-element_type=\"widget\" data-e-type=\"widget\" data-settings=\"{&quot;_animation&quot;:&quot;fadeInLeft&quot;}\" data-widget_type=\"heading.default\">\n\t\t\t\t\t<h2 class=\"elementor-heading-title elementor-size-default\">Transportation of large groups<\/h2>\t\t\t\t<\/div>\n\t\t\t\t\t<\/div>\n\t\t\t\t<\/div>\n\t\t<div class=\"elementor-element elementor-element-d5105ec e-flex e-con-boxed e-con e-parent\" data-id=\"d5105ec\" data-element_type=\"container\" data-e-type=\"container\">\n\t\t\t\t\t<div class=\"e-con-inner\">\n\t\t\t\t<div class=\"elementor-element elementor-element-edf468c elementor-widget elementor-widget-text-editor\" data-id=\"edf468c\" data-element_type=\"widget\" data-e-type=\"widget\" data-widget_type=\"text-editor.default\">\n\t\t\t\t\t\t\t\t\t<p>RAPIDO bus &amp; coach provides transportation for conference participants and organizers and arranges transportation for large groups (up to 1,000 people or more).<br><br>We define a large-group transport as a transport involving more than 4 coaches or with more than 100 participants\/passengers. We routinely provide transportation for groups of 100, 200, or 300 people, either all at once or on a shuttle basis. We regularly host conferences with over 1,000 participants organized across a group of venues in Wis\u0142a (with Hotel Go\u0142\u0119biewski serving as the central location and the following hotels acting as satellite venues: Hotel Stok, Hotel Go\u0142\u0119biewski, Hotel Patria, Villa Almira, Hotel Klimczok in Szczyrk, as well as the Belweder Hotels<br>and other venues in Ustro\u0144.<\/p>\t\t\t\t\t\t\t\t<\/div>\n\t\t\t\t\t<\/div>\n\t\t\t\t<\/div>\n\t\t<div class=\"elementor-element elementor-element-f993faf e-flex e-con-boxed e-con e-parent\" data-id=\"f993faf\" data-element_type=\"container\" data-e-type=\"container\" data-settings=\"{&quot;background_background&quot;:&quot;classic&quot;}\">\n\t\t\t\t\t<div class=\"e-con-inner\">\n\t\t<div class=\"elementor-element elementor-element-e8eb0d5 e-con-full e-flex e-con e-child\" data-id=\"e8eb0d5\" data-element_type=\"container\" data-e-type=\"container\" data-settings=\"{&quot;background_background&quot;:&quot;classic&quot;}\">\n\t\t\t\t<div class=\"elementor-element elementor-element-db8afdc elementor-widget elementor-widget-image\" data-id=\"db8afdc\" data-element_type=\"widget\" data-e-type=\"widget\" data-widget_type=\"image.default\">\n\t\t\t\t\t\t\t\t\t\t\t\t\t\t\t<img fetchpriority=\"high\" decoding=\"async\" width=\"600\" height=\"400\" src=\"https:\/\/rapido.com.pl\/wp-content\/uploads\/2026\/03\/tourismo001a.jpg\" class=\"attachment-large size-large wp-image-1186\" alt=\"\" srcset=\"https:\/\/rapido.com.pl\/wp-content\/uploads\/2026\/03\/tourismo001a.jpg 600w, https:\/\/rapido.com.pl\/wp-content\/uploads\/2026\/03\/tourismo001a-500x333.jpg 500w, https:\/\/rapido.com.pl\/wp-content\/uploads\/2026\/03\/tourismo001a-300x200.jpg 300w\" sizes=\"(max-width: 600px) 100vw, 600px\" \/>\t\t\t\t\t\t\t\t\t\t\t\t\t\t\t<\/div>\n\t\t\t\t<\/div>\n\t\t<div class=\"elementor-element elementor-element-c4d398a e-con-full e-flex e-con e-child\" data-id=\"c4d398a\" data-element_type=\"container\" data-e-type=\"container\">\n\t\t\t\t<div class=\"elementor-element elementor-element-3916fe9 elementor-widget elementor-widget-text-editor\" data-id=\"3916fe9\" data-element_type=\"widget\" data-e-type=\"widget\" data-widget_type=\"text-editor.default\">\n\t\t\t\t\t\t\t\t\t<p><strong>2010: RAPIDO bus &amp; coach<\/strong>, in collaboration with P.T. ARNICA, carried out one of <strong>the largest transport contracts<\/strong> of the <strong>2010 season in Poland<\/strong>.<\/p><p>At the request of OVB Alfinanz, we organized transportation for approximately <strong>500 people from 10 cities in Poland<\/strong> to a venue in Germany for the company\u2019s 40th anniversary celebration. The transport was carried out using <strong>15 coaches<\/strong> (including one on standby to ensure the journey could continue in the event of a breakdown of any of the vehicles). Two RAPIDO coordinators oversaw the smooth execution of the event, maintaining constant contact with the organizer.<br>In addition to transportation, additional services were provided, including <strong>catering<\/strong> for participants and a <strong>photo report<\/strong>.<\/p>\t\t\t\t\t\t\t\t<\/div>\n\t\t\t\t<\/div>\n\t\t\t\t\t<\/div>\n\t\t\t\t<\/div>\n\t\t<div class=\"elementor-element elementor-element-879700e e-flex e-con-boxed e-con e-parent\" data-id=\"879700e\" data-element_type=\"container\" data-e-type=\"container\" data-settings=\"{&quot;background_background&quot;:&quot;classic&quot;}\">\n\t\t\t\t\t<div class=\"e-con-inner\">\n\t\t<div class=\"elementor-element elementor-element-5be8be2 e-con-full e-flex e-con e-child\" data-id=\"5be8be2\" data-element_type=\"container\" data-e-type=\"container\">\n\t\t\t\t<div class=\"elementor-element elementor-element-ed6a124 elementor-widget elementor-widget-text-editor\" data-id=\"ed6a124\" data-element_type=\"widget\" data-e-type=\"widget\" data-widget_type=\"text-editor.default\">\n\t\t\t\t\t\t\t\t\t<p>We invite you to partner with us for large-group transportation\u2014with a diverse fleet of vehicles <strong>seating 6 to 83 passengers<\/strong>, our extensive experience, and a growing list of successfully completed assignments, we can assure you that <strong>RAPIDO bus &amp; coach<\/strong> has the resources, expertise, and experience to provide comprehensive logistics solutions for events of any type and size.<\/p>\t\t\t\t\t\t\t\t<\/div>\n\t\t\t\t<div class=\"elementor-element elementor-element-e920d66 elementor-widget elementor-widget-text-editor\" data-id=\"e920d66\" data-element_type=\"widget\" data-e-type=\"widget\" data-widget_type=\"text-editor.default\">\n\t\t\t\t\t\t\t\t\t<p><strong>Testimonial from OVB Allfinanz Polska<\/strong>:<br>(&#8230;) transport of approx. 500 people to Cologne from September 11\u201314, 2010. The company arranged 14 buses for the various groups, which departed from the following cities: Krosno, Krak\u00f3w, Wroc\u0142aw, Tychy, Warsaw, and Katowice. The company also provided catering during the trip to Cologne. Two coordinators oversaw the transportation of passengers and remained in constant contact with OVB and the group leaders on the buses. The transportation of passengers went smoothly and was satisfactory for the participants. RAPIDO bus &amp; coach also produced a photo report on our group\u2019s trip, which it shared with OVB for internal use.<\/p>\t\t\t\t\t\t\t\t<\/div>\n\t\t\t\t<\/div>\n\t\t<div class=\"elementor-element elementor-element-3280733 e-con-full e-flex e-con e-child\" data-id=\"3280733\" data-element_type=\"container\" data-e-type=\"container\" data-settings=\"{&quot;background_background&quot;:&quot;classic&quot;}\">\n\t\t\t\t<div class=\"elementor-element elementor-element-23e124b elementor-widget elementor-widget-image\" data-id=\"23e124b\" data-element_type=\"widget\" data-e-type=\"widget\" data-widget_type=\"image.default\">\n\t\t\t\t\t\t\t\t\t\t\t\t\t\t\t<img decoding=\"async\" width=\"700\" height=\"525\" src=\"https:\/\/rapido.com.pl\/wp-content\/uploads\/2026\/03\/setra001.jpg\" class=\"attachment-large size-large wp-image-1183\" alt=\"\" srcset=\"https:\/\/rapido.com.pl\/wp-content\/uploads\/2026\/03\/setra001.jpg 700w, https:\/\/rapido.com.pl\/wp-content\/uploads\/2026\/03\/setra001-300x225.jpg 300w, https:\/\/rapido.com.pl\/wp-content\/uploads\/2026\/03\/setra001-500x375.jpg 500w, https:\/\/rapido.com.pl\/wp-content\/uploads\/2026\/03\/setra001-600x450.jpg 600w\" sizes=\"(max-width: 700px) 100vw, 700px\" \/>\t\t\t\t\t\t\t\t\t\t\t\t\t\t\t<\/div>\n\t\t\t\t<\/div>\n\t\t\t\t\t<\/div>\n\t\t\t\t<\/div>\n\t\t\t\t<\/div>\n\t\t","protected":false},"excerpt":{"rendered":"<p>Transportation of large groups RAPIDO bus &amp; coach provides transportation for conference participants and organizers and arranges transportation for large groups (up to 1,000 people or more). We define a large-group transport as a transport involving more than 4 coaches or with more than 100 participants\/passengers. We routinely provide transportation for groups of 100, 200, [&hellip;]<\/p>\n","protected":false},"author":1,"featured_media":0,"parent":0,"menu_order":0,"comment_status":"closed","ping_status":"closed","template":"","meta":{"footnotes":""},"class_list":["post-1032","page","type-page","status-publish","hentry"],"_links":{"self":[{"href":"https:\/\/rapido.com.pl\/en\/wp-json\/wp\/v2\/pages\/1032","targetHints":{"allow":["GET"]}}],"collection":[{"href":"https:\/\/rapido.com.pl\/en\/wp-json\/wp\/v2\/pages"}],"about":[{"href":"https:\/\/rapido.com.pl\/en\/wp-json\/wp\/v2\/types\/page"}],"author":[{"embeddable":true,"href":"https:\/\/rapido.com.pl\/en\/wp-json\/wp\/v2\/users\/1"}],"replies":[{"embeddable":true,"href":"https:\/\/rapido.com.pl\/en\/wp-json\/wp\/v2\/comments?post=1032"}],"version-history":[{"count":1,"href":"https:\/\/rapido.com.pl\/en\/wp-json\/wp\/v2\/pages\/1032\/revisions"}],"predecessor-version":[{"id":1033,"href":"https:\/\/rapido.com.pl\/en\/wp-json\/wp\/v2\/pages\/1032\/revisions\/1033"}],"wp:attachment":[{"href":"https:\/\/rapido.com.pl\/en\/wp-json\/wp\/v2\/media?parent=1032"}],"curies":[{"name":"wp","href":"https:\/\/api.w.org\/{rel}","templated":true}]}}