{"id":1040,"date":"2026-03-04T12:54:48","date_gmt":"2026-03-04T11:54:48","guid":{"rendered":"https:\/\/rapido.com.pl\/airport-transfers\/"},"modified":"2026-04-15T17:11:26","modified_gmt":"2026-04-15T15:11:26","slug":"airport-transfers","status":"publish","type":"page","link":"https:\/\/rapido.com.pl\/en\/airport-transfers\/","title":{"rendered":"Airport Transfers"},"content":{"rendered":"\t\t<div data-elementor-type=\"wp-page\" data-elementor-id=\"1040\" class=\"elementor elementor-1040 elementor-305\" data-elementor-post-type=\"page\">\n\t\t\t\t<div class=\"elementor-element elementor-element-0f3a080 e-flex e-con-boxed e-con e-parent\" data-id=\"0f3a080\" data-element_type=\"container\" data-e-type=\"container\" data-settings=\"{&quot;background_background&quot;:&quot;classic&quot;}\">\n\t\t\t\t\t<div class=\"e-con-inner\">\n\t\t\t\t<div class=\"elementor-element elementor-element-dc1b0d8 elementor-invisible elementor-widget elementor-widget-heading\" data-id=\"dc1b0d8\" data-element_type=\"widget\" data-e-type=\"widget\" data-settings=\"{&quot;_animation&quot;:&quot;fadeInLeft&quot;}\" data-widget_type=\"heading.default\">\n\t\t\t\t\t<h2 class=\"elementor-heading-title elementor-size-default\">Airport Transfers<\/h2>\t\t\t\t<\/div>\n\t\t\t\t\t<\/div>\n\t\t\t\t<\/div>\n\t\t<div class=\"elementor-element elementor-element-ee91c4c e-flex e-con-boxed e-con e-parent\" data-id=\"ee91c4c\" data-element_type=\"container\" data-e-type=\"container\">\n\t\t\t\t\t<div class=\"e-con-inner\">\n\t\t\t\t<div class=\"elementor-element elementor-element-15540d1 elementor-widget elementor-widget-text-editor\" data-id=\"15540d1\" data-element_type=\"widget\" data-e-type=\"widget\" data-widget_type=\"text-editor.default\">\n\t\t\t\t\t\t\t\t\t<p><strong>Transportation to train stations and airports<\/strong>\u2014part of the journey between the station or airport and your final destination\u2014elegant cars and drivers, a comfortable and safe ride, modern minibuses and coaches, and competitive prices.<\/p><p>We serve airports and train stations in southern Poland, as well as international transfers:<\/p><p><strong>Transportation to and from airports (coaches, minibuses, vans): airports<\/strong>: Katowice (Pyrzowice KTW), Krak\u00f3w (Balice KRK), Ostrava (Mosnov OSR), Wroc\u0142aw (Starachowice WRO), Warsaw (Ok\u0119cie WAW), Prague (PRG), Bratislava (Ivanka BTS).<\/p><p><span class=\"boldkolor1\"><strong>Railway and bus stations<\/strong>: Bielsko, Cieszyn, Katowice, Krak\u00f3w, Warsaw, Ostrava, Zebrzydowice.<\/span><\/p>\t\t\t\t\t\t\t\t<\/div>\n\t\t\t\t\t<\/div>\n\t\t\t\t<\/div>\n\t\t<div class=\"elementor-element elementor-element-6c24843 e-flex e-con-boxed e-con e-parent\" data-id=\"6c24843\" data-element_type=\"container\" data-e-type=\"container\" data-settings=\"{&quot;background_background&quot;:&quot;classic&quot;}\">\n\t\t\t\t\t<div class=\"e-con-inner\">\n\t\t<div class=\"elementor-element elementor-element-ec72b01 e-con-full e-flex e-con e-child\" data-id=\"ec72b01\" data-element_type=\"container\" data-e-type=\"container\" data-settings=\"{&quot;background_background&quot;:&quot;classic&quot;}\">\n\t\t\t\t<div class=\"elementor-element elementor-element-c128957 elementor-widget elementor-widget-image\" data-id=\"c128957\" data-element_type=\"widget\" data-e-type=\"widget\" data-widget_type=\"image.default\">\n\t\t\t\t\t\t\t\t\t\t\t\t\t\t\t<img fetchpriority=\"high\" decoding=\"async\" width=\"622\" height=\"467\" src=\"https:\/\/rapido.com.pl\/wp-content\/uploads\/2026\/03\/vw_samolot.jpg\" class=\"attachment-large size-large wp-image-1041\" alt=\"\" srcset=\"https:\/\/rapido.com.pl\/wp-content\/uploads\/2026\/03\/vw_samolot.jpg 622w, https:\/\/rapido.com.pl\/wp-content\/uploads\/2026\/03\/vw_samolot-300x225.jpg 300w, https:\/\/rapido.com.pl\/wp-content\/uploads\/2026\/03\/vw_samolot-500x375.jpg 500w, https:\/\/rapido.com.pl\/wp-content\/uploads\/2026\/03\/vw_samolot-600x450.jpg 600w\" sizes=\"(max-width: 622px) 100vw, 622px\" \/>\t\t\t\t\t\t\t\t\t\t\t\t\t\t\t<\/div>\n\t\t\t\t<\/div>\n\t\t<div class=\"elementor-element elementor-element-5ef0b20 e-con-full e-flex e-con e-child\" data-id=\"5ef0b20\" data-element_type=\"container\" data-e-type=\"container\">\n\t\t\t\t<div class=\"elementor-element elementor-element-298d77b elementor-widget elementor-widget-text-editor\" data-id=\"298d77b\" data-element_type=\"widget\" data-e-type=\"widget\" data-widget_type=\"text-editor.default\">\n\t\t\t\t\t\t\t\t\t<p>The table at the bottom of the page lists the airports and their IATA codes.<br>We provide transportation in modern, luxury minibuses and coaches\u2014please visit our bus and coach fleet section.<\/p><ul><li>transportation to train stations and airports in luxury coaches and buses,<\/li><li>stylish, modern vehicles,<\/li><li>transfers for individuals,<\/li><li>group transfers (organization of training sessions, symposia, and conferences),<\/li><li>airport transfers at the best prices,<\/li><\/ul>\t\t\t\t\t\t\t\t<\/div>\n\t\t\t\t<\/div>\n\t\t\t\t\t<\/div>\n\t\t\t\t<\/div>\n\t\t<div class=\"elementor-element elementor-element-0eea2ed e-flex e-con-boxed e-con e-parent\" data-id=\"0eea2ed\" data-element_type=\"container\" data-e-type=\"container\" data-settings=\"{&quot;background_background&quot;:&quot;classic&quot;}\">\n\t\t\t\t\t<div class=\"e-con-inner\">\n\t\t<div class=\"elementor-element elementor-element-00dac79 e-con-full e-flex e-con e-child\" data-id=\"00dac79\" data-element_type=\"container\" data-e-type=\"container\">\n\t\t\t\t<div class=\"elementor-element elementor-element-11c333b elementor-widget elementor-widget-text-editor\" data-id=\"11c333b\" data-element_type=\"widget\" data-e-type=\"widget\" data-widget_type=\"text-editor.default\">\n\t\t\t\t\t\t\t\t\t<p><strong>Airport transfers <\/strong>are an excellent option for those traveling by plane, train, or coach. A luxury minibus or coach will be waiting for you at the train station or airport to take you to your destination. An airport transfer offers: high comfort, a shorter final leg of your journey, and extra time for last-minute preparations before a conference, meeting, or presentation.  <\/p><p><strong>Transportation to and from airports (coaches, minibuses, vans):<\/strong><\/p><ul><li>Krak\u00f3w (KRK),<\/li><li>Katowice (KTW),<\/li><li>Ostrava (OSR),<\/li><li>Brno (BRQ),<\/li><li>Bratys\u0142awa (BTS),<\/li><li>Budapest (BUD)<\/li><li>Wroc\u0142aw (WRO),<\/li><li>Wiede\u0144 (VIE),<\/li><li>Warszawa (WAW),<\/li><li>Praga (PRG),<\/li><li>Pozna\u0144 (POZ).<\/li><li>Rzesz\u00f3w (RZE)<\/li><\/ul>\t\t\t\t\t\t\t\t<\/div>\n\t\t\t\t<\/div>\n\t\t<div class=\"elementor-element elementor-element-b3367ec e-con-full e-flex e-con e-child\" data-id=\"b3367ec\" data-element_type=\"container\" data-e-type=\"container\" data-settings=\"{&quot;background_background&quot;:&quot;classic&quot;}\">\n\t\t\t\t<div class=\"elementor-element elementor-element-257422f elementor-widget elementor-widget-image\" data-id=\"257422f\" data-element_type=\"widget\" data-e-type=\"widget\" data-widget_type=\"image.default\">\n\t\t\t\t\t\t\t\t\t\t\t\t\t\t\t<img decoding=\"async\" width=\"600\" height=\"400\" src=\"https:\/\/rapido.com.pl\/wp-content\/uploads\/2026\/03\/tourismo001a.jpg\" class=\"attachment-large size-large wp-image-1186\" alt=\"\" srcset=\"https:\/\/rapido.com.pl\/wp-content\/uploads\/2026\/03\/tourismo001a.jpg 600w, https:\/\/rapido.com.pl\/wp-content\/uploads\/2026\/03\/tourismo001a-500x333.jpg 500w, https:\/\/rapido.com.pl\/wp-content\/uploads\/2026\/03\/tourismo001a-300x200.jpg 300w\" sizes=\"(max-width: 600px) 100vw, 600px\" \/>\t\t\t\t\t\t\t\t\t\t\t\t\t\t\t<\/div>\n\t\t\t\t<\/div>\n\t\t\t\t\t<\/div>\n\t\t\t\t<\/div>\n\t\t<div class=\"elementor-element elementor-element-ce4253d e-flex e-con-boxed e-con e-parent\" data-id=\"ce4253d\" data-element_type=\"container\" data-e-type=\"container\" data-settings=\"{&quot;background_background&quot;:&quot;classic&quot;}\">\n\t\t\t\t\t<div class=\"e-con-inner\">\n\t\t<div class=\"elementor-element elementor-element-4fbe309 e-con-full e-flex e-con e-child\" data-id=\"4fbe309\" data-element_type=\"container\" data-e-type=\"container\" data-settings=\"{&quot;background_background&quot;:&quot;classic&quot;}\">\n\t\t\t\t<div class=\"elementor-element elementor-element-ba58aa8 elementor-widget elementor-widget-image\" data-id=\"ba58aa8\" data-element_type=\"widget\" data-e-type=\"widget\" data-widget_type=\"image.default\">\n\t\t\t\t\t\t\t\t\t\t\t\t\t\t\t<img decoding=\"async\" width=\"800\" height=\"600\" src=\"https:\/\/rapido.com.pl\/wp-content\/uploads\/2026\/03\/373b507ddc35c90de7f75b8613fcc349.Mercedes-Benz_Sprinter_81_VIP_004.webp\" class=\"attachment-large size-large wp-image-1149\" alt=\"\" srcset=\"https:\/\/rapido.com.pl\/wp-content\/uploads\/2026\/03\/373b507ddc35c90de7f75b8613fcc349.Mercedes-Benz_Sprinter_81_VIP_004.webp 1024w, https:\/\/rapido.com.pl\/wp-content\/uploads\/2026\/03\/373b507ddc35c90de7f75b8613fcc349.Mercedes-Benz_Sprinter_81_VIP_004-300x225.webp 300w, https:\/\/rapido.com.pl\/wp-content\/uploads\/2026\/03\/373b507ddc35c90de7f75b8613fcc349.Mercedes-Benz_Sprinter_81_VIP_004-768x576.webp 768w, https:\/\/rapido.com.pl\/wp-content\/uploads\/2026\/03\/373b507ddc35c90de7f75b8613fcc349.Mercedes-Benz_Sprinter_81_VIP_004-500x375.webp 500w, https:\/\/rapido.com.pl\/wp-content\/uploads\/2026\/03\/373b507ddc35c90de7f75b8613fcc349.Mercedes-Benz_Sprinter_81_VIP_004-600x450.webp 600w\" sizes=\"(max-width: 800px) 100vw, 800px\" \/>\t\t\t\t\t\t\t\t\t\t\t\t\t\t\t<\/div>\n\t\t\t\t<\/div>\n\t\t<div class=\"elementor-element elementor-element-2a37277 e-con-full e-flex e-con e-child\" data-id=\"2a37277\" data-element_type=\"container\" data-e-type=\"container\">\n\t\t\t\t<div class=\"elementor-element elementor-element-c2e5654 elementor-widget elementor-widget-text-editor\" data-id=\"c2e5654\" data-element_type=\"widget\" data-e-type=\"widget\" data-widget_type=\"text-editor.default\">\n\t\t\t\t\t\t\t\t\t<p>The vehicles used for airport transfers are spacious and comfortable, and are equipped with 220V power outlets for connecting multimedia devices such as laptops, tablets, and cell phones.<\/p><p>Book your airport transfer now. Booking in advance guarantees a better price and the highest standard of service. <\/p><p>Airport transfers for guests, businesses, and individual customers.<\/p><p><strong>Request a transfer\u2014use the inquiry form or send an email to: info@rapido.com.pl<\/strong><\/p>\t\t\t\t\t\t\t\t<\/div>\n\t\t\t\t<\/div>\n\t\t\t\t\t<\/div>\n\t\t\t\t<\/div>\n\t\t<div class=\"elementor-element elementor-element-8dcabfe e-flex e-con-boxed e-con e-parent\" data-id=\"8dcabfe\" data-element_type=\"container\" data-e-type=\"container\">\n\t\t\t\t\t<div class=\"e-con-inner\">\n\t\t\t\t<div class=\"elementor-element elementor-element-23cfb5b elementor-widget elementor-widget-text-editor\" data-id=\"23cfb5b\" data-element_type=\"widget\" data-e-type=\"widget\" data-widget_type=\"text-editor.default\">\n\t\t\t\t\t\t\t\t\t<table style=\"width:100%; border-collapse:collapse; table-layout:fixed;\">\n  <thead>\n    <tr>\n      <th style=\"width:25%; border:1px solid #000; padding:4px;\">City<\/th>\n<th style=\"width:25%; border:1px solid #000; padding:4px;\">Airport<\/th>\n<th style=\"width:25%; border:1px solid #000; padding:4px;\">IATA code<\/th>\n<th style=\"width:25%; border:1px solid #000; padding:4px;\">Airport website<\/th>\n    <\/tr>\n  <\/thead>\n  <tbody>\n    <tr>\n      <td style=\"border:1px solid #000; padding:4px;\">Ostrava<\/td>\n<td style=\"border:1px solid #000; padding:4px;\">Mo\u0161nov (Leo\u0161 Jan\u00e1\u010dek Airport Ostrava)<\/td>\n<td style=\"border:1px solid #000; padding:4px;\">OSR<\/td>\n<td style=\"border:1px solid #000; padding:4px;\">\n<a href=\"https:\/\/airport-ostrava.cz\/en\">airport-ostrava.cz\/en<\/a>\n<\/td> \n    <\/tr>\n    <tr>\n      <td style=\"border:1px solid #000; padding:4px;\">Katowice<\/td>\n<td style=\"border:1px solid #000; padding:4px;\">Pyrzowice (Katowice Airport)<\/td>\n<td style=\"border:1px solid #000; padding:4px;\">KTW<\/td>\n<td style=\"border:1px solid #000; padding:4px;\">\n<a href=\"https:\/\/www.katowice-airport.com\">katowice-airport.com<\/a>\n<\/td> \n    <\/tr>\n    <tr>\n      <td style=\"border:1px solid #000; padding:4px;\">Krak\u00f3w<\/td>\n<td style=\"border:1px solid #000; padding:4px;\">Balice (Krak\u00f3w Airport)<\/td>\n<td style=\"border:1px solid #000; padding:4px;\">KRK<\/td>\n<td style=\"border:1px solid #000; padding:4px;\">\n<a href=\"https:\/\/krakowairport.pl\/en\">krakowairport.pl\/en<\/a>\n<\/td> \n    <\/tr>\n    <tr>\n      <td style=\"border:1px solid #000; padding:4px;\">Brno<\/td>\n<td style=\"border:1px solid #000; padding:4px;\">Turany (Brno\u2013Tu\u0159any Airport)<\/td>\n<td style=\"border:1px solid #000; padding:4px;\">BRQ<\/td>\n<td style=\"border:1px solid #000; padding:4px;\">\n<a href=\"https:\/\/www.brno-airport.cz\/en\">brno-airport.cz\/en<\/a>\n<\/td> \n    <\/tr>\n    <tr>\n      <td style=\"border:1px solid #000; padding:4px;\">Bratys\u0142awa<\/td>\n<td style=\"border:1px solid #000; padding:4px;\">Ivanka (Bratislava Airport)<\/td>\n<td style=\"border:1px solid #000; padding:4px;\">BTS<\/td>\n<td style=\"border:1px solid #000; padding:4px;\">\n<a href=\"https:\/\/www.bts.aero\">bts.aero<\/a>\n<\/td> \n    <\/tr>\n    <tr>\n      <td style=\"border:1px solid #000; padding:4px;\">Wroc\u0142aw<\/td>\n<td style=\"border:1px solid #000; padding:4px;\">Strachowice (Copernicus Airport Wroc\u0142aw)<\/td>\n<td style=\"border:1px solid #000; padding:4px;\">WRO<\/td>\n<td style=\"border:1px solid #000; padding:4px;\">\n<a href=\"https:\/\/airport.wroclaw.pl\">airport.wroclaw.pl<\/a>\n<\/td> \n    <\/tr>\n    <tr>\n      <td style=\"border:1px solid #000; padding:4px;\">Wiede\u0144<\/td>\n<td style=\"border:1px solid #000; padding:4px;\">Schwechat (Vienna International Airport)<\/td>\n<td style=\"border:1px solid #000; padding:4px;\">VIE<\/td>\n<td style=\"border:1px solid #000; padding:4px;\">\n<a href=\"https:\/\/www.viennaairport.com\">viennaairport.com<\/a>\n<\/td> \n    <\/tr>\n    <tr>\n      <td style=\"border:1px solid #000; padding:4px;\">Warszawa<\/td>\n<td style=\"border:1px solid #000; padding:4px;\">Ok\u0119cie (Lotnisko Chopina)<\/td>\n<td style=\"border:1px solid #000; padding:4px;\">WAW<\/td>\n<td style=\"border:1px solid #000; padding:4px;\">\n<a href=\"https:\/\/www.lotnisko-chopina.pl\">lotnisko-chopina.pl<\/a>\n<\/td> \n    <\/tr>\n    <tr>\n      <td style=\"border:1px solid #000; padding:4px;\">Praga<\/td>\n<td style=\"border:1px solid #000; padding:4px;\">Ruzyn\u011b (V\u00e1clav Havel Airport Prague)<\/td>\n<td style=\"border:1px solid #000; padding:4px;\">PRG<\/td>\n<td style=\"border:1px solid #000; padding:4px;\">\n<a href=\"https:\/\/www.prg.aero\/en\">prg.aero\/en<\/a>\n<\/td> \n    <\/tr>\n    <tr>\n      <td style=\"border:1px solid #000; padding:4px;\">Pozna\u0144<\/td>\n<td style=\"border:1px solid #000; padding:4px;\">\u0141awica (Pozna\u0144\u2013\u0141awica Airport)<\/td>\n<td style=\"border:1px solid #000; padding:4px;\">POZ<\/td>\n<td style=\"border:1px solid #000; padding:4px;\">\n<a href=\"https:\/\/poznanairport.pl\/en\">poznanairport.pl\/en<\/a>\n<\/td> \n    <\/tr>\n  <\/tbody>\n<\/table>\t\t\t\t\t\t\t\t<\/div>\n\t\t\t\t<div class=\"elementor-element elementor-element-4480407 elementor-widget elementor-widget-text-editor\" data-id=\"4480407\" data-element_type=\"widget\" data-e-type=\"widget\" data-widget_type=\"text-editor.default\">\n\t\t\t\t\t\t\t\t\t<p>Zamawiaj\u0105c us\u0142ug\u0119 transferu dobrze jest poda\u0107 numer lotu, miasto w celu identyfikacji oraz weryfikacji punktualno\u015bci przylotu, numer kontaktowy do pasa\u017cer\u00f3w podr\u00f3\u017cuj\u0105cych samolotem.<br>Dla klient\u00f3w biznesowych cz\u0119sto przydatny jest logotyp zwi\u0105zany z firm\u0105 lub organizowanym eventem.<\/p>\t\t\t\t\t\t\t\t<\/div>\n\t\t\t\t\t<\/div>\n\t\t\t\t<\/div>\n\t\t\t\t<\/div>\n\t\t","protected":false},"excerpt":{"rendered":"<p>Airport Transfers Transportation to train stations and airports\u2014part of the journey between the station or airport and your final destination\u2014elegant cars and drivers, a comfortable and safe ride, modern minibuses and coaches, and competitive prices. We serve airports and train stations in southern Poland, as well as international transfers: Transportation to and from airports (coaches, [&hellip;]<\/p>\n","protected":false},"author":1,"featured_media":0,"parent":0,"menu_order":0,"comment_status":"closed","ping_status":"closed","template":"","meta":{"footnotes":""},"class_list":["post-1040","page","type-page","status-publish","hentry"],"_links":{"self":[{"href":"https:\/\/rapido.com.pl\/en\/wp-json\/wp\/v2\/pages\/1040","targetHints":{"allow":["GET"]}}],"collection":[{"href":"https:\/\/rapido.com.pl\/en\/wp-json\/wp\/v2\/pages"}],"about":[{"href":"https:\/\/rapido.com.pl\/en\/wp-json\/wp\/v2\/types\/page"}],"author":[{"embeddable":true,"href":"https:\/\/rapido.com.pl\/en\/wp-json\/wp\/v2\/users\/1"}],"replies":[{"embeddable":true,"href":"https:\/\/rapido.com.pl\/en\/wp-json\/wp\/v2\/comments?post=1040"}],"version-history":[{"count":1,"href":"https:\/\/rapido.com.pl\/en\/wp-json\/wp\/v2\/pages\/1040\/revisions"}],"predecessor-version":[{"id":1042,"href":"https:\/\/rapido.com.pl\/en\/wp-json\/wp\/v2\/pages\/1040\/revisions\/1042"}],"wp:attachment":[{"href":"https:\/\/rapido.com.pl\/en\/wp-json\/wp\/v2\/media?parent=1040"}],"curies":[{"name":"wp","href":"https:\/\/api.w.org\/{rel}","templated":true}]}}