{"id":1043,"date":"2026-03-04T12:05:33","date_gmt":"2026-03-04T11:05:33","guid":{"rendered":"https:\/\/rapido.com.pl\/transport\/"},"modified":"2026-04-16T12:56:52","modified_gmt":"2026-04-16T10:56:52","slug":"transport","status":"publish","type":"page","link":"https:\/\/rapido.com.pl\/en\/transport\/","title":{"rendered":"Transport"},"content":{"rendered":"\t\t<div data-elementor-type=\"wp-page\" data-elementor-id=\"1043\" class=\"elementor elementor-1043 elementor-229\" data-elementor-post-type=\"page\">\n\t\t\t\t<div class=\"elementor-element elementor-element-67a7158 e-flex e-con-boxed e-con e-parent\" data-id=\"67a7158\" data-element_type=\"container\" data-e-type=\"container\" data-settings=\"{&quot;background_background&quot;:&quot;classic&quot;}\">\n\t\t\t\t\t<div class=\"e-con-inner\">\n\t\t\t\t<div class=\"elementor-element elementor-element-5051d2f elementor-invisible elementor-widget elementor-widget-heading\" data-id=\"5051d2f\" data-element_type=\"widget\" data-e-type=\"widget\" data-settings=\"{&quot;_animation&quot;:&quot;fadeInLeft&quot;}\" data-widget_type=\"heading.default\">\n\t\t\t\t\t<h2 class=\"elementor-heading-title elementor-size-default\">Transport<\/h2>\t\t\t\t<\/div>\n\t\t\t\t\t<\/div>\n\t\t\t\t<\/div>\n\t\t<div class=\"elementor-element elementor-element-f208d1a e-flex e-con-boxed e-con e-parent\" data-id=\"f208d1a\" data-element_type=\"container\" data-e-type=\"container\">\n\t\t\t\t\t<div class=\"e-con-inner\">\n\t\t\t\t<div class=\"elementor-element elementor-element-4e7a0ee elementor-widget elementor-widget-text-editor\" data-id=\"4e7a0ee\" data-element_type=\"widget\" data-e-type=\"widget\" data-widget_type=\"text-editor.default\">\n\t\t\t\t\t\t\t\t\t<p><strong>RAPIDO Bus &amp; Coach<\/strong> \u2013 providing safe and comfortable travel for over 10 years.<\/p><p>With our extensive fleet of modern, eco-friendly coaches and minibuses, <strong>we offer comprehensive passenger transport solutions<\/strong> for the tourism industry, groups, businesses, and individual customers.<\/p><p>Rental of minibuses and coaches; services for tourism, conferences, events, and corporate trips; as well as transportation to sporting events and special occasions. The vehicles we offer are equipped with air conditioning, audio and video systems, a restroom, a minibar, and three-point seat belts. Our ultra-comfortable Executive vehicles offer the highest quality of service.<\/p><p><strong>Bus rentals<\/strong> and bus transportation\u2014we offer a fleet of over a dozen buses in various models and with different equipment options. Luxury <strong>Top Class<\/strong> coaches (Mercedes, Peugeot, Volkswagen), Comfort Class coaches, and <strong>Multi Class<\/strong> coaches. Please take a look at the photos and descriptions of our vehicles\u2014our bus fleet.<\/p>\t\t\t\t\t\t\t\t<\/div>\n\t\t\t\t\t<\/div>\n\t\t\t\t<\/div>\n\t\t<div class=\"elementor-element elementor-element-3d14776 e-flex e-con-boxed e-con e-parent\" data-id=\"3d14776\" data-element_type=\"container\" data-e-type=\"container\" data-settings=\"{&quot;background_background&quot;:&quot;classic&quot;}\">\n\t\t\t\t\t<div class=\"e-con-inner\">\n\t\t<div class=\"elementor-element elementor-element-94511ff e-con-full e-flex e-con e-child\" data-id=\"94511ff\" data-element_type=\"container\" data-e-type=\"container\" data-settings=\"{&quot;background_background&quot;:&quot;classic&quot;}\">\n\t\t\t\t<div class=\"elementor-element elementor-element-9ae0318 elementor-widget elementor-widget-image\" data-id=\"9ae0318\" data-element_type=\"widget\" data-e-type=\"widget\" data-widget_type=\"image.default\">\n\t\t\t\t\t\t\t\t\t\t\t\t\t\t\t<img fetchpriority=\"high\" decoding=\"async\" width=\"700\" height=\"467\" src=\"https:\/\/rapido.com.pl\/wp-content\/uploads\/2026\/03\/flota_autokarow.jpg\" class=\"attachment-large size-large wp-image-1010\" alt=\"\" srcset=\"https:\/\/rapido.com.pl\/wp-content\/uploads\/2026\/03\/flota_autokarow.jpg 700w, https:\/\/rapido.com.pl\/wp-content\/uploads\/2026\/03\/flota_autokarow-500x334.jpg 500w, https:\/\/rapido.com.pl\/wp-content\/uploads\/2026\/03\/flota_autokarow-600x400.jpg 600w, https:\/\/rapido.com.pl\/wp-content\/uploads\/2026\/03\/flota_autokarow-300x200.jpg 300w\" sizes=\"(max-width: 700px) 100vw, 700px\" \/>\t\t\t\t\t\t\t\t\t\t\t\t\t\t\t<\/div>\n\t\t\t\t<\/div>\n\t\t<div class=\"elementor-element elementor-element-1345945 e-con-full e-flex e-con e-child\" data-id=\"1345945\" data-element_type=\"container\" data-e-type=\"container\">\n\t\t\t\t<div class=\"elementor-element elementor-element-9058bc3 elementor-widget elementor-widget-text-editor\" data-id=\"9058bc3\" data-element_type=\"widget\" data-e-type=\"widget\" data-widget_type=\"text-editor.default\">\n\t\t\t\t\t\t\t\t\t<p><strong><a href=\"https:\/\/rapido.com.pl\/en\/coach-rental\/\">Coach rental<\/a><\/strong> \u2013 coach transportation, domestic and international travel, event services, and tourism industry services. Our fleet includes a range of luxury coaches of various sizes and with different equipment options, driven by experienced drivers (some of whom speak foreign languages). Coaches with a seating capacity of 19, 49, 53, 55, 59, 69, 73, 83&#8230;<\/p>\t\t\t\t\t\t\t\t<\/div>\n\t\t\t\t<div class=\"elementor-element elementor-element-31827e5 elementor-mobile-align-center elementor-widget elementor-widget-button\" data-id=\"31827e5\" data-element_type=\"widget\" data-e-type=\"widget\" data-widget_type=\"button.default\">\n\t\t\t\t\t\t\t\t\t\t<a class=\"elementor-button elementor-button-link elementor-size-sm\" href=\"https:\/\/rapido.com.pl\/en\/coach-rental\/\">\n\t\t\t\t\t\t<span class=\"elementor-button-content-wrapper\">\n\t\t\t\t\t\t\t\t\t<span class=\"elementor-button-text\">Read more<\/span>\n\t\t\t\t\t<\/span>\n\t\t\t\t\t<\/a>\n\t\t\t\t\t\t\t\t<\/div>\n\t\t\t\t<\/div>\n\t\t\t\t\t<\/div>\n\t\t\t\t<\/div>\n\t\t<div class=\"elementor-element elementor-element-669d724 e-flex e-con-boxed e-con e-parent\" data-id=\"669d724\" data-element_type=\"container\" data-e-type=\"container\" data-settings=\"{&quot;background_background&quot;:&quot;classic&quot;}\">\n\t\t\t\t\t<div class=\"e-con-inner\">\n\t\t<div class=\"elementor-element elementor-element-6313c28 e-con-full e-flex e-con e-child\" data-id=\"6313c28\" data-element_type=\"container\" data-e-type=\"container\">\n\t\t\t\t<div class=\"elementor-element elementor-element-d2c619a elementor-widget elementor-widget-text-editor\" data-id=\"d2c619a\" data-element_type=\"widget\" data-e-type=\"widget\" data-widget_type=\"text-editor.default\">\n\t\t\t\t\t\t\t\t\t<p><strong><a href=\"https:\/\/rapido.com.pl\/en\/bus-rental\/\">Bus Rental<\/a><\/strong> \u2013 Ski Buses, Minibuses, Top Class Buses \u2013 We offer a fleet of luxury buses in various classes and with a range of equipment options. View our fleet of vehicles. Check out our fleet of vans and minibuses. Minibuses \u2013 16 vehicles, each with 7 or 8 seats.<\/p>\t\t\t\t\t\t\t\t<\/div>\n\t\t\t\t<div class=\"elementor-element elementor-element-677cede elementor-mobile-align-center elementor-widget elementor-widget-button\" data-id=\"677cede\" data-element_type=\"widget\" data-e-type=\"widget\" data-widget_type=\"button.default\">\n\t\t\t\t\t\t\t\t\t\t<a class=\"elementor-button elementor-button-link elementor-size-sm\" href=\"https:\/\/rapido.com.pl\/en\/bus-rental\/\">\n\t\t\t\t\t\t<span class=\"elementor-button-content-wrapper\">\n\t\t\t\t\t\t\t\t\t<span class=\"elementor-button-text\">Read more<\/span>\n\t\t\t\t\t<\/span>\n\t\t\t\t\t<\/a>\n\t\t\t\t\t\t\t\t<\/div>\n\t\t\t\t<\/div>\n\t\t<div class=\"elementor-element elementor-element-3d8624d e-con-full e-flex e-con e-child\" data-id=\"3d8624d\" data-element_type=\"container\" data-e-type=\"container\" data-settings=\"{&quot;background_background&quot;:&quot;classic&quot;}\">\n\t\t\t\t<div class=\"elementor-element elementor-element-d0567ff elementor-widget elementor-widget-image\" data-id=\"d0567ff\" data-element_type=\"widget\" data-e-type=\"widget\" data-widget_type=\"image.default\">\n\t\t\t\t\t\t\t\t\t\t\t\t\t\t\t<img decoding=\"async\" width=\"800\" height=\"533\" src=\"https:\/\/rapido.com.pl\/wp-content\/uploads\/2026\/03\/RAPIDO_Mercedes21_LuxLine006-2.jpg\" class=\"attachment-large size-large wp-image-1046\" alt=\"\" srcset=\"https:\/\/rapido.com.pl\/wp-content\/uploads\/2026\/03\/RAPIDO_Mercedes21_LuxLine006-2.jpg 960w, https:\/\/rapido.com.pl\/wp-content\/uploads\/2026\/03\/RAPIDO_Mercedes21_LuxLine006-2-500x333.jpg 500w, https:\/\/rapido.com.pl\/wp-content\/uploads\/2026\/03\/RAPIDO_Mercedes21_LuxLine006-2-600x400.jpg 600w, https:\/\/rapido.com.pl\/wp-content\/uploads\/2026\/03\/RAPIDO_Mercedes21_LuxLine006-2-300x200.jpg 300w, https:\/\/rapido.com.pl\/wp-content\/uploads\/2026\/03\/RAPIDO_Mercedes21_LuxLine006-2-768x512.jpg 768w\" sizes=\"(max-width: 800px) 100vw, 800px\" \/>\t\t\t\t\t\t\t\t\t\t\t\t\t\t\t<\/div>\n\t\t\t\t<\/div>\n\t\t\t\t\t<\/div>\n\t\t\t\t<\/div>\n\t\t<div class=\"elementor-element elementor-element-a90583e e-flex e-con-boxed e-con e-parent\" data-id=\"a90583e\" data-element_type=\"container\" data-e-type=\"container\" data-settings=\"{&quot;background_background&quot;:&quot;classic&quot;}\">\n\t\t\t\t\t<div class=\"e-con-inner\">\n\t\t<div class=\"elementor-element elementor-element-e002370 e-con-full e-flex e-con e-child\" data-id=\"e002370\" data-element_type=\"container\" data-e-type=\"container\" data-settings=\"{&quot;background_background&quot;:&quot;classic&quot;}\">\n\t\t\t\t<div class=\"elementor-element elementor-element-a6b88ca elementor-widget elementor-widget-image\" data-id=\"a6b88ca\" data-element_type=\"widget\" data-e-type=\"widget\" data-widget_type=\"image.default\">\n\t\t\t\t\t\t\t\t\t\t\t\t\t\t\t<img decoding=\"async\" width=\"800\" height=\"533\" src=\"https:\/\/rapido.com.pl\/wp-content\/uploads\/2026\/03\/009_Mercedes-Benz_Travego_VIP_532-2.jpg\" class=\"attachment-large size-large wp-image-1047\" alt=\"\" srcset=\"https:\/\/rapido.com.pl\/wp-content\/uploads\/2026\/03\/009_Mercedes-Benz_Travego_VIP_532-2.jpg 960w, https:\/\/rapido.com.pl\/wp-content\/uploads\/2026\/03\/009_Mercedes-Benz_Travego_VIP_532-2-500x333.jpg 500w, https:\/\/rapido.com.pl\/wp-content\/uploads\/2026\/03\/009_Mercedes-Benz_Travego_VIP_532-2-600x400.jpg 600w, https:\/\/rapido.com.pl\/wp-content\/uploads\/2026\/03\/009_Mercedes-Benz_Travego_VIP_532-2-300x200.jpg 300w, https:\/\/rapido.com.pl\/wp-content\/uploads\/2026\/03\/009_Mercedes-Benz_Travego_VIP_532-2-768x512.jpg 768w\" sizes=\"(max-width: 800px) 100vw, 800px\" \/>\t\t\t\t\t\t\t\t\t\t\t\t\t\t\t<\/div>\n\t\t\t\t<\/div>\n\t\t<div class=\"elementor-element elementor-element-95d3f25 e-con-full e-flex e-con e-child\" data-id=\"95d3f25\" data-element_type=\"container\" data-e-type=\"container\">\n\t\t\t\t<div class=\"elementor-element elementor-element-4b4dc0c elementor-widget elementor-widget-text-editor\" data-id=\"4b4dc0c\" data-element_type=\"widget\" data-e-type=\"widget\" data-widget_type=\"text-editor.default\">\n\t\t\t\t\t\t\t\t\t<p><strong><a href=\"https:\/\/rapido.com.pl\/en\/logistical-challenges\/\">Logistical challenges <\/a><\/strong>\u2013 transportation for groups ranging from 1 to 1,000 people \u2013 logistics for large-scale events, conference services, training sessions, and symposia: professional transportation services for events of all sizes \u2013 ensuring mobility for event participants \u2013 our extensive experience allows us to recommend the right solutions in terms of standards, scale, and budget for every project&#8230;<\/p>\t\t\t\t\t\t\t\t<\/div>\n\t\t\t\t<div class=\"elementor-element elementor-element-808481f elementor-mobile-align-center elementor-widget elementor-widget-button\" data-id=\"808481f\" data-element_type=\"widget\" data-e-type=\"widget\" data-widget_type=\"button.default\">\n\t\t\t\t\t\t\t\t\t\t<a class=\"elementor-button elementor-button-link elementor-size-sm\" href=\"https:\/\/rapido.com.pl\/en\/logistical-challenges\/\">\n\t\t\t\t\t\t<span class=\"elementor-button-content-wrapper\">\n\t\t\t\t\t\t\t\t\t<span class=\"elementor-button-text\">Read more<\/span>\n\t\t\t\t\t<\/span>\n\t\t\t\t\t<\/a>\n\t\t\t\t\t\t\t\t<\/div>\n\t\t\t\t<\/div>\n\t\t\t\t\t<\/div>\n\t\t\t\t<\/div>\n\t\t<div class=\"elementor-element elementor-element-0beb69e e-flex e-con-boxed e-con e-parent\" data-id=\"0beb69e\" data-element_type=\"container\" data-e-type=\"container\" data-settings=\"{&quot;background_background&quot;:&quot;classic&quot;}\">\n\t\t\t\t\t<div class=\"e-con-inner\">\n\t\t<div class=\"elementor-element elementor-element-3f4db26 e-con-full e-flex e-con e-child\" data-id=\"3f4db26\" data-element_type=\"container\" data-e-type=\"container\">\n\t\t\t\t<div class=\"elementor-element elementor-element-362417f elementor-widget elementor-widget-text-editor\" data-id=\"362417f\" data-element_type=\"widget\" data-e-type=\"widget\" data-widget_type=\"text-editor.default\">\n\t\t\t\t\t\t\t\t\t<p><a href=\"https:\/\/rapido.com.pl\/en\/airport-transfers\/\">Airport Transportation<\/a> &#8211; Comfortable airport transfers straight to your destination. Transportation from airports and train stations; corporate transportation. After landing, you will be transferred by a comfortable minibus or coach. Airports: Katowice, Krak\u00f3w, Ostrava, Prague, Bratislava, Brno, Warsaw, Vienna, Wroc\u0142aw. Transfers to the airports in Wis\u0142a, Ustro\u0144, Szczyrk, Skocz\u00f3w, Cieszyn, Brenna, Istebna, Bielsko-Bia\u0142a&#8230;<\/p>\t\t\t\t\t\t\t\t<\/div>\n\t\t\t\t<div class=\"elementor-element elementor-element-c76a859 elementor-mobile-align-center elementor-widget elementor-widget-button\" data-id=\"c76a859\" data-element_type=\"widget\" data-e-type=\"widget\" data-widget_type=\"button.default\">\n\t\t\t\t\t\t\t\t\t\t<a class=\"elementor-button elementor-button-link elementor-size-sm\" href=\"https:\/\/rapido.com.pl\/en\/airport-transfers\/\">\n\t\t\t\t\t\t<span class=\"elementor-button-content-wrapper\">\n\t\t\t\t\t\t\t\t\t<span class=\"elementor-button-text\">Read more<\/span>\n\t\t\t\t\t<\/span>\n\t\t\t\t\t<\/a>\n\t\t\t\t\t\t\t\t<\/div>\n\t\t\t\t<\/div>\n\t\t<div class=\"elementor-element elementor-element-6d21bf4 e-con-full e-flex e-con e-child\" data-id=\"6d21bf4\" data-element_type=\"container\" data-e-type=\"container\" data-settings=\"{&quot;background_background&quot;:&quot;classic&quot;}\">\n\t\t\t\t<div class=\"elementor-element elementor-element-f08a967 elementor-widget elementor-widget-image\" data-id=\"f08a967\" data-element_type=\"widget\" data-e-type=\"widget\" data-widget_type=\"image.default\">\n\t\t\t\t\t\t\t\t\t\t\t\t\t\t\t<img loading=\"lazy\" decoding=\"async\" width=\"640\" height=\"373\" src=\"https:\/\/rapido.com.pl\/wp-content\/uploads\/2026\/03\/RAPIDO_airporter-1.jpg\" class=\"attachment-large size-large wp-image-1048\" alt=\"\" srcset=\"https:\/\/rapido.com.pl\/wp-content\/uploads\/2026\/03\/RAPIDO_airporter-1.jpg 640w, https:\/\/rapido.com.pl\/wp-content\/uploads\/2026\/03\/RAPIDO_airporter-1-500x291.jpg 500w, https:\/\/rapido.com.pl\/wp-content\/uploads\/2026\/03\/RAPIDO_airporter-1-600x350.jpg 600w, https:\/\/rapido.com.pl\/wp-content\/uploads\/2026\/03\/RAPIDO_airporter-1-300x175.jpg 300w\" sizes=\"(max-width: 640px) 100vw, 640px\" \/>\t\t\t\t\t\t\t\t\t\t\t\t\t\t\t<\/div>\n\t\t\t\t<\/div>\n\t\t\t\t\t<\/div>\n\t\t\t\t<\/div>\n\t\t\t\t<\/div>\n\t\t","protected":false},"excerpt":{"rendered":"<p>Transport RAPIDO Bus &amp; Coach \u2013 providing safe and comfortable travel for over 10 years. With our extensive fleet of modern, eco-friendly coaches and minibuses, we offer comprehensive passenger transport solutions for the tourism industry, groups, businesses, and individual customers. Rental of minibuses and coaches; services for tourism, conferences, events, and corporate trips; as well [&hellip;]<\/p>\n","protected":false},"author":1,"featured_media":0,"parent":0,"menu_order":0,"comment_status":"closed","ping_status":"closed","template":"","meta":{"footnotes":""},"class_list":["post-1043","page","type-page","status-publish","hentry"],"_links":{"self":[{"href":"https:\/\/rapido.com.pl\/en\/wp-json\/wp\/v2\/pages\/1043","targetHints":{"allow":["GET"]}}],"collection":[{"href":"https:\/\/rapido.com.pl\/en\/wp-json\/wp\/v2\/pages"}],"about":[{"href":"https:\/\/rapido.com.pl\/en\/wp-json\/wp\/v2\/types\/page"}],"author":[{"embeddable":true,"href":"https:\/\/rapido.com.pl\/en\/wp-json\/wp\/v2\/users\/1"}],"replies":[{"embeddable":true,"href":"https:\/\/rapido.com.pl\/en\/wp-json\/wp\/v2\/comments?post=1043"}],"version-history":[{"count":3,"href":"https:\/\/rapido.com.pl\/en\/wp-json\/wp\/v2\/pages\/1043\/revisions"}],"predecessor-version":[{"id":1228,"href":"https:\/\/rapido.com.pl\/en\/wp-json\/wp\/v2\/pages\/1043\/revisions\/1228"}],"wp:attachment":[{"href":"https:\/\/rapido.com.pl\/en\/wp-json\/wp\/v2\/media?parent=1043"}],"curies":[{"name":"wp","href":"https:\/\/api.w.org\/{rel}","templated":true}]}}