{"id":1050,"date":"2026-03-04T12:05:35","date_gmt":"2026-03-04T11:05:35","guid":{"rendered":"https:\/\/rapido.com.pl\/tours\/"},"modified":"2026-04-16T12:58:31","modified_gmt":"2026-04-16T10:58:31","slug":"tours","status":"publish","type":"page","link":"https:\/\/rapido.com.pl\/en\/tours\/","title":{"rendered":"Tours"},"content":{"rendered":"\t\t<div data-elementor-type=\"wp-page\" data-elementor-id=\"1050\" class=\"elementor elementor-1050 elementor-230\" data-elementor-post-type=\"page\">\n\t\t\t\t<div class=\"elementor-element elementor-element-0c1fed8 e-flex e-con-boxed e-con e-parent\" data-id=\"0c1fed8\" data-element_type=\"container\" data-e-type=\"container\" data-settings=\"{&quot;background_background&quot;:&quot;classic&quot;}\">\n\t\t\t\t\t<div class=\"e-con-inner\">\n\t\t\t\t<div class=\"elementor-element elementor-element-e0942df elementor-invisible elementor-widget elementor-widget-heading\" data-id=\"e0942df\" data-element_type=\"widget\" data-e-type=\"widget\" data-settings=\"{&quot;_animation&quot;:&quot;fadeInLeft&quot;}\" data-widget_type=\"heading.default\">\n\t\t\t\t\t<h2 class=\"elementor-heading-title elementor-size-default\">Tours<\/h2>\t\t\t\t<\/div>\n\t\t\t\t\t<\/div>\n\t\t\t\t<\/div>\n\t\t<div class=\"elementor-element elementor-element-88e5ac8 e-flex e-con-boxed e-con e-parent\" data-id=\"88e5ac8\" data-element_type=\"container\" data-e-type=\"container\">\n\t\t\t\t\t<div class=\"e-con-inner\">\n\t\t\t\t<div class=\"elementor-element elementor-element-9032ad6 elementor-widget elementor-widget-text-editor\" data-id=\"9032ad6\" data-element_type=\"widget\" data-e-type=\"widget\" data-widget_type=\"text-editor.default\">\n\t\t\t\t\t\t\t\t\t<p><strong>The Vistula River and Surrounding Area\u2014tours, tourism, tour planning, regional attractions\u2014full-day and half-day tours, local excursions, trips to the Czech Republic, Slovakia, and Austria. In winter, we invite you to join our Alpine ski trips. Our team consists of Beskid mountain guides and GOPR mountain rescuers.<\/strong><br>We invite you to explore our range of tours and ideas for inclement weather. Trips: Beskids, Wis\u0142a, Ustro\u0144, Szczyrk, \u017bywiec\u2014these towns offer a rich culture and tradition, as well as attractions that are sure to satisfy your curiosity. The beauty of the mountain landscapes and the range of active leisure activities will make you eager to return to us. We invite you!!   <\/p><p>Below are a few suggested tours, which are available according to a set schedule or by special request. <strong>The RAPIDO Travel Agency in Wis\u0142a also offers tours for small groups of three or more people<\/strong>, for whom we organize private tours in comfortable minibuses with a guide.<\/p><p><strong>Tours and services for groups of 3 to 200 people.<\/strong><\/p><ul><li>minibuses for groups of 3 to 8 people<\/li><li>minibuses for groups of 8 to 16 people<\/li><li>midibuses for groups of 8 to 19 people<\/li><li>by coach for groups of 20 to 100 or more people<\/li><\/ul>\t\t\t\t\t\t\t\t<\/div>\n\t\t\t\t\t<\/div>\n\t\t\t\t<\/div>\n\t\t<div class=\"elementor-element elementor-element-fb80794 e-flex e-con-boxed e-con e-parent\" data-id=\"fb80794\" data-element_type=\"container\" data-e-type=\"container\" data-settings=\"{&quot;background_background&quot;:&quot;classic&quot;}\">\n\t\t\t\t\t<div class=\"e-con-inner\">\n\t\t<div class=\"elementor-element elementor-element-2f6305c e-con-full e-flex e-con e-child\" data-id=\"2f6305c\" data-element_type=\"container\" data-e-type=\"container\" data-settings=\"{&quot;background_background&quot;:&quot;classic&quot;}\">\n\t\t\t\t<div class=\"elementor-element elementor-element-69a573d elementor-widget elementor-widget-image\" data-id=\"69a573d\" data-element_type=\"widget\" data-e-type=\"widget\" data-widget_type=\"image.default\">\n\t\t\t\t\t\t\t\t\t\t\t\t\t\t\t<img decoding=\"async\" width=\"154\" height=\"154\" src=\"https:\/\/rapido.com.pl\/wp-content\/uploads\/2026\/03\/logoBrow.jpg\" class=\"attachment-large size-large wp-image-1051\" alt=\"\" srcset=\"https:\/\/rapido.com.pl\/wp-content\/uploads\/2026\/03\/logoBrow.jpg 154w, https:\/\/rapido.com.pl\/wp-content\/uploads\/2026\/03\/logoBrow-100x100.jpg 100w, https:\/\/rapido.com.pl\/wp-content\/uploads\/2026\/03\/logoBrow-150x150.jpg 150w\" sizes=\"(max-width: 154px) 100vw, 154px\" \/>\t\t\t\t\t\t\t\t\t\t\t\t\t\t\t<\/div>\n\t\t\t\t<\/div>\n\t\t<div class=\"elementor-element elementor-element-efbc8d6 e-con-full e-flex e-con e-child\" data-id=\"efbc8d6\" data-element_type=\"container\" data-e-type=\"container\">\n\t\t\t\t<div class=\"elementor-element elementor-element-27c61f3 elementor-widget elementor-widget-text-editor\" data-id=\"27c61f3\" data-element_type=\"widget\" data-e-type=\"widget\" data-widget_type=\"text-editor.default\">\n\t\t\t\t\t\t\t\t\t<p><a href=\"https:\/\/rapido.com.pl\/en\/the-zywiec-brewery-museum\/\"><strong>\u017bywiec Breweries \u2013 a tour with a tasting&#8230;<\/strong><\/a><br>The \u017bywiec Brewery Museum is located in the former aging cellars, which were carved out of solid rock, on the lowest level of the brewery in \u017bywiec. In 18 rooms with a total area of 1,600 The museum houses a collection of unique exhibits that trace the long history of both brewing and the \u017bywiec Brewery itself. The entire exhibition is highly interactive and multimedia-rich. The tour concludes with a tasting\u2014an excellent, fresh \u201c\u017bywiec\u201d beer in the historic setting of the brewery!!  <\/p>\t\t\t\t\t\t\t\t<\/div>\n\t\t\t\t<div class=\"elementor-element elementor-element-510f2c2 elementor-mobile-align-center elementor-widget elementor-widget-button\" data-id=\"510f2c2\" data-element_type=\"widget\" data-e-type=\"widget\" data-widget_type=\"button.default\">\n\t\t\t\t\t\t\t\t\t\t<a class=\"elementor-button elementor-button-link elementor-size-sm\" href=\"https:\/\/rapido.com.pl\/en\/the-zywiec-brewery-museum\/\">\n\t\t\t\t\t\t<span class=\"elementor-button-content-wrapper\">\n\t\t\t\t\t\t\t\t\t<span class=\"elementor-button-text\">Read more<\/span>\n\t\t\t\t\t<\/span>\n\t\t\t\t\t<\/a>\n\t\t\t\t\t\t\t\t<\/div>\n\t\t\t\t<\/div>\n\t\t\t\t\t<\/div>\n\t\t\t\t<\/div>\n\t\t<div class=\"elementor-element elementor-element-5a83495 e-flex e-con-boxed e-con e-parent\" data-id=\"5a83495\" data-element_type=\"container\" data-e-type=\"container\" data-settings=\"{&quot;background_background&quot;:&quot;classic&quot;}\">\n\t\t\t\t\t<div class=\"e-con-inner\">\n\t\t<div class=\"elementor-element elementor-element-3332ffa e-con-full e-flex e-con e-child\" data-id=\"3332ffa\" data-element_type=\"container\" data-e-type=\"container\">\n\t\t\t\t<div class=\"elementor-element elementor-element-c04efda elementor-widget elementor-widget-text-editor\" data-id=\"c04efda\" data-element_type=\"widget\" data-e-type=\"widget\" data-widget_type=\"text-editor.default\">\n\t\t\t\t\t\t\t\t\t<p><a href=\"https:\/\/rapido.com.pl\/en\/the-presidential-palace\/\"><strong>Presidential Thresholds&#8230;<\/strong><\/a><br><strong>The Presidential Castle<\/strong>\u2014the residence of the President of the Republic of Poland in Wis\u0142a\u2014was a gift from the people of Silesia to President Ignacy Mo\u015bcicki and his successors. At the initiative of President Aleksander Kwa\u015bniewski, renovation and modernization work began in 2002 to bring the castle up to contemporary standards for a presidential residence. <\/p>\t\t\t\t\t\t\t\t<\/div>\n\t\t\t\t<div class=\"elementor-element elementor-element-0e85c2f elementor-mobile-align-center elementor-widget elementor-widget-button\" data-id=\"0e85c2f\" data-element_type=\"widget\" data-e-type=\"widget\" data-widget_type=\"button.default\">\n\t\t\t\t\t\t\t\t\t\t<a class=\"elementor-button elementor-button-link elementor-size-sm\" href=\"https:\/\/rapido.com.pl\/en\/the-presidential-palace\/\">\n\t\t\t\t\t\t<span class=\"elementor-button-content-wrapper\">\n\t\t\t\t\t\t\t\t\t<span class=\"elementor-button-text\">Read more<\/span>\n\t\t\t\t\t<\/span>\n\t\t\t\t\t<\/a>\n\t\t\t\t\t\t\t\t<\/div>\n\t\t\t\t<\/div>\n\t\t<div class=\"elementor-element elementor-element-5a7f7c3 e-con-full e-flex e-con e-child\" data-id=\"5a7f7c3\" data-element_type=\"container\" data-e-type=\"container\" data-settings=\"{&quot;background_background&quot;:&quot;classic&quot;}\">\n\t\t\t\t<div class=\"elementor-element elementor-element-80ad3bb elementor-widget elementor-widget-image\" data-id=\"80ad3bb\" data-element_type=\"widget\" data-e-type=\"widget\" data-widget_type=\"image.default\">\n\t\t\t\t\t\t\t\t\t\t\t\t\t\t\t<img fetchpriority=\"high\" decoding=\"async\" width=\"640\" height=\"480\" src=\"https:\/\/rapido.com.pl\/wp-content\/uploads\/2026\/03\/zamek_prezydencki_001.jpg\" class=\"attachment-large size-large wp-image-1052\" alt=\"\" srcset=\"https:\/\/rapido.com.pl\/wp-content\/uploads\/2026\/03\/zamek_prezydencki_001.jpg 640w, https:\/\/rapido.com.pl\/wp-content\/uploads\/2026\/03\/zamek_prezydencki_001-500x375.jpg 500w, https:\/\/rapido.com.pl\/wp-content\/uploads\/2026\/03\/zamek_prezydencki_001-600x450.jpg 600w, https:\/\/rapido.com.pl\/wp-content\/uploads\/2026\/03\/zamek_prezydencki_001-300x225.jpg 300w\" sizes=\"(max-width: 640px) 100vw, 640px\" \/>\t\t\t\t\t\t\t\t\t\t\t\t\t\t\t<\/div>\n\t\t\t\t<\/div>\n\t\t\t\t\t<\/div>\n\t\t\t\t<\/div>\n\t\t<div class=\"elementor-element elementor-element-5733927 e-flex e-con-boxed e-con e-parent\" data-id=\"5733927\" data-element_type=\"container\" data-e-type=\"container\" data-settings=\"{&quot;background_background&quot;:&quot;classic&quot;}\">\n\t\t\t\t\t<div class=\"e-con-inner\">\n\t\t<div class=\"elementor-element elementor-element-c69827c e-con-full e-flex e-con e-child\" data-id=\"c69827c\" data-element_type=\"container\" data-e-type=\"container\" data-settings=\"{&quot;background_background&quot;:&quot;classic&quot;}\">\n\t\t\t\t<div class=\"elementor-element elementor-element-5e0195e elementor-widget elementor-widget-image\" data-id=\"5e0195e\" data-element_type=\"widget\" data-e-type=\"widget\" data-widget_type=\"image.default\">\n\t\t\t\t\t\t\t\t\t\t\t\t\t\t\t<img decoding=\"async\" width=\"800\" height=\"600\" src=\"https:\/\/rapido.com.pl\/wp-content\/uploads\/2026\/03\/koror.jpg\" class=\"attachment-large size-large wp-image-1053\" alt=\"\" srcset=\"https:\/\/rapido.com.pl\/wp-content\/uploads\/2026\/03\/koror.jpg 800w, https:\/\/rapido.com.pl\/wp-content\/uploads\/2026\/03\/koror-500x375.jpg 500w, https:\/\/rapido.com.pl\/wp-content\/uploads\/2026\/03\/koror-600x450.jpg 600w, https:\/\/rapido.com.pl\/wp-content\/uploads\/2026\/03\/koror-300x225.jpg 300w, https:\/\/rapido.com.pl\/wp-content\/uploads\/2026\/03\/koror-768x576.jpg 768w\" sizes=\"(max-width: 800px) 100vw, 800px\" \/>\t\t\t\t\t\t\t\t\t\t\t\t\t\t\t<\/div>\n\t\t\t\t<\/div>\n\t\t<div class=\"elementor-element elementor-element-59b3758 e-con-full e-flex e-con e-child\" data-id=\"59b3758\" data-element_type=\"container\" data-e-type=\"container\">\n\t\t\t\t<div class=\"elementor-element elementor-element-76ffbb0 elementor-widget elementor-widget-text-editor\" data-id=\"76ffbb0\" data-element_type=\"widget\" data-e-type=\"widget\" data-widget_type=\"text-editor.default\">\n\t\t\t\t\t\t\t\t\t<p><a href=\"https:\/\/rapido.com.pl\/en\/the-beskid-loop\/\"><strong>Koniak\u00f3w lace and the riches of the Beskids&#8230;<\/strong><\/a><br>The Beskid Loop \u2013 the most interesting places in the Silesian and \u017bywiec Beskids. A tour during which we visit: the famous Beskid Tr\u00f3jwie\u015b (its rich history and living traditions are presented during fascinating lectures held at \u201cKurlawa Cha\u0142upa,\u201d the Lace Gallery, or the \u201cNa Grapie\u201d Gallery). <\/p>\t\t\t\t\t\t\t\t<\/div>\n\t\t\t\t<div class=\"elementor-element elementor-element-8df810d elementor-mobile-align-center elementor-widget elementor-widget-button\" data-id=\"8df810d\" data-element_type=\"widget\" data-e-type=\"widget\" data-widget_type=\"button.default\">\n\t\t\t\t\t\t\t\t\t\t<a class=\"elementor-button elementor-button-link elementor-size-sm\" href=\"https:\/\/rapido.com.pl\/en\/the-beskid-loop\/\">\n\t\t\t\t\t\t<span class=\"elementor-button-content-wrapper\">\n\t\t\t\t\t\t\t\t\t<span class=\"elementor-button-text\">Read more<\/span>\n\t\t\t\t\t<\/span>\n\t\t\t\t\t<\/a>\n\t\t\t\t\t\t\t\t<\/div>\n\t\t\t\t<\/div>\n\t\t\t\t\t<\/div>\n\t\t\t\t<\/div>\n\t\t<div class=\"elementor-element elementor-element-9866af5 e-flex e-con-boxed e-con e-parent\" data-id=\"9866af5\" data-element_type=\"container\" data-e-type=\"container\" data-settings=\"{&quot;background_background&quot;:&quot;classic&quot;}\">\n\t\t\t\t\t<div class=\"e-con-inner\">\n\t\t<div class=\"elementor-element elementor-element-711d532 e-con-full e-flex e-con e-child\" data-id=\"711d532\" data-element_type=\"container\" data-e-type=\"container\">\n\t\t\t\t<div class=\"elementor-element elementor-element-836f4ce elementor-widget elementor-widget-text-editor\" data-id=\"836f4ce\" data-element_type=\"widget\" data-e-type=\"widget\" data-widget_type=\"text-editor.default\">\n\t\t\t\t\t\t\t\t\t<p><a href=\"https:\/\/rapido.com.pl\/en\/the-bread-cottage\/\"><strong>Bread Cottage &#8211; Can you bake bread?<\/strong><\/a><br>Bread made from scratch at home\u2014from grain to loaf\u2014along with making cottage cheese and butter, threshing with a flail, and learning about bees and honey\u2014these and many other activities await participants in the engaging, interactive workshops organized at Chlebowa Chata. We invite you to check out the program. <\/p>\t\t\t\t\t\t\t\t<\/div>\n\t\t\t\t<div class=\"elementor-element elementor-element-70540f3 elementor-mobile-align-center elementor-widget elementor-widget-button\" data-id=\"70540f3\" data-element_type=\"widget\" data-e-type=\"widget\" data-widget_type=\"button.default\">\n\t\t\t\t\t\t\t\t\t\t<a class=\"elementor-button elementor-button-link elementor-size-sm\" href=\"https:\/\/rapido.com.pl\/en\/the-bread-cottage\/\">\n\t\t\t\t\t\t<span class=\"elementor-button-content-wrapper\">\n\t\t\t\t\t\t\t\t\t<span class=\"elementor-button-text\">Read more<\/span>\n\t\t\t\t\t<\/span>\n\t\t\t\t\t<\/a>\n\t\t\t\t\t\t\t\t<\/div>\n\t\t\t\t<\/div>\n\t\t<div class=\"elementor-element elementor-element-7a376b2 e-con-full e-flex e-con e-child\" data-id=\"7a376b2\" data-element_type=\"container\" data-e-type=\"container\" data-settings=\"{&quot;background_background&quot;:&quot;classic&quot;}\">\n\t\t\t\t<div class=\"elementor-element elementor-element-86d6f90 elementor-widget elementor-widget-image\" data-id=\"86d6f90\" data-element_type=\"widget\" data-e-type=\"widget\" data-widget_type=\"image.default\">\n\t\t\t\t\t\t\t\t\t\t\t\t\t\t\t<img loading=\"lazy\" decoding=\"async\" width=\"640\" height=\"480\" src=\"https:\/\/rapido.com.pl\/wp-content\/uploads\/2026\/03\/chch_ico.jpg\" class=\"attachment-large size-large wp-image-1054\" alt=\"\" srcset=\"https:\/\/rapido.com.pl\/wp-content\/uploads\/2026\/03\/chch_ico.jpg 640w, https:\/\/rapido.com.pl\/wp-content\/uploads\/2026\/03\/chch_ico-500x375.jpg 500w, https:\/\/rapido.com.pl\/wp-content\/uploads\/2026\/03\/chch_ico-600x450.jpg 600w, https:\/\/rapido.com.pl\/wp-content\/uploads\/2026\/03\/chch_ico-300x225.jpg 300w\" sizes=\"(max-width: 640px) 100vw, 640px\" \/>\t\t\t\t\t\t\t\t\t\t\t\t\t\t\t<\/div>\n\t\t\t\t<\/div>\n\t\t\t\t\t<\/div>\n\t\t\t\t<\/div>\n\t\t\t\t<\/div>\n\t\t","protected":false},"excerpt":{"rendered":"<p>Tours The Vistula River and Surrounding Area\u2014tours, tourism, tour planning, regional attractions\u2014full-day and half-day tours, local excursions, trips to the Czech Republic, Slovakia, and Austria. In winter, we invite you to join our Alpine ski trips. Our team consists of Beskid mountain guides and GOPR mountain rescuers.We invite you to explore our range of tours [&hellip;]<\/p>\n","protected":false},"author":1,"featured_media":0,"parent":0,"menu_order":0,"comment_status":"closed","ping_status":"closed","template":"","meta":{"footnotes":""},"class_list":["post-1050","page","type-page","status-publish","hentry"],"_links":{"self":[{"href":"https:\/\/rapido.com.pl\/en\/wp-json\/wp\/v2\/pages\/1050","targetHints":{"allow":["GET"]}}],"collection":[{"href":"https:\/\/rapido.com.pl\/en\/wp-json\/wp\/v2\/pages"}],"about":[{"href":"https:\/\/rapido.com.pl\/en\/wp-json\/wp\/v2\/types\/page"}],"author":[{"embeddable":true,"href":"https:\/\/rapido.com.pl\/en\/wp-json\/wp\/v2\/users\/1"}],"replies":[{"embeddable":true,"href":"https:\/\/rapido.com.pl\/en\/wp-json\/wp\/v2\/comments?post=1050"}],"version-history":[{"count":3,"href":"https:\/\/rapido.com.pl\/en\/wp-json\/wp\/v2\/pages\/1050\/revisions"}],"predecessor-version":[{"id":1232,"href":"https:\/\/rapido.com.pl\/en\/wp-json\/wp\/v2\/pages\/1050\/revisions\/1232"}],"wp:attachment":[{"href":"https:\/\/rapido.com.pl\/en\/wp-json\/wp\/v2\/media?parent=1050"}],"curies":[{"name":"wp","href":"https:\/\/api.w.org\/{rel}","templated":true}]}}