{"id":1062,"date":"2026-03-04T12:54:47","date_gmt":"2026-03-04T11:54:47","guid":{"rendered":"https:\/\/rapido.com.pl\/logistical-challenges\/"},"modified":"2026-04-15T17:49:50","modified_gmt":"2026-04-15T15:49:50","slug":"logistical-challenges","status":"publish","type":"page","link":"https:\/\/rapido.com.pl\/en\/logistical-challenges\/","title":{"rendered":"Logistical challenges"},"content":{"rendered":"\t\t<div data-elementor-type=\"wp-page\" data-elementor-id=\"1062\" class=\"elementor elementor-1062 elementor-304\" data-elementor-post-type=\"page\">\n\t\t\t\t<div class=\"elementor-element elementor-element-03cd189 e-flex e-con-boxed e-con e-parent\" data-id=\"03cd189\" data-element_type=\"container\" data-e-type=\"container\" data-settings=\"{&quot;background_background&quot;:&quot;classic&quot;}\">\n\t\t\t\t\t<div class=\"e-con-inner\">\n\t\t\t\t<div class=\"elementor-element elementor-element-12890a9 elementor-invisible elementor-widget elementor-widget-heading\" data-id=\"12890a9\" data-element_type=\"widget\" data-e-type=\"widget\" data-settings=\"{&quot;_animation&quot;:&quot;fadeInLeft&quot;}\" data-widget_type=\"heading.default\">\n\t\t\t\t\t<h2 class=\"elementor-heading-title elementor-size-default\">Logistical challenges<\/h2>\t\t\t\t<\/div>\n\t\t\t\t\t<\/div>\n\t\t\t\t<\/div>\n\t\t<div class=\"elementor-element elementor-element-d5105ec e-flex e-con-boxed e-con e-parent\" data-id=\"d5105ec\" data-element_type=\"container\" data-e-type=\"container\">\n\t\t\t\t\t<div class=\"e-con-inner\">\n\t\t\t\t<div class=\"elementor-element elementor-element-edf468c elementor-widget elementor-widget-text-editor\" data-id=\"edf468c\" data-element_type=\"widget\" data-e-type=\"widget\" data-widget_type=\"text-editor.default\">\n\t\t\t\t\t\t\t\t\t<p>Logistical challenges include transporting large groups\u2014ranging from several hundred to 1,000 people\u2014renting multiple coaches, providing services for symposia, conferences, and events, ensuring mobility, and executing transport orders with \u201creal-time\u201d logistics support.<br>When handling multimodal projects, we take care of the organizational and communication aspects, and the client typically receives one or two phone numbers for the coordinators along with the final solution proposal\u2014allowing them to easily oversee the entire project.<\/p>\t\t\t\t\t\t\t\t<\/div>\n\t\t\t\t\t<\/div>\n\t\t\t\t<\/div>\n\t\t<div class=\"elementor-element elementor-element-f993faf e-flex e-con-boxed e-con e-parent\" data-id=\"f993faf\" data-element_type=\"container\" data-e-type=\"container\" data-settings=\"{&quot;background_background&quot;:&quot;classic&quot;}\">\n\t\t\t\t\t<div class=\"e-con-inner\">\n\t\t<div class=\"elementor-element elementor-element-e8eb0d5 e-con-full e-flex e-con e-child\" data-id=\"e8eb0d5\" data-element_type=\"container\" data-e-type=\"container\" data-settings=\"{&quot;background_background&quot;:&quot;classic&quot;}\">\n\t\t\t\t<div class=\"elementor-element elementor-element-db8afdc elementor-widget elementor-widget-image\" data-id=\"db8afdc\" data-element_type=\"widget\" data-e-type=\"widget\" data-widget_type=\"image.default\">\n\t\t\t\t\t\t\t\t\t\t\t\t\t\t\t<img fetchpriority=\"high\" decoding=\"async\" width=\"600\" height=\"633\" src=\"https:\/\/rapido.com.pl\/wp-content\/uploads\/2026\/03\/013_mercedes_sprinter_221-2.jpg\" class=\"attachment-large size-large wp-image-1064\" alt=\"\" srcset=\"https:\/\/rapido.com.pl\/wp-content\/uploads\/2026\/03\/013_mercedes_sprinter_221-2.jpg 600w, https:\/\/rapido.com.pl\/wp-content\/uploads\/2026\/03\/013_mercedes_sprinter_221-2-284x300.jpg 284w, https:\/\/rapido.com.pl\/wp-content\/uploads\/2026\/03\/013_mercedes_sprinter_221-2-500x528.jpg 500w\" sizes=\"(max-width: 600px) 100vw, 600px\" \/>\t\t\t\t\t\t\t\t\t\t\t\t\t\t\t<\/div>\n\t\t\t\t<\/div>\n\t\t<div class=\"elementor-element elementor-element-c4d398a e-con-full e-flex e-con e-child\" data-id=\"c4d398a\" data-element_type=\"container\" data-e-type=\"container\">\n\t\t\t\t<div class=\"elementor-element elementor-element-3916fe9 elementor-widget elementor-widget-text-editor\" data-id=\"3916fe9\" data-element_type=\"widget\" data-e-type=\"widget\" data-widget_type=\"text-editor.default\">\n\t\t\t\t\t\t\t\t\t<p><strong>SHUTTLE BUS<\/strong> (buses, minibuses, coaches) \u2013 shuttle service and transportation for conference and event attendees. We offer a fleet of elegant minibuses and coaches to ensure smooth transportation between locations, even in challenging weather and terrain conditions&#8230; read more&#8230;<\/p><p><strong>Comprehensive conference services<\/strong>\u2014arranging transportation before, during, and after the event. Arranging transportation from train stations, airports, and designated locations to hotels and the conference venue; ensuring mobility and the ability to move freely during the event; and return transfers\u2014taking participants back to train stations, airports, and their final destinations&#8230;. Read more&#8230;<\/p><p><strong>Transportation of large groups<\/strong>\u2014whether all at once or in shifts\u2014we ensure mobility for participants and organizers of events, and we arrange transportation for large groups (up to 1,000 people or more).<br>We define \u201clarge group transportation\u201d as a trip involving more than 4 coaches or with over 100 participants\/passengers. We routinely provide transportation for groups of 100, 200, and 300 people, as well as group transportation to ski competitions and ski festivals&#8230; read more&#8230;<\/p>\t\t\t\t\t\t\t\t<\/div>\n\t\t\t\t<\/div>\n\t\t\t\t\t<\/div>\n\t\t\t\t<\/div>\n\t\t<div class=\"elementor-element elementor-element-879700e e-flex e-con-boxed e-con e-parent\" data-id=\"879700e\" data-element_type=\"container\" data-e-type=\"container\" data-settings=\"{&quot;background_background&quot;:&quot;classic&quot;}\">\n\t\t\t\t\t<div class=\"e-con-inner\">\n\t\t<div class=\"elementor-element elementor-element-5be8be2 e-con-full e-flex e-con e-child\" data-id=\"5be8be2\" data-element_type=\"container\" data-e-type=\"container\">\n\t\t\t\t<div class=\"elementor-element elementor-element-ed6a124 elementor-widget elementor-widget-text-editor\" data-id=\"ed6a124\" data-element_type=\"widget\" data-e-type=\"widget\" data-widget_type=\"text-editor.default\">\n\t\t\t\t\t\t\t\t\t<p>RAPIDO Bus &amp; Coach:<\/p><ul><li>extensive and solid experience,<\/li><li>a strong, cohesive team,<\/li><li>effective communication,<\/li><li>an extensive fleet of buses and coaches,<\/li><li>trusted national and European partners,<\/li><li>a constantly growing list of completed projects in the field of logistics challenges.<\/li><\/ul><p><br>The most common locations where we operate, and the types of facilities that regularly use our services, include:<\/p><p><strong>Properties:<\/strong> Hotel Go\u0142\u0119biewski, Hotel Stok, Hotel Klimczok, Hotel Orle Gniazdo, Hotel Patria, Hotel Olimpia Rybnik, Qubus Hotels, Kosz\u0119cin Palace.<br><strong>Locations:<\/strong> Wis\u0142a, Ustro\u0144, Szczyrk, Bielsko, Silesia, Poland, Europe.<\/p>\t\t\t\t\t\t\t\t<\/div>\n\t\t\t\t<\/div>\n\t\t<div class=\"elementor-element elementor-element-3280733 e-con-full e-flex e-con e-child\" data-id=\"3280733\" data-element_type=\"container\" data-e-type=\"container\" data-settings=\"{&quot;background_background&quot;:&quot;classic&quot;}\">\n\t\t\t\t<div class=\"elementor-element elementor-element-23e124b elementor-widget elementor-widget-image\" data-id=\"23e124b\" data-element_type=\"widget\" data-e-type=\"widget\" data-widget_type=\"image.default\">\n\t\t\t\t\t\t\t\t\t\t\t\t\t\t\t<img decoding=\"async\" width=\"800\" height=\"533\" src=\"https:\/\/rapido.com.pl\/wp-content\/uploads\/2026\/03\/sprintervip21_005.jpg\" class=\"attachment-large size-large wp-image-1155\" alt=\"\" srcset=\"https:\/\/rapido.com.pl\/wp-content\/uploads\/2026\/03\/sprintervip21_005.jpg 900w, https:\/\/rapido.com.pl\/wp-content\/uploads\/2026\/03\/sprintervip21_005-300x200.jpg 300w, https:\/\/rapido.com.pl\/wp-content\/uploads\/2026\/03\/sprintervip21_005-768x512.jpg 768w, https:\/\/rapido.com.pl\/wp-content\/uploads\/2026\/03\/sprintervip21_005-500x333.jpg 500w, https:\/\/rapido.com.pl\/wp-content\/uploads\/2026\/03\/sprintervip21_005-600x400.jpg 600w\" sizes=\"(max-width: 800px) 100vw, 800px\" \/>\t\t\t\t\t\t\t\t\t\t\t\t\t\t\t<\/div>\n\t\t\t\t<\/div>\n\t\t\t\t\t<\/div>\n\t\t\t\t<\/div>\n\t\t<div class=\"elementor-element elementor-element-371c195 e-flex e-con-boxed e-con e-parent\" data-id=\"371c195\" data-element_type=\"container\" data-e-type=\"container\" data-settings=\"{&quot;background_background&quot;:&quot;classic&quot;}\">\n\t\t\t\t\t<div class=\"e-con-inner\">\n\t\t<div class=\"elementor-element elementor-element-025b13f e-con-full e-flex e-con e-child\" data-id=\"025b13f\" data-element_type=\"container\" data-e-type=\"container\" data-settings=\"{&quot;background_background&quot;:&quot;classic&quot;}\">\n\t\t\t\t<div class=\"elementor-element elementor-element-2a340b7 elementor-widget elementor-widget-image\" data-id=\"2a340b7\" data-element_type=\"widget\" data-e-type=\"widget\" data-widget_type=\"image.default\">\n\t\t\t\t\t\t\t\t\t\t\t\t\t\t\t<img decoding=\"async\" width=\"700\" height=\"525\" src=\"https:\/\/rapido.com.pl\/wp-content\/uploads\/2026\/03\/setra003.jpg\" class=\"attachment-large size-large wp-image-1174\" alt=\"\" srcset=\"https:\/\/rapido.com.pl\/wp-content\/uploads\/2026\/03\/setra003.jpg 700w, https:\/\/rapido.com.pl\/wp-content\/uploads\/2026\/03\/setra003-300x225.jpg 300w, https:\/\/rapido.com.pl\/wp-content\/uploads\/2026\/03\/setra003-500x375.jpg 500w, https:\/\/rapido.com.pl\/wp-content\/uploads\/2026\/03\/setra003-600x450.jpg 600w\" sizes=\"(max-width: 700px) 100vw, 700px\" \/>\t\t\t\t\t\t\t\t\t\t\t\t\t\t\t<\/div>\n\t\t\t\t<\/div>\n\t\t<div class=\"elementor-element elementor-element-86ab5cc e-con-full e-flex e-con e-child\" data-id=\"86ab5cc\" data-element_type=\"container\" data-e-type=\"container\">\n\t\t\t\t<div class=\"elementor-element elementor-element-f38260d elementor-widget elementor-widget-text-editor\" data-id=\"f38260d\" data-element_type=\"widget\" data-e-type=\"widget\" data-widget_type=\"text-editor.default\">\n\t\t\t\t\t\t\t\t\t<p>Our logistics resources:<\/p><p><strong>12 elegant minibuses,<\/strong><br><strong>6 elegant mini-buses,<\/strong><br><strong>8 elegant coaches,<\/strong><br><strong>8 passenger cars.<\/strong><br><br>When carrying out projects for this group, effective and timely communication, as well as a clear understanding of needs and resources, are essential. Our experience and extensive track record of successfully completing large-scale projects and highly complex assignments enable us to offer reliable and robust solutions to event organizers of all types and sizes.<br><br><strong>We look forward to working with you,<\/strong><br><strong>Logistics and Group Services Department,<\/strong><br><strong>RAPIDO Bus &amp; Coach<\/strong><\/p>\t\t\t\t\t\t\t\t<\/div>\n\t\t\t\t<\/div>\n\t\t\t\t\t<\/div>\n\t\t\t\t<\/div>\n\t\t<div class=\"elementor-element elementor-element-d894c1b e-flex e-con-boxed e-con e-parent\" data-id=\"d894c1b\" data-element_type=\"container\" data-e-type=\"container\">\n\t\t\t\t\t<div class=\"e-con-inner\">\n\t\t\t\t<div class=\"elementor-element elementor-element-010ce86 elementor-widget elementor-widget-gallery\" data-id=\"010ce86\" data-element_type=\"widget\" data-e-type=\"widget\" data-settings=\"{&quot;lazyload&quot;:&quot;yes&quot;,&quot;gallery_layout&quot;:&quot;grid&quot;,&quot;columns&quot;:4,&quot;columns_tablet&quot;:2,&quot;columns_mobile&quot;:1,&quot;gap&quot;:{&quot;unit&quot;:&quot;px&quot;,&quot;size&quot;:10,&quot;sizes&quot;:[]},&quot;gap_tablet&quot;:{&quot;unit&quot;:&quot;px&quot;,&quot;size&quot;:10,&quot;sizes&quot;:[]},&quot;gap_mobile&quot;:{&quot;unit&quot;:&quot;px&quot;,&quot;size&quot;:10,&quot;sizes&quot;:[]},&quot;link_to&quot;:&quot;file&quot;,&quot;aspect_ratio&quot;:&quot;3:2&quot;,&quot;overlay_background&quot;:&quot;yes&quot;,&quot;content_hover_animation&quot;:&quot;fade-in&quot;}\" data-widget_type=\"gallery.default\">\n\t\t\t\t\t\t\t<div class=\"elementor-gallery__container\">\n\t\t\t\t\t\t\t<a class=\"e-gallery-item elementor-gallery-item elementor-animated-content\" href=\"https:\/\/rapido.com.pl\/wp-content\/uploads\/2026\/03\/b8dd61d9efd3ab18c2825443c304e2b4.Mercedes-Benz_Sprinter_81_VIP_002.webp\" data-elementor-open-lightbox=\"yes\" data-elementor-lightbox-slideshow=\"010ce86\" data-elementor-lightbox-title=\"b8dd61d9efd3ab18c2825443c304e2b4.Mercedes-Benz_Sprinter_81_VIP_002\" data-e-action-hash=\"#elementor-action%3Aaction%3Dlightbox%26settings%3DeyJpZCI6NTg2LCJ1cmwiOiJodHRwczpcL1wvcmFwaWRvLmNvbS5wbFwvd3AtY29udGVudFwvdXBsb2Fkc1wvMjAyNlwvMDNcL2I4ZGQ2MWQ5ZWZkM2FiMThjMjgyNTQ0M2MzMDRlMmI0Lk1lcmNlZGVzLUJlbnpfU3ByaW50ZXJfODFfVklQXzAwMi53ZWJwIiwic2xpZGVzaG93IjoiMDEwY2U4NiJ9\">\n\t\t\t\t\t<div class=\"e-gallery-image elementor-gallery-item__image\" data-thumbnail=\"https:\/\/rapido.com.pl\/wp-content\/uploads\/2026\/03\/b8dd61d9efd3ab18c2825443c304e2b4.Mercedes-Benz_Sprinter_81_VIP_002.webp\" data-width=\"1024\" data-height=\"768\" aria-label=\"\" role=\"img\" ><\/div>\n\t\t\t\t\t\t\t\t\t\t\t<div class=\"elementor-gallery-item__overlay\"><\/div>\n\t\t\t\t\t\t\t\t\t\t\t\t\t\t<\/a>\n\t\t\t\t\t\t\t<a class=\"e-gallery-item elementor-gallery-item elementor-animated-content\" href=\"https:\/\/rapido.com.pl\/wp-content\/uploads\/2026\/03\/sprintervip21_020.jpg\" data-elementor-open-lightbox=\"yes\" data-elementor-lightbox-slideshow=\"010ce86\" data-elementor-lightbox-title=\"sprintervip21_020\" data-e-action-hash=\"#elementor-action%3Aaction%3Dlightbox%26settings%3DeyJpZCI6NTgxLCJ1cmwiOiJodHRwczpcL1wvcmFwaWRvLmNvbS5wbFwvd3AtY29udGVudFwvdXBsb2Fkc1wvMjAyNlwvMDNcL3NwcmludGVydmlwMjFfMDIwLmpwZyIsInNsaWRlc2hvdyI6IjAxMGNlODYifQ%3D%3D\">\n\t\t\t\t\t<div class=\"e-gallery-image elementor-gallery-item__image\" data-thumbnail=\"https:\/\/rapido.com.pl\/wp-content\/uploads\/2026\/03\/sprintervip21_020.jpg\" data-width=\"900\" data-height=\"600\" aria-label=\"\" role=\"img\" ><\/div>\n\t\t\t\t\t\t\t\t\t\t\t<div class=\"elementor-gallery-item__overlay\"><\/div>\n\t\t\t\t\t\t\t\t\t\t\t\t\t\t<\/a>\n\t\t\t\t\t\t\t<a class=\"e-gallery-item elementor-gallery-item elementor-animated-content\" href=\"https:\/\/rapido.com.pl\/wp-content\/uploads\/2026\/03\/sprintervip21_017.jpg\" data-elementor-open-lightbox=\"yes\" data-elementor-lightbox-slideshow=\"010ce86\" data-elementor-lightbox-title=\"sprintervip21_017\" data-e-action-hash=\"#elementor-action%3Aaction%3Dlightbox%26settings%3DeyJpZCI6NTc4LCJ1cmwiOiJodHRwczpcL1wvcmFwaWRvLmNvbS5wbFwvd3AtY29udGVudFwvdXBsb2Fkc1wvMjAyNlwvMDNcL3NwcmludGVydmlwMjFfMDE3LmpwZyIsInNsaWRlc2hvdyI6IjAxMGNlODYifQ%3D%3D\">\n\t\t\t\t\t<div class=\"e-gallery-image elementor-gallery-item__image\" data-thumbnail=\"https:\/\/rapido.com.pl\/wp-content\/uploads\/2026\/03\/sprintervip21_017.jpg\" data-width=\"900\" data-height=\"600\" aria-label=\"\" role=\"img\" ><\/div>\n\t\t\t\t\t\t\t\t\t\t\t<div class=\"elementor-gallery-item__overlay\"><\/div>\n\t\t\t\t\t\t\t\t\t\t\t\t\t\t<\/a>\n\t\t\t\t\t\t\t<a class=\"e-gallery-item elementor-gallery-item elementor-animated-content\" href=\"https:\/\/rapido.com.pl\/wp-content\/uploads\/2026\/03\/sprintervip21_004.jpg\" data-elementor-open-lightbox=\"yes\" data-elementor-lightbox-slideshow=\"010ce86\" data-elementor-lightbox-title=\"sprintervip21_004\" data-e-action-hash=\"#elementor-action%3Aaction%3Dlightbox%26settings%3DeyJpZCI6NTY1LCJ1cmwiOiJodHRwczpcL1wvcmFwaWRvLmNvbS5wbFwvd3AtY29udGVudFwvdXBsb2Fkc1wvMjAyNlwvMDNcL3NwcmludGVydmlwMjFfMDA0LmpwZyIsInNsaWRlc2hvdyI6IjAxMGNlODYifQ%3D%3D\">\n\t\t\t\t\t<div class=\"e-gallery-image elementor-gallery-item__image\" data-thumbnail=\"https:\/\/rapido.com.pl\/wp-content\/uploads\/2026\/03\/sprintervip21_004.jpg\" data-width=\"900\" data-height=\"600\" aria-label=\"\" role=\"img\" ><\/div>\n\t\t\t\t\t\t\t\t\t\t\t<div class=\"elementor-gallery-item__overlay\"><\/div>\n\t\t\t\t\t\t\t\t\t\t\t\t\t\t<\/a>\n\t\t\t\t\t\t\t<a class=\"e-gallery-item elementor-gallery-item elementor-animated-content\" href=\"https:\/\/rapido.com.pl\/wp-content\/uploads\/2026\/03\/010_mercedes_sprinter_221a.jpg\" data-elementor-open-lightbox=\"yes\" data-elementor-lightbox-slideshow=\"010ce86\" data-elementor-lightbox-title=\"010_mercedes_sprinter_221a\" data-e-action-hash=\"#elementor-action%3Aaction%3Dlightbox%26settings%3DeyJpZCI6NTUyLCJ1cmwiOiJodHRwczpcL1wvcmFwaWRvLmNvbS5wbFwvd3AtY29udGVudFwvdXBsb2Fkc1wvMjAyNlwvMDNcLzAxMF9tZXJjZWRlc19zcHJpbnRlcl8yMjFhLmpwZyIsInNsaWRlc2hvdyI6IjAxMGNlODYifQ%3D%3D\">\n\t\t\t\t\t<div class=\"e-gallery-image elementor-gallery-item__image\" data-thumbnail=\"https:\/\/rapido.com.pl\/wp-content\/uploads\/2026\/03\/010_mercedes_sprinter_221a.jpg\" data-width=\"900\" data-height=\"600\" aria-label=\"\" role=\"img\" ><\/div>\n\t\t\t\t\t\t\t\t\t\t\t<div class=\"elementor-gallery-item__overlay\"><\/div>\n\t\t\t\t\t\t\t\t\t\t\t\t\t\t<\/a>\n\t\t\t\t\t\t\t<a class=\"e-gallery-item elementor-gallery-item elementor-animated-content\" href=\"https:\/\/rapido.com.pl\/wp-content\/uploads\/2026\/03\/setra001.jpg\" data-elementor-open-lightbox=\"yes\" data-elementor-lightbox-slideshow=\"010ce86\" data-elementor-lightbox-title=\"setra001\" data-e-action-hash=\"#elementor-action%3Aaction%3Dlightbox%26settings%3DeyJpZCI6NTQ1LCJ1cmwiOiJodHRwczpcL1wvcmFwaWRvLmNvbS5wbFwvd3AtY29udGVudFwvdXBsb2Fkc1wvMjAyNlwvMDNcL3NldHJhMDAxLmpwZyIsInNsaWRlc2hvdyI6IjAxMGNlODYifQ%3D%3D\">\n\t\t\t\t\t<div class=\"e-gallery-image elementor-gallery-item__image\" data-thumbnail=\"https:\/\/rapido.com.pl\/wp-content\/uploads\/2026\/03\/setra001.jpg\" data-width=\"700\" data-height=\"525\" aria-label=\"\" role=\"img\" ><\/div>\n\t\t\t\t\t\t\t\t\t\t\t<div class=\"elementor-gallery-item__overlay\"><\/div>\n\t\t\t\t\t\t\t\t\t\t\t\t\t\t<\/a>\n\t\t\t\t\t\t\t<a class=\"e-gallery-item elementor-gallery-item elementor-animated-content\" href=\"https:\/\/rapido.com.pl\/wp-content\/uploads\/2026\/03\/setra004.jpg\" data-elementor-open-lightbox=\"yes\" data-elementor-lightbox-slideshow=\"010ce86\" data-elementor-lightbox-title=\"setra004\" data-e-action-hash=\"#elementor-action%3Aaction%3Dlightbox%26settings%3DeyJpZCI6NTM0LCJ1cmwiOiJodHRwczpcL1wvcmFwaWRvLmNvbS5wbFwvd3AtY29udGVudFwvdXBsb2Fkc1wvMjAyNlwvMDNcL3NldHJhMDA0LmpwZyIsInNsaWRlc2hvdyI6IjAxMGNlODYifQ%3D%3D\">\n\t\t\t\t\t<div class=\"e-gallery-image elementor-gallery-item__image\" data-thumbnail=\"https:\/\/rapido.com.pl\/wp-content\/uploads\/2026\/03\/setra004.jpg\" data-width=\"700\" data-height=\"467\" aria-label=\"\" role=\"img\" ><\/div>\n\t\t\t\t\t\t\t\t\t\t\t<div class=\"elementor-gallery-item__overlay\"><\/div>\n\t\t\t\t\t\t\t\t\t\t\t\t\t\t<\/a>\n\t\t\t\t\t\t\t<a class=\"e-gallery-item elementor-gallery-item elementor-animated-content\" href=\"https:\/\/rapido.com.pl\/wp-content\/uploads\/2026\/03\/a04b4-1.jpg\" data-elementor-open-lightbox=\"yes\" data-elementor-lightbox-slideshow=\"010ce86\" data-elementor-lightbox-title=\"a04b4 (1)\" data-e-action-hash=\"#elementor-action%3Aaction%3Dlightbox%26settings%3DeyJpZCI6NTE3LCJ1cmwiOiJodHRwczpcL1wvcmFwaWRvLmNvbS5wbFwvd3AtY29udGVudFwvdXBsb2Fkc1wvMjAyNlwvMDNcL2EwNGI0LTEuanBnIiwic2xpZGVzaG93IjoiMDEwY2U4NiJ9\">\n\t\t\t\t\t<div class=\"e-gallery-image elementor-gallery-item__image\" data-thumbnail=\"https:\/\/rapido.com.pl\/wp-content\/uploads\/2026\/03\/a04b4-1.jpg\" data-width=\"700\" data-height=\"467\" aria-label=\"\" role=\"img\" ><\/div>\n\t\t\t\t\t\t\t\t\t\t\t<div class=\"elementor-gallery-item__overlay\"><\/div>\n\t\t\t\t\t\t\t\t\t\t\t\t\t\t<\/a>\n\t\t\t\t\t\t\t<a class=\"e-gallery-item elementor-gallery-item elementor-animated-content\" href=\"https:\/\/rapido.com.pl\/wp-content\/uploads\/2026\/03\/014_Mercedes-Benz_Travego_VIP_532-2.jpg\" data-elementor-open-lightbox=\"yes\" data-elementor-lightbox-slideshow=\"010ce86\" data-elementor-lightbox-title=\"014_Mercedes-Benz_Travego_VIP_532-2\" data-e-action-hash=\"#elementor-action%3Aaction%3Dlightbox%26settings%3DeyJpZCI6NDcyLCJ1cmwiOiJodHRwczpcL1wvcmFwaWRvLmNvbS5wbFwvd3AtY29udGVudFwvdXBsb2Fkc1wvMjAyNlwvMDNcLzAxNF9NZXJjZWRlcy1CZW56X1RyYXZlZ29fVklQXzUzMi0yLmpwZyIsInNsaWRlc2hvdyI6IjAxMGNlODYifQ%3D%3D\">\n\t\t\t\t\t<div class=\"e-gallery-image elementor-gallery-item__image\" data-thumbnail=\"https:\/\/rapido.com.pl\/wp-content\/uploads\/2026\/03\/014_Mercedes-Benz_Travego_VIP_532-2.jpg\" data-width=\"960\" data-height=\"640\" aria-label=\"\" role=\"img\" ><\/div>\n\t\t\t\t\t\t\t\t\t\t\t<div class=\"elementor-gallery-item__overlay\"><\/div>\n\t\t\t\t\t\t\t\t\t\t\t\t\t\t<\/a>\n\t\t\t\t\t\t\t<a class=\"e-gallery-item elementor-gallery-item elementor-animated-content\" href=\"https:\/\/rapido.com.pl\/wp-content\/uploads\/2026\/03\/004_Mercedes-Benz_Travego_VIP_532-2.jpg\" data-elementor-open-lightbox=\"yes\" data-elementor-lightbox-slideshow=\"010ce86\" data-elementor-lightbox-title=\"004_Mercedes-Benz_Travego_VIP_532-2\" data-e-action-hash=\"#elementor-action%3Aaction%3Dlightbox%26settings%3DeyJpZCI6NDY2LCJ1cmwiOiJodHRwczpcL1wvcmFwaWRvLmNvbS5wbFwvd3AtY29udGVudFwvdXBsb2Fkc1wvMjAyNlwvMDNcLzAwNF9NZXJjZWRlcy1CZW56X1RyYXZlZ29fVklQXzUzMi0yLmpwZyIsInNsaWRlc2hvdyI6IjAxMGNlODYifQ%3D%3D\">\n\t\t\t\t\t<div class=\"e-gallery-image elementor-gallery-item__image\" data-thumbnail=\"https:\/\/rapido.com.pl\/wp-content\/uploads\/2026\/03\/004_Mercedes-Benz_Travego_VIP_532-2.jpg\" data-width=\"960\" data-height=\"640\" aria-label=\"\" role=\"img\" ><\/div>\n\t\t\t\t\t\t\t\t\t\t\t<div class=\"elementor-gallery-item__overlay\"><\/div>\n\t\t\t\t\t\t\t\t\t\t\t\t\t\t<\/a>\n\t\t\t\t\t\t\t<a class=\"e-gallery-item elementor-gallery-item elementor-animated-content\" href=\"https:\/\/rapido.com.pl\/wp-content\/uploads\/2026\/03\/sprintervip21_009.jpg\" data-elementor-open-lightbox=\"yes\" data-elementor-lightbox-slideshow=\"010ce86\" data-elementor-lightbox-title=\"sprintervip21_009\" data-e-action-hash=\"#elementor-action%3Aaction%3Dlightbox%26settings%3DeyJpZCI6NTcwLCJ1cmwiOiJodHRwczpcL1wvcmFwaWRvLmNvbS5wbFwvd3AtY29udGVudFwvdXBsb2Fkc1wvMjAyNlwvMDNcL3NwcmludGVydmlwMjFfMDA5LmpwZyIsInNsaWRlc2hvdyI6IjAxMGNlODYifQ%3D%3D\">\n\t\t\t\t\t<div class=\"e-gallery-image elementor-gallery-item__image\" data-thumbnail=\"https:\/\/rapido.com.pl\/wp-content\/uploads\/2026\/03\/sprintervip21_009.jpg\" data-width=\"900\" data-height=\"600\" aria-label=\"\" role=\"img\" ><\/div>\n\t\t\t\t\t\t\t\t\t\t\t<div class=\"elementor-gallery-item__overlay\"><\/div>\n\t\t\t\t\t\t\t\t\t\t\t\t\t\t<\/a>\n\t\t\t\t\t\t\t<a class=\"e-gallery-item elementor-gallery-item elementor-animated-content\" href=\"https:\/\/rapido.com.pl\/wp-content\/uploads\/2026\/03\/sprintervip21_002.jpg\" data-elementor-open-lightbox=\"yes\" data-elementor-lightbox-slideshow=\"010ce86\" data-elementor-lightbox-title=\"sprintervip21_002\" data-e-action-hash=\"#elementor-action%3Aaction%3Dlightbox%26settings%3DeyJpZCI6NTYzLCJ1cmwiOiJodHRwczpcL1wvcmFwaWRvLmNvbS5wbFwvd3AtY29udGVudFwvdXBsb2Fkc1wvMjAyNlwvMDNcL3NwcmludGVydmlwMjFfMDAyLmpwZyIsInNsaWRlc2hvdyI6IjAxMGNlODYifQ%3D%3D\">\n\t\t\t\t\t<div class=\"e-gallery-image elementor-gallery-item__image\" data-thumbnail=\"https:\/\/rapido.com.pl\/wp-content\/uploads\/2026\/03\/sprintervip21_002.jpg\" data-width=\"900\" data-height=\"600\" aria-label=\"\" role=\"img\" ><\/div>\n\t\t\t\t\t\t\t\t\t\t\t<div class=\"elementor-gallery-item__overlay\"><\/div>\n\t\t\t\t\t\t\t\t\t\t\t\t\t\t<\/a>\n\t\t\t\t\t<\/div>\n\t\t\t\t\t<\/div>\n\t\t\t\t\t<\/div>\n\t\t\t\t<\/div>\n\t\t\t\t<\/div>\n\t\t","protected":false},"excerpt":{"rendered":"<p>Logistical challenges Logistical challenges include transporting large groups\u2014ranging from several hundred to 1,000 people\u2014renting multiple coaches, providing services for symposia, conferences, and events, ensuring mobility, and executing transport orders with \u201creal-time\u201d logistics support.When handling multimodal projects, we take care of the organizational and communication aspects, and the client typically receives one or two phone numbers [&hellip;]<\/p>\n","protected":false},"author":1,"featured_media":0,"parent":0,"menu_order":0,"comment_status":"closed","ping_status":"closed","template":"","meta":{"footnotes":""},"class_list":["post-1062","page","type-page","status-publish","hentry"],"_links":{"self":[{"href":"https:\/\/rapido.com.pl\/en\/wp-json\/wp\/v2\/pages\/1062","targetHints":{"allow":["GET"]}}],"collection":[{"href":"https:\/\/rapido.com.pl\/en\/wp-json\/wp\/v2\/pages"}],"about":[{"href":"https:\/\/rapido.com.pl\/en\/wp-json\/wp\/v2\/types\/page"}],"author":[{"embeddable":true,"href":"https:\/\/rapido.com.pl\/en\/wp-json\/wp\/v2\/users\/1"}],"replies":[{"embeddable":true,"href":"https:\/\/rapido.com.pl\/en\/wp-json\/wp\/v2\/comments?post=1062"}],"version-history":[{"count":1,"href":"https:\/\/rapido.com.pl\/en\/wp-json\/wp\/v2\/pages\/1062\/revisions"}],"predecessor-version":[{"id":1065,"href":"https:\/\/rapido.com.pl\/en\/wp-json\/wp\/v2\/pages\/1062\/revisions\/1065"}],"wp:attachment":[{"href":"https:\/\/rapido.com.pl\/en\/wp-json\/wp\/v2\/media?parent=1062"}],"curies":[{"name":"wp","href":"https:\/\/api.w.org\/{rel}","templated":true}]}}