{"id":1066,"date":"2026-03-04T12:58:00","date_gmt":"2026-03-04T11:58:00","guid":{"rendered":"https:\/\/rapido.com.pl\/the-presidential-palace\/"},"modified":"2026-04-15T17:58:56","modified_gmt":"2026-04-15T15:58:56","slug":"the-presidential-palace","status":"publish","type":"page","link":"https:\/\/rapido.com.pl\/en\/the-presidential-palace\/","title":{"rendered":"The Presidential Palace"},"content":{"rendered":"\t\t<div data-elementor-type=\"wp-page\" data-elementor-id=\"1066\" class=\"elementor elementor-1066 elementor-326\" data-elementor-post-type=\"page\">\n\t\t\t\t<div class=\"elementor-element elementor-element-7755130 e-flex e-con-boxed e-con e-parent\" data-id=\"7755130\" data-element_type=\"container\" data-e-type=\"container\" data-settings=\"{&quot;background_background&quot;:&quot;classic&quot;}\">\n\t\t\t\t\t<div class=\"e-con-inner\">\n\t\t\t\t<div class=\"elementor-element elementor-element-a32b325 elementor-invisible elementor-widget elementor-widget-heading\" data-id=\"a32b325\" data-element_type=\"widget\" data-e-type=\"widget\" data-settings=\"{&quot;_animation&quot;:&quot;fadeInLeft&quot;}\" data-widget_type=\"heading.default\">\n\t\t\t\t\t<h2 class=\"elementor-heading-title elementor-size-default\">The Presidential Palace<\/h2>\t\t\t\t<\/div>\n\t\t\t\t\t<\/div>\n\t\t\t\t<\/div>\n\t\t<div class=\"elementor-element elementor-element-db50e7e e-flex e-con-boxed e-con e-parent\" data-id=\"db50e7e\" data-element_type=\"container\" data-e-type=\"container\">\n\t\t\t\t\t<div class=\"e-con-inner\">\n\t\t\t\t<div class=\"elementor-element elementor-element-f78a652 elementor-widget elementor-widget-text-editor\" data-id=\"f78a652\" data-element_type=\"widget\" data-e-type=\"widget\" data-widget_type=\"text-editor.default\">\n\t\t\t\t\t\t\t\t\t<p><strong>The President of Poland\u2019s Castle in Wis\u0142a<\/strong> was built between 1929 and 1930 on the site of a small wooden Habsburg hunting lodge from the early 20th century that had been destroyed by fire. It was a gift from the people of Silesia to the President of the Republic of Poland, Ignacy Mo\u015bcicki, and his successors.<\/p>\t\t\t\t\t\t\t\t<\/div>\n\t\t\t\t\t<\/div>\n\t\t\t\t<\/div>\n\t\t<div class=\"elementor-element elementor-element-512f640 e-flex e-con-boxed e-con e-parent\" data-id=\"512f640\" data-element_type=\"container\" data-e-type=\"container\" data-settings=\"{&quot;background_background&quot;:&quot;classic&quot;}\">\n\t\t\t\t\t<div class=\"e-con-inner\">\n\t\t<div class=\"elementor-element elementor-element-aed43d7 e-con-full e-flex e-con e-child\" data-id=\"aed43d7\" data-element_type=\"container\" data-e-type=\"container\" data-settings=\"{&quot;background_background&quot;:&quot;classic&quot;}\">\n\t\t\t\t<div class=\"elementor-element elementor-element-2541db1 elementor-widget elementor-widget-image\" data-id=\"2541db1\" data-element_type=\"widget\" data-e-type=\"widget\" data-widget_type=\"image.default\">\n\t\t\t\t\t\t\t\t\t\t\t\t\t\t\t<img fetchpriority=\"high\" decoding=\"async\" width=\"579\" height=\"383\" src=\"https:\/\/rapido.com.pl\/wp-content\/uploads\/2026\/03\/zamek_prezydencki_009.jpg\" class=\"attachment-large size-large wp-image-1067\" alt=\"\" srcset=\"https:\/\/rapido.com.pl\/wp-content\/uploads\/2026\/03\/zamek_prezydencki_009.jpg 579w, https:\/\/rapido.com.pl\/wp-content\/uploads\/2026\/03\/zamek_prezydencki_009-300x198.jpg 300w, https:\/\/rapido.com.pl\/wp-content\/uploads\/2026\/03\/zamek_prezydencki_009-500x331.jpg 500w\" sizes=\"(max-width: 579px) 100vw, 579px\" \/>\t\t\t\t\t\t\t\t\t\t\t\t\t\t\t<\/div>\n\t\t\t\t<\/div>\n\t\t<div class=\"elementor-element elementor-element-35c0b37 e-con-full e-flex e-con e-child\" data-id=\"35c0b37\" data-element_type=\"container\" data-e-type=\"container\">\n\t\t\t\t<div class=\"elementor-element elementor-element-4171229 elementor-widget elementor-widget-text-editor\" data-id=\"4171229\" data-element_type=\"widget\" data-e-type=\"widget\" data-widget_type=\"text-editor.default\">\n\t\t\t\t\t\t\t\t\t<p>Efforts to return the Castle to the care of the President of Poland began as early as the early 1990s. Thanks to the support of local authorities and representatives from various sectors, these efforts were successful in 2002. At the initiative of Polish President Aleksander Kwa\u015bniewski, a comprehensive renovation, maintenance, and modernization project was immediately launched to bring the castle up to the contemporary standards of the President of the Republic of Poland\u2019s residence.<\/p>\t\t\t\t\t\t\t\t<\/div>\n\t\t\t\t<\/div>\n\t\t\t\t\t<\/div>\n\t\t\t\t<\/div>\n\t\t<div class=\"elementor-element elementor-element-725a62f e-flex e-con-boxed e-con e-parent\" data-id=\"725a62f\" data-element_type=\"container\" data-e-type=\"container\" data-settings=\"{&quot;background_background&quot;:&quot;classic&quot;}\">\n\t\t\t\t\t<div class=\"e-con-inner\">\n\t\t<div class=\"elementor-element elementor-element-052e266 e-con-full e-flex e-con e-child\" data-id=\"052e266\" data-element_type=\"container\" data-e-type=\"container\">\n\t\t\t\t<div class=\"elementor-element elementor-element-16c0faf elementor-widget elementor-widget-text-editor\" data-id=\"16c0faf\" data-element_type=\"widget\" data-e-type=\"widget\" data-widget_type=\"text-editor.default\">\n\t\t\t\t\t\t\t\t\t<p><strong>Tour itinerary:<\/strong><\/p><p>The tour begins in downtown Wis\u0142a or at your accommodation (groups of 6 or more can book custom tours); we\u2019ll drive through Wis\u0142a toward Wis\u0142a Czarne to the National Historic Complex, stopping along the way at the small dam in Wis\u0142a Czarne, the trout hatchery, and other sites&#8230;..<\/p><p>A tour of the interior of the Presidential Residence, known as the \u201cZamek G\u00f3rny\u201d \u2013 the vacation homes of the current presidents. Next to the castle is the Tyrolean Chapel, built in 1909 during the Habsburg era, which is open to visitors.<\/p><p> &#8211; On the way back, a stop and a walk along the Czernia\u0144skie Lake dam, followed by a drive past the Adam Ma\u0142ysz Ski Jump.<\/p>\t\t\t\t\t\t\t\t<\/div>\n\t\t\t\t<\/div>\n\t\t<div class=\"elementor-element elementor-element-fec8ee1 e-con-full e-flex e-con e-child\" data-id=\"fec8ee1\" data-element_type=\"container\" data-e-type=\"container\" data-settings=\"{&quot;background_background&quot;:&quot;classic&quot;}\">\n\t\t\t\t<div class=\"elementor-element elementor-element-10650da elementor-widget elementor-widget-image\" data-id=\"10650da\" data-element_type=\"widget\" data-e-type=\"widget\" data-widget_type=\"image.default\">\n\t\t\t\t\t\t\t\t\t\t\t\t\t\t\t<img decoding=\"async\" width=\"800\" height=\"532\" src=\"https:\/\/rapido.com.pl\/wp-content\/uploads\/2026\/03\/zamek_prezydencki_007.jpg\" class=\"attachment-large size-large wp-image-1068\" alt=\"\" srcset=\"https:\/\/rapido.com.pl\/wp-content\/uploads\/2026\/03\/zamek_prezydencki_007.jpg 800w, https:\/\/rapido.com.pl\/wp-content\/uploads\/2026\/03\/zamek_prezydencki_007-300x200.jpg 300w, https:\/\/rapido.com.pl\/wp-content\/uploads\/2026\/03\/zamek_prezydencki_007-768x511.jpg 768w, https:\/\/rapido.com.pl\/wp-content\/uploads\/2026\/03\/zamek_prezydencki_007-500x333.jpg 500w, https:\/\/rapido.com.pl\/wp-content\/uploads\/2026\/03\/zamek_prezydencki_007-600x399.jpg 600w\" sizes=\"(max-width: 800px) 100vw, 800px\" \/>\t\t\t\t\t\t\t\t\t\t\t\t\t\t\t<\/div>\n\t\t\t\t<\/div>\n\t\t\t\t\t<\/div>\n\t\t\t\t<\/div>\n\t\t<div class=\"elementor-element elementor-element-a352ef7 e-flex e-con-boxed e-con e-parent\" data-id=\"a352ef7\" data-element_type=\"container\" data-e-type=\"container\" data-settings=\"{&quot;background_background&quot;:&quot;classic&quot;}\">\n\t\t\t\t\t<div class=\"e-con-inner\">\n\t\t<div class=\"elementor-element elementor-element-e73e2f0 e-con-full e-flex e-con e-child\" data-id=\"e73e2f0\" data-element_type=\"container\" data-e-type=\"container\" data-settings=\"{&quot;background_background&quot;:&quot;classic&quot;}\">\n\t\t\t\t<div class=\"elementor-element elementor-element-dcb4ec2 elementor-widget elementor-widget-image\" data-id=\"dcb4ec2\" data-element_type=\"widget\" data-e-type=\"widget\" data-widget_type=\"image.default\">\n\t\t\t\t\t\t\t\t\t\t\t\t\t\t\t<img decoding=\"async\" width=\"640\" height=\"480\" src=\"https:\/\/rapido.com.pl\/wp-content\/uploads\/2026\/03\/zamek_prezydencki_002.jpg\" class=\"attachment-large size-large wp-image-1069\" alt=\"\" srcset=\"https:\/\/rapido.com.pl\/wp-content\/uploads\/2026\/03\/zamek_prezydencki_002.jpg 640w, https:\/\/rapido.com.pl\/wp-content\/uploads\/2026\/03\/zamek_prezydencki_002-300x225.jpg 300w, https:\/\/rapido.com.pl\/wp-content\/uploads\/2026\/03\/zamek_prezydencki_002-500x375.jpg 500w, https:\/\/rapido.com.pl\/wp-content\/uploads\/2026\/03\/zamek_prezydencki_002-600x450.jpg 600w\" sizes=\"(max-width: 640px) 100vw, 640px\" \/>\t\t\t\t\t\t\t\t\t\t\t\t\t\t\t<\/div>\n\t\t\t\t<\/div>\n\t\t<div class=\"elementor-element elementor-element-9491d83 e-con-full e-flex e-con e-child\" data-id=\"9491d83\" data-element_type=\"container\" data-e-type=\"container\">\n\t\t\t\t<div class=\"elementor-element elementor-element-90d3396 elementor-widget elementor-widget-text-editor\" data-id=\"90d3396\" data-element_type=\"widget\" data-e-type=\"widget\" data-widget_type=\"text-editor.default\">\n\t\t\t\t\t\t\t\t\t<p><strong>The tour itinerary includes:<\/strong><\/p><ul><li>guided tour of the castle grounds,<\/li><li>transportation by comfortable minibus or coach,<\/li><li>the assistance of a tour leader or guide,<\/li><li>the dam on Lake Czernia\u0144skie,<\/li><li>a small dam on the Czarna Wis\u0142a,<\/li><li>Ski Jump name Adam Ma\u0142ysz in Wis\u0142a Malinka,<\/li><li>return transfer to your accommodation<\/li><\/ul><p><br><strong>Available optional extras:<\/strong><\/p><ul><li>ski museum,<\/li><li>the climb to the ridge\u2014a panoramic view of the entire Vistula River,<\/li><li>Ma\u0142ysz Gallery,<\/li><\/ul>\t\t\t\t\t\t\t\t<\/div>\n\t\t\t\t<\/div>\n\t\t\t\t\t<\/div>\n\t\t\t\t<\/div>\n\t\t<div class=\"elementor-element elementor-element-9087501 e-flex e-con-boxed e-con e-parent\" data-id=\"9087501\" data-element_type=\"container\" data-e-type=\"container\">\n\t\t\t\t\t<div class=\"e-con-inner\">\n\t\t\t\t<div class=\"elementor-element elementor-element-b43eff3 elementor-widget elementor-widget-text-editor\" data-id=\"b43eff3\" data-element_type=\"widget\" data-e-type=\"widget\" data-widget_type=\"text-editor.default\">\n\t\t\t\t\t\t\t\t\t<p>Important information:<\/p><ul><li>Entry to the Residence is permitted only with a valid ID card,<\/li><li>Registration is required 5 days before the scheduled date of the trip<\/li><\/ul>\t\t\t\t\t\t\t\t<\/div>\n\t\t\t\t<div class=\"elementor-element elementor-element-b8a0669 elementor-widget elementor-widget-gallery\" data-id=\"b8a0669\" data-element_type=\"widget\" data-e-type=\"widget\" data-settings=\"{&quot;lazyload&quot;:&quot;yes&quot;,&quot;gallery_layout&quot;:&quot;grid&quot;,&quot;columns&quot;:4,&quot;columns_tablet&quot;:2,&quot;columns_mobile&quot;:1,&quot;gap&quot;:{&quot;unit&quot;:&quot;px&quot;,&quot;size&quot;:10,&quot;sizes&quot;:[]},&quot;gap_tablet&quot;:{&quot;unit&quot;:&quot;px&quot;,&quot;size&quot;:10,&quot;sizes&quot;:[]},&quot;gap_mobile&quot;:{&quot;unit&quot;:&quot;px&quot;,&quot;size&quot;:10,&quot;sizes&quot;:[]},&quot;link_to&quot;:&quot;file&quot;,&quot;aspect_ratio&quot;:&quot;3:2&quot;,&quot;overlay_background&quot;:&quot;yes&quot;,&quot;content_hover_animation&quot;:&quot;fade-in&quot;}\" data-widget_type=\"gallery.default\">\n\t\t\t\t\t\t\t<div class=\"elementor-gallery__container\">\n\t\t\t\t\t\t\t<a class=\"e-gallery-item elementor-gallery-item elementor-animated-content\" href=\"https:\/\/rapido.com.pl\/wp-content\/uploads\/2026\/03\/zamek_prezydencki_009-1.jpg\" data-elementor-open-lightbox=\"yes\" data-elementor-lightbox-slideshow=\"b8a0669\" data-elementor-lightbox-title=\"zamek_prezydencki_009\" data-e-action-hash=\"#elementor-action%3Aaction%3Dlightbox%26settings%3DeyJpZCI6MTA3MCwidXJsIjoiaHR0cHM6XC9cL3JhcGlkby5jb20ucGxcL3dwLWNvbnRlbnRcL3VwbG9hZHNcLzIwMjZcLzAzXC96YW1la19wcmV6eWRlbmNraV8wMDktMS5qcGciLCJzbGlkZXNob3ciOiJiOGEwNjY5In0%3D\">\n\t\t\t\t\t<div class=\"e-gallery-image elementor-gallery-item__image\" data-thumbnail=\"https:\/\/rapido.com.pl\/wp-content\/uploads\/2026\/03\/zamek_prezydencki_009-1.jpg\" data-width=\"579\" data-height=\"383\" aria-label=\"\" role=\"img\" ><\/div>\n\t\t\t\t\t\t\t\t\t\t\t<div class=\"elementor-gallery-item__overlay\"><\/div>\n\t\t\t\t\t\t\t\t\t\t\t\t\t\t<\/a>\n\t\t\t\t\t\t\t<a class=\"e-gallery-item elementor-gallery-item elementor-animated-content\" href=\"https:\/\/rapido.com.pl\/wp-content\/uploads\/2026\/03\/zamek_prezydencki_010.jpg\" data-elementor-open-lightbox=\"yes\" data-elementor-lightbox-slideshow=\"b8a0669\" data-elementor-lightbox-title=\"zamek_prezydencki_010\" data-e-action-hash=\"#elementor-action%3Aaction%3Dlightbox%26settings%3DeyJpZCI6MTA3MSwidXJsIjoiaHR0cHM6XC9cL3JhcGlkby5jb20ucGxcL3dwLWNvbnRlbnRcL3VwbG9hZHNcLzIwMjZcLzAzXC96YW1la19wcmV6eWRlbmNraV8wMTAuanBnIiwic2xpZGVzaG93IjoiYjhhMDY2OSJ9\">\n\t\t\t\t\t<div class=\"e-gallery-image elementor-gallery-item__image\" data-thumbnail=\"https:\/\/rapido.com.pl\/wp-content\/uploads\/2026\/03\/zamek_prezydencki_010.jpg\" data-width=\"581\" data-height=\"383\" aria-label=\"\" role=\"img\" ><\/div>\n\t\t\t\t\t\t\t\t\t\t\t<div class=\"elementor-gallery-item__overlay\"><\/div>\n\t\t\t\t\t\t\t\t\t\t\t\t\t\t<\/a>\n\t\t\t\t\t\t\t<a class=\"e-gallery-item elementor-gallery-item elementor-animated-content\" href=\"https:\/\/rapido.com.pl\/wp-content\/uploads\/2026\/03\/zamek_prezydencki_008.jpg\" data-elementor-open-lightbox=\"yes\" data-elementor-lightbox-slideshow=\"b8a0669\" data-elementor-lightbox-title=\"zamek_prezydencki_008\" data-e-action-hash=\"#elementor-action%3Aaction%3Dlightbox%26settings%3DeyJpZCI6MTA3MiwidXJsIjoiaHR0cHM6XC9cL3JhcGlkby5jb20ucGxcL3dwLWNvbnRlbnRcL3VwbG9hZHNcLzIwMjZcLzAzXC96YW1la19wcmV6eWRlbmNraV8wMDguanBnIiwic2xpZGVzaG93IjoiYjhhMDY2OSJ9\">\n\t\t\t\t\t<div class=\"e-gallery-image elementor-gallery-item__image\" data-thumbnail=\"https:\/\/rapido.com.pl\/wp-content\/uploads\/2026\/03\/zamek_prezydencki_008.jpg\" data-width=\"571\" data-height=\"380\" aria-label=\"\" role=\"img\" ><\/div>\n\t\t\t\t\t\t\t\t\t\t\t<div class=\"elementor-gallery-item__overlay\"><\/div>\n\t\t\t\t\t\t\t\t\t\t\t\t\t\t<\/a>\n\t\t\t\t\t\t\t<a class=\"e-gallery-item elementor-gallery-item elementor-animated-content\" href=\"https:\/\/rapido.com.pl\/wp-content\/uploads\/2026\/03\/zamek_prezydencki_006.jpg\" data-elementor-open-lightbox=\"yes\" data-elementor-lightbox-slideshow=\"b8a0669\" data-elementor-lightbox-title=\"zamek_prezydencki_006\" data-e-action-hash=\"#elementor-action%3Aaction%3Dlightbox%26settings%3DeyJpZCI6MTA3MywidXJsIjoiaHR0cHM6XC9cL3JhcGlkby5jb20ucGxcL3dwLWNvbnRlbnRcL3VwbG9hZHNcLzIwMjZcLzAzXC96YW1la19wcmV6eWRlbmNraV8wMDYuanBnIiwic2xpZGVzaG93IjoiYjhhMDY2OSJ9\">\n\t\t\t\t\t<div class=\"e-gallery-image elementor-gallery-item__image\" data-thumbnail=\"https:\/\/rapido.com.pl\/wp-content\/uploads\/2026\/03\/zamek_prezydencki_006.jpg\" data-width=\"600\" data-height=\"400\" aria-label=\"\" role=\"img\" ><\/div>\n\t\t\t\t\t\t\t\t\t\t\t<div class=\"elementor-gallery-item__overlay\"><\/div>\n\t\t\t\t\t\t\t\t\t\t\t\t\t\t<\/a>\n\t\t\t\t\t\t\t<a class=\"e-gallery-item elementor-gallery-item elementor-animated-content\" href=\"https:\/\/rapido.com.pl\/wp-content\/uploads\/2026\/03\/zamek_prezydencki_004.jpg\" data-elementor-open-lightbox=\"yes\" data-elementor-lightbox-slideshow=\"b8a0669\" data-elementor-lightbox-title=\"zamek_prezydencki_004\" data-e-action-hash=\"#elementor-action%3Aaction%3Dlightbox%26settings%3DeyJpZCI6MTA3NCwidXJsIjoiaHR0cHM6XC9cL3JhcGlkby5jb20ucGxcL3dwLWNvbnRlbnRcL3VwbG9hZHNcLzIwMjZcLzAzXC96YW1la19wcmV6eWRlbmNraV8wMDQuanBnIiwic2xpZGVzaG93IjoiYjhhMDY2OSJ9\">\n\t\t\t\t\t<div class=\"e-gallery-image elementor-gallery-item__image\" data-thumbnail=\"https:\/\/rapido.com.pl\/wp-content\/uploads\/2026\/03\/zamek_prezydencki_004.jpg\" data-width=\"580\" data-height=\"385\" aria-label=\"\" role=\"img\" ><\/div>\n\t\t\t\t\t\t\t\t\t\t\t<div class=\"elementor-gallery-item__overlay\"><\/div>\n\t\t\t\t\t\t\t\t\t\t\t\t\t\t<\/a>\n\t\t\t\t\t\t\t<a class=\"e-gallery-item elementor-gallery-item elementor-animated-content\" href=\"https:\/\/rapido.com.pl\/wp-content\/uploads\/2026\/03\/zamek_prezydencki_003.jpg\" data-elementor-open-lightbox=\"yes\" data-elementor-lightbox-slideshow=\"b8a0669\" data-elementor-lightbox-title=\"zdjecie zameczku\" data-e-action-hash=\"#elementor-action%3Aaction%3Dlightbox%26settings%3DeyJpZCI6MTA3NSwidXJsIjoiaHR0cHM6XC9cL3JhcGlkby5jb20ucGxcL3dwLWNvbnRlbnRcL3VwbG9hZHNcLzIwMjZcLzAzXC96YW1la19wcmV6eWRlbmNraV8wMDMuanBnIiwic2xpZGVzaG93IjoiYjhhMDY2OSJ9\">\n\t\t\t\t\t<div class=\"e-gallery-image elementor-gallery-item__image\" data-thumbnail=\"https:\/\/rapido.com.pl\/wp-content\/uploads\/2026\/03\/zamek_prezydencki_003.jpg\" data-width=\"581\" data-height=\"387\" aria-label=\"\" role=\"img\" ><\/div>\n\t\t\t\t\t\t\t\t\t\t\t<div class=\"elementor-gallery-item__overlay\"><\/div>\n\t\t\t\t\t\t\t\t\t\t\t\t\t\t<\/a>\n\t\t\t\t\t\t\t<a class=\"e-gallery-item elementor-gallery-item elementor-animated-content\" href=\"https:\/\/rapido.com.pl\/wp-content\/uploads\/2026\/03\/zamek_prezydencki_002-1.jpg\" data-elementor-open-lightbox=\"yes\" data-elementor-lightbox-slideshow=\"b8a0669\" data-elementor-lightbox-title=\"zamek_prezydencki_002\" data-e-action-hash=\"#elementor-action%3Aaction%3Dlightbox%26settings%3DeyJpZCI6MTA3NiwidXJsIjoiaHR0cHM6XC9cL3JhcGlkby5jb20ucGxcL3dwLWNvbnRlbnRcL3VwbG9hZHNcLzIwMjZcLzAzXC96YW1la19wcmV6eWRlbmNraV8wMDItMS5qcGciLCJzbGlkZXNob3ciOiJiOGEwNjY5In0%3D\">\n\t\t\t\t\t<div class=\"e-gallery-image elementor-gallery-item__image\" data-thumbnail=\"https:\/\/rapido.com.pl\/wp-content\/uploads\/2026\/03\/zamek_prezydencki_002-1.jpg\" data-width=\"640\" data-height=\"480\" aria-label=\"\" role=\"img\" ><\/div>\n\t\t\t\t\t\t\t\t\t\t\t<div class=\"elementor-gallery-item__overlay\"><\/div>\n\t\t\t\t\t\t\t\t\t\t\t\t\t\t<\/a>\n\t\t\t\t\t\t\t<a class=\"e-gallery-item elementor-gallery-item elementor-animated-content\" href=\"https:\/\/rapido.com.pl\/wp-content\/uploads\/2026\/03\/zamek_prezydencki_007-1.jpg\" data-elementor-open-lightbox=\"yes\" data-elementor-lightbox-slideshow=\"b8a0669\" data-elementor-lightbox-title=\"zameczek wis\u00b3a\" data-e-action-hash=\"#elementor-action%3Aaction%3Dlightbox%26settings%3DeyJpZCI6MTA3NywidXJsIjoiaHR0cHM6XC9cL3JhcGlkby5jb20ucGxcL3dwLWNvbnRlbnRcL3VwbG9hZHNcLzIwMjZcLzAzXC96YW1la19wcmV6eWRlbmNraV8wMDctMS5qcGciLCJzbGlkZXNob3ciOiJiOGEwNjY5In0%3D\">\n\t\t\t\t\t<div class=\"e-gallery-image elementor-gallery-item__image\" data-thumbnail=\"https:\/\/rapido.com.pl\/wp-content\/uploads\/2026\/03\/zamek_prezydencki_007-1.jpg\" data-width=\"800\" data-height=\"532\" aria-label=\"\" role=\"img\" ><\/div>\n\t\t\t\t\t\t\t\t\t\t\t<div class=\"elementor-gallery-item__overlay\"><\/div>\n\t\t\t\t\t\t\t\t\t\t\t\t\t\t<\/a>\n\t\t\t\t\t<\/div>\n\t\t\t\t\t<\/div>\n\t\t\t\t\t<\/div>\n\t\t\t\t<\/div>\n\t\t\t\t<\/div>\n\t\t","protected":false},"excerpt":{"rendered":"<p>The Presidential Palace The President of Poland\u2019s Castle in Wis\u0142a was built between 1929 and 1930 on the site of a small wooden Habsburg hunting lodge from the early 20th century that had been destroyed by fire. It was a gift from the people of Silesia to the President of the Republic of Poland, Ignacy [&hellip;]<\/p>\n","protected":false},"author":1,"featured_media":0,"parent":0,"menu_order":0,"comment_status":"closed","ping_status":"closed","template":"","meta":{"footnotes":""},"class_list":["post-1066","page","type-page","status-publish","hentry"],"_links":{"self":[{"href":"https:\/\/rapido.com.pl\/en\/wp-json\/wp\/v2\/pages\/1066","targetHints":{"allow":["GET"]}}],"collection":[{"href":"https:\/\/rapido.com.pl\/en\/wp-json\/wp\/v2\/pages"}],"about":[{"href":"https:\/\/rapido.com.pl\/en\/wp-json\/wp\/v2\/types\/page"}],"author":[{"embeddable":true,"href":"https:\/\/rapido.com.pl\/en\/wp-json\/wp\/v2\/users\/1"}],"replies":[{"embeddable":true,"href":"https:\/\/rapido.com.pl\/en\/wp-json\/wp\/v2\/comments?post=1066"}],"version-history":[{"count":1,"href":"https:\/\/rapido.com.pl\/en\/wp-json\/wp\/v2\/pages\/1066\/revisions"}],"predecessor-version":[{"id":1078,"href":"https:\/\/rapido.com.pl\/en\/wp-json\/wp\/v2\/pages\/1066\/revisions\/1078"}],"wp:attachment":[{"href":"https:\/\/rapido.com.pl\/en\/wp-json\/wp\/v2\/media?parent=1066"}],"curies":[{"name":"wp","href":"https:\/\/api.w.org\/{rel}","templated":true}]}}