{"id":925,"date":"2026-03-04T12:53:09","date_gmt":"2026-03-04T11:53:09","guid":{"rendered":"https:\/\/rapido.com.pl\/news\/"},"modified":"2026-04-15T13:24:48","modified_gmt":"2026-04-15T11:24:48","slug":"news","status":"publish","type":"page","link":"https:\/\/rapido.com.pl\/en\/news\/","title":{"rendered":"News"},"content":{"rendered":"<h2>News<\/h2>\n<h2>\n\t\t\t<a href=\"https:\/\/rapido.com.pl\/witaj-swiecie\/\" target=\"_self\"><br \/>\n\t\t\t\tWitaj, \u015bwiecie!\t\t\t<\/a><br \/>\n\t\t<\/h2>\n<p>\t\t\t\t\t\t\t\u2022<br \/>\n\t\t\t\t\t2026-02-05<\/p>\n<p>Witamy w WordPressie. To jest tw\u00f3j pierwszy wpis. Edytuj go lub usu\u0144, a nast\u0119pnie zacznij pisa\u0107!<\/p>\n","protected":false},"excerpt":{"rendered":"<p>News Witaj, \u015bwiecie! \u2022 2026-02-05 Witamy w WordPressie. To jest tw\u00f3j pierwszy wpis. Edytuj go lub usu\u0144, a nast\u0119pnie zacznij pisa\u0107!<\/p>\n","protected":false},"author":1,"featured_media":0,"parent":0,"menu_order":0,"comment_status":"closed","ping_status":"closed","template":"","meta":{"footnotes":""},"class_list":["post-925","page","type-page","status-publish","hentry"],"_links":{"self":[{"href":"https:\/\/rapido.com.pl\/en\/wp-json\/wp\/v2\/pages\/925","targetHints":{"allow":["GET"]}}],"collection":[{"href":"https:\/\/rapido.com.pl\/en\/wp-json\/wp\/v2\/pages"}],"about":[{"href":"https:\/\/rapido.com.pl\/en\/wp-json\/wp\/v2\/types\/page"}],"author":[{"embeddable":true,"href":"https:\/\/rapido.com.pl\/en\/wp-json\/wp\/v2\/users\/1"}],"replies":[{"embeddable":true,"href":"https:\/\/rapido.com.pl\/en\/wp-json\/wp\/v2\/comments?post=925"}],"version-history":[{"count":1,"href":"https:\/\/rapido.com.pl\/en\/wp-json\/wp\/v2\/pages\/925\/revisions"}],"predecessor-version":[{"id":926,"href":"https:\/\/rapido.com.pl\/en\/wp-json\/wp\/v2\/pages\/925\/revisions\/926"}],"wp:attachment":[{"href":"https:\/\/rapido.com.pl\/en\/wp-json\/wp\/v2\/media?parent=925"}],"curies":[{"name":"wp","href":"https:\/\/api.w.org\/{rel}","templated":true}]}}