{"id":927,"date":"2026-03-27T11:18:59","date_gmt":"2026-03-27T10:18:59","guid":{"rendered":"https:\/\/rapido.com.pl\/vip\/"},"modified":"2026-04-15T14:15:24","modified_gmt":"2026-04-15T12:15:24","slug":"vip","status":"publish","type":"page","link":"https:\/\/rapido.com.pl\/en\/vip\/","title":{"rendered":"VIP"},"content":{"rendered":"\t\t<div data-elementor-type=\"wp-page\" data-elementor-id=\"927\" class=\"elementor elementor-927 elementor-826\" data-elementor-post-type=\"page\">\n\t\t\t\t<div class=\"elementor-element elementor-element-03cd189 e-flex e-con-boxed e-con e-parent\" data-id=\"03cd189\" data-element_type=\"container\" data-e-type=\"container\" data-settings=\"{&quot;background_background&quot;:&quot;classic&quot;}\">\n\t\t\t\t\t<div class=\"e-con-inner\">\n\t\t\t\t<div class=\"elementor-element elementor-element-12890a9 elementor-invisible elementor-widget elementor-widget-heading\" data-id=\"12890a9\" data-element_type=\"widget\" data-e-type=\"widget\" data-settings=\"{&quot;_animation&quot;:&quot;fadeInLeft&quot;}\" data-widget_type=\"heading.default\">\n\t\t\t\t\t<h2 class=\"elementor-heading-title elementor-size-default\">VIP<\/h2>\t\t\t\t<\/div>\n\t\t\t\t\t<\/div>\n\t\t\t\t<\/div>\n\t\t<div class=\"elementor-element elementor-element-d5105ec e-flex e-con-boxed e-con e-parent\" data-id=\"d5105ec\" data-element_type=\"container\" data-e-type=\"container\">\n\t\t\t\t\t<div class=\"e-con-inner\">\n\t\t\t\t<div class=\"elementor-element elementor-element-edf468c elementor-widget elementor-widget-text-editor\" data-id=\"edf468c\" data-element_type=\"widget\" data-e-type=\"widget\" data-widget_type=\"text-editor.default\">\n\t\t\t\t\t\t\t\t\t<p><strong>VIP \u2013 customized service, professional staff, prompt and efficient communication.<\/strong><br>Rental of buses and coaches that meet the standards required for transporting VIP or high-profile guests, including diplomatic services.<\/p>\t\t\t\t\t\t\t\t<\/div>\n\t\t\t\t\t<\/div>\n\t\t\t\t<\/div>\n\t\t<div class=\"elementor-element elementor-element-f993faf e-flex e-con-boxed e-con e-parent\" data-id=\"f993faf\" data-element_type=\"container\" data-e-type=\"container\" data-settings=\"{&quot;background_background&quot;:&quot;classic&quot;}\">\n\t\t\t\t\t<div class=\"e-con-inner\">\n\t\t<div class=\"elementor-element elementor-element-e8eb0d5 e-con-full e-flex e-con e-child\" data-id=\"e8eb0d5\" data-element_type=\"container\" data-e-type=\"container\" data-settings=\"{&quot;background_background&quot;:&quot;classic&quot;}\">\n\t\t\t\t<div class=\"elementor-element elementor-element-db8afdc elementor-widget elementor-widget-image\" data-id=\"db8afdc\" data-element_type=\"widget\" data-e-type=\"widget\" data-widget_type=\"image.default\">\n\t\t\t\t\t\t\t\t\t\t\t\t\t\t\t<img fetchpriority=\"high\" decoding=\"async\" width=\"800\" height=\"533\" src=\"https:\/\/rapido.com.pl\/wp-content\/uploads\/2026\/03\/001_mercedes_sprinter_221a.jpg\" class=\"attachment-large size-large wp-image-1204\" alt=\"\" srcset=\"https:\/\/rapido.com.pl\/wp-content\/uploads\/2026\/03\/001_mercedes_sprinter_221a.jpg 900w, https:\/\/rapido.com.pl\/wp-content\/uploads\/2026\/03\/001_mercedes_sprinter_221a-300x200.jpg 300w, https:\/\/rapido.com.pl\/wp-content\/uploads\/2026\/03\/001_mercedes_sprinter_221a-768x512.jpg 768w, https:\/\/rapido.com.pl\/wp-content\/uploads\/2026\/03\/001_mercedes_sprinter_221a-500x333.jpg 500w, https:\/\/rapido.com.pl\/wp-content\/uploads\/2026\/03\/001_mercedes_sprinter_221a-600x400.jpg 600w\" sizes=\"(max-width: 800px) 100vw, 800px\" \/>\t\t\t\t\t\t\t\t\t\t\t\t\t\t\t<\/div>\n\t\t\t\t<\/div>\n\t\t<div class=\"elementor-element elementor-element-c4d398a e-con-full e-flex e-con e-child\" data-id=\"c4d398a\" data-element_type=\"container\" data-e-type=\"container\">\n\t\t\t\t<div class=\"elementor-element elementor-element-3916fe9 elementor-widget elementor-widget-text-editor\" data-id=\"3916fe9\" data-element_type=\"widget\" data-e-type=\"widget\" data-widget_type=\"text-editor.default\">\n\t\t\t\t\t\t\t\t\t<ul><li>professional transportation and logistics solutions,<\/li><li>coordination of transportation services for large and small conferences, symposia, training sessions, and international conventions,<\/li><li>transportation of conference participants by coach and minibus between hotels,<\/li><li>Airport transfers, airports: Katowice-Pyrzowice, Krak\u00f3w, Balice, Warsaw, Ostrava, Wroc\u0142aw, Pozna\u0144, Brno, Vienna, Bratislava<\/li><li>Transportation to train and bus stations (identifying the most convenient and fastest connections\u2014the best-located stations, taking into account actual transfer times, etc.)<\/li><li>projects in the specified locations, including abroad,<\/li><li>Shuttle Bus Services (buses, coaches, vans, 4x4s)<\/li><li>Modern, stylish vehicles and elegant drivers.<\/li><\/ul><p><br>Our experience in managing conferences and serving VIP and high-profile clients allows us to select and recommend the most advantageous solutions, ensuring the highest level of comfort, quality, and precision in our services.<\/p>\t\t\t\t\t\t\t\t<\/div>\n\t\t\t\t<\/div>\n\t\t\t\t\t<\/div>\n\t\t\t\t<\/div>\n\t\t\t\t<\/div>\n\t\t","protected":false},"excerpt":{"rendered":"<p>VIP VIP \u2013 customized service, professional staff, prompt and efficient communication.Rental of buses and coaches that meet the standards required for transporting VIP or high-profile guests, including diplomatic services. professional transportation and logistics solutions, coordination of transportation services for large and small conferences, symposia, training sessions, and international conventions, transportation of conference participants by coach [&hellip;]<\/p>\n","protected":false},"author":1,"featured_media":0,"parent":0,"menu_order":0,"comment_status":"closed","ping_status":"closed","template":"","meta":{"footnotes":""},"class_list":["post-927","page","type-page","status-publish","hentry"],"_links":{"self":[{"href":"https:\/\/rapido.com.pl\/en\/wp-json\/wp\/v2\/pages\/927","targetHints":{"allow":["GET"]}}],"collection":[{"href":"https:\/\/rapido.com.pl\/en\/wp-json\/wp\/v2\/pages"}],"about":[{"href":"https:\/\/rapido.com.pl\/en\/wp-json\/wp\/v2\/types\/page"}],"author":[{"embeddable":true,"href":"https:\/\/rapido.com.pl\/en\/wp-json\/wp\/v2\/users\/1"}],"replies":[{"embeddable":true,"href":"https:\/\/rapido.com.pl\/en\/wp-json\/wp\/v2\/comments?post=927"}],"version-history":[{"count":1,"href":"https:\/\/rapido.com.pl\/en\/wp-json\/wp\/v2\/pages\/927\/revisions"}],"predecessor-version":[{"id":928,"href":"https:\/\/rapido.com.pl\/en\/wp-json\/wp\/v2\/pages\/927\/revisions\/928"}],"wp:attachment":[{"href":"https:\/\/rapido.com.pl\/en\/wp-json\/wp\/v2\/media?parent=927"}],"curies":[{"name":"wp","href":"https:\/\/api.w.org\/{rel}","templated":true}]}}