{"id":961,"date":"2026-03-04T12:11:53","date_gmt":"2026-03-04T11:11:53","guid":{"rendered":"https:\/\/rapido.com.pl\/sleigh-rides\/"},"modified":"2026-04-15T14:57:22","modified_gmt":"2026-04-15T12:57:22","slug":"sleigh-rides","status":"publish","type":"page","link":"https:\/\/rapido.com.pl\/en\/sleigh-rides\/","title":{"rendered":"Sleigh rides"},"content":{"rendered":"\t\t<div data-elementor-type=\"wp-page\" data-elementor-id=\"961\" class=\"elementor elementor-961 elementor-265\" data-elementor-post-type=\"page\">\n\t\t\t\t<div class=\"elementor-element elementor-element-883cfec e-flex e-con-boxed e-con e-parent\" data-id=\"883cfec\" data-element_type=\"container\" data-e-type=\"container\" data-settings=\"{&quot;background_background&quot;:&quot;classic&quot;}\">\n\t\t\t\t\t<div class=\"e-con-inner\">\n\t\t\t\t<div class=\"elementor-element elementor-element-bdc39e7 elementor-invisible elementor-widget elementor-widget-heading\" data-id=\"bdc39e7\" data-element_type=\"widget\" data-e-type=\"widget\" data-settings=\"{&quot;_animation&quot;:&quot;fadeInLeft&quot;}\" data-widget_type=\"heading.default\">\n\t\t\t\t\t<h2 class=\"elementor-heading-title elementor-size-default\">Sleigh rides in Wis\u0142a<\/h2>\t\t\t\t<\/div>\n\t\t\t\t\t<\/div>\n\t\t\t\t<\/div>\n\t\t<div class=\"elementor-element elementor-element-145d562 e-flex e-con-boxed e-con e-parent\" data-id=\"145d562\" data-element_type=\"container\" data-e-type=\"container\">\n\t\t\t\t\t<div class=\"e-con-inner\">\n\t\t\t\t<div class=\"elementor-element elementor-element-05ba48d elementor-widget elementor-widget-text-editor\" data-id=\"05ba48d\" data-element_type=\"widget\" data-e-type=\"widget\" data-widget_type=\"text-editor.default\">\n\t\t\t\t\t\t\t\t\t<p>We invite you to join us for a sleigh ride in Wis\u0142a for groups of 3 to 1,000 people. The route, which winds through one of the most charming valleys in the Wis\u0142a region (the Bia\u0142a Wise\u0142ka Valley sleigh ride), guarantees an unforgettable experience, an intimate setting, and a wonderful atmosphere for both small and large groups. The warmth of a crackling bonfire, delicious highlander dishes, and the cozy interior of the koliba ensure that a sleigh ride in Wis\u0142a creates unforgettable memories and guarantees a great time.  <\/p>\t\t\t\t\t\t\t\t<\/div>\n\t\t\t\t\t<\/div>\n\t\t\t\t<\/div>\n\t\t<div class=\"elementor-element elementor-element-20cf60f e-flex e-con-boxed e-con e-parent\" data-id=\"20cf60f\" data-element_type=\"container\" data-e-type=\"container\" data-settings=\"{&quot;background_background&quot;:&quot;classic&quot;}\">\n\t\t\t\t\t<div class=\"e-con-inner\">\n\t\t<div class=\"elementor-element elementor-element-6766129 e-con-full e-flex e-con e-child\" data-id=\"6766129\" data-element_type=\"container\" data-e-type=\"container\" data-settings=\"{&quot;background_background&quot;:&quot;classic&quot;}\">\n\t\t\t\t<div class=\"elementor-element elementor-element-9f9452a elementor-widget elementor-widget-image\" data-id=\"9f9452a\" data-element_type=\"widget\" data-e-type=\"widget\" data-widget_type=\"image.default\">\n\t\t\t\t\t\t\t\t\t\t\t\t\t\t\t<img fetchpriority=\"high\" decoding=\"async\" width=\"800\" height=\"600\" src=\"https:\/\/rapido.com.pl\/wp-content\/uploads\/2026\/03\/006_logien.jpg\" class=\"attachment-large size-large wp-image-701\" alt=\"\" srcset=\"https:\/\/rapido.com.pl\/wp-content\/uploads\/2026\/03\/006_logien.jpg 800w, https:\/\/rapido.com.pl\/wp-content\/uploads\/2026\/03\/006_logien-300x225.jpg 300w, https:\/\/rapido.com.pl\/wp-content\/uploads\/2026\/03\/006_logien-768x576.jpg 768w, https:\/\/rapido.com.pl\/wp-content\/uploads\/2026\/03\/006_logien-500x375.jpg 500w, https:\/\/rapido.com.pl\/wp-content\/uploads\/2026\/03\/006_logien-600x450.jpg 600w\" sizes=\"(max-width: 800px) 100vw, 800px\" \/>\t\t\t\t\t\t\t\t\t\t\t\t\t\t\t<\/div>\n\t\t\t\t<\/div>\n\t\t<div class=\"elementor-element elementor-element-76b30bf e-con-full e-flex e-con e-child\" data-id=\"76b30bf\" data-element_type=\"container\" data-e-type=\"container\">\n\t\t\t\t<div class=\"elementor-element elementor-element-1da8f99 elementor-widget elementor-widget-text-editor\" data-id=\"1da8f99\" data-element_type=\"widget\" data-e-type=\"widget\" data-widget_type=\"text-editor.default\">\n\t\t\t\t\t\t\t\t\t<p>The journey to the sleigh ride in the Bia\u0142a Wise\u0142ka Valley follows a picturesque, winding road along Lake Czarnia\u0144skie\u2014even during the transfer by luxury minibus or coach, participants are immersed in the scenic landscape before finally arriving at the mouth of the valley, where horse-drawn sleighs or carriages will be waiting for them.<\/p><p>After the ride, participants head to a mountain hut where, using the heat of the bonfire, they can roast a sausage over the fire themselves or, depending on the set menu, sample the delicacies of highlander cuisine \u2014 and it should be noted that the menu is extensive, and the dishes, prepared according to traditional recipes, are hearty and delicious, while mulled beer or mulled wine are perfect for warming up.<\/p>\t\t\t\t\t\t\t\t<\/div>\n\t\t\t\t<\/div>\n\t\t\t\t\t<\/div>\n\t\t\t\t<\/div>\n\t\t<div class=\"elementor-element elementor-element-d625f6e e-flex e-con-boxed e-con e-parent\" data-id=\"d625f6e\" data-element_type=\"container\" data-e-type=\"container\" data-settings=\"{&quot;background_background&quot;:&quot;classic&quot;}\">\n\t\t\t\t\t<div class=\"e-con-inner\">\n\t\t<div class=\"elementor-element elementor-element-14c1eec e-con-full e-flex e-con e-child\" data-id=\"14c1eec\" data-element_type=\"container\" data-e-type=\"container\">\n\t\t\t\t<div class=\"elementor-element elementor-element-273f720 elementor-widget elementor-widget-text-editor\" data-id=\"273f720\" data-element_type=\"widget\" data-e-type=\"widget\" data-widget_type=\"text-editor.default\">\n\t\t\t\t\t\t\t\t\t<p><strong>Summer or winter sleigh rides for groups of 3 to 300 people:<\/strong><\/p><p><strong>The sleigh ride program includes:<\/strong><\/p><ul><li>transportation of the group to the starting point of the sleigh ride (by minibus or coach),<\/li><li>a sleigh or wagon ride through the Bia\u0142a Wise\u0142ka Valley*,<br>bonfire and roasting<\/li><li>sausages \u2013 (menu \u2013 made to order: traditional Polish cuisine, regional cuisine),<\/li><li>return bus ride to the accommodation,<\/li><li>assistance from a tour leader, guide, or activity leader<\/li><\/ul>\t\t\t\t\t\t\t\t<\/div>\n\t\t\t\t<\/div>\n\t\t<div class=\"elementor-element elementor-element-f7a2835 e-con-full e-flex e-con e-child\" data-id=\"f7a2835\" data-element_type=\"container\" data-e-type=\"container\" data-settings=\"{&quot;background_background&quot;:&quot;classic&quot;}\">\n\t\t\t\t<div class=\"elementor-element elementor-element-88888a7 elementor-widget elementor-widget-image\" data-id=\"88888a7\" data-element_type=\"widget\" data-e-type=\"widget\" data-widget_type=\"image.default\">\n\t\t\t\t\t\t\t\t\t\t\t\t\t\t\t<img decoding=\"async\" width=\"622\" height=\"467\" src=\"https:\/\/rapido.com.pl\/wp-content\/uploads\/2026\/03\/001c_010rapido_kulig.jpg\" class=\"attachment-large size-large wp-image-712\" alt=\"\" srcset=\"https:\/\/rapido.com.pl\/wp-content\/uploads\/2026\/03\/001c_010rapido_kulig.jpg 622w, https:\/\/rapido.com.pl\/wp-content\/uploads\/2026\/03\/001c_010rapido_kulig-300x225.jpg 300w, https:\/\/rapido.com.pl\/wp-content\/uploads\/2026\/03\/001c_010rapido_kulig-500x375.jpg 500w, https:\/\/rapido.com.pl\/wp-content\/uploads\/2026\/03\/001c_010rapido_kulig-600x450.jpg 600w\" sizes=\"(max-width: 622px) 100vw, 622px\" \/>\t\t\t\t\t\t\t\t\t\t\t\t\t\t\t<\/div>\n\t\t\t\t<\/div>\n\t\t\t\t\t<\/div>\n\t\t\t\t<\/div>\n\t\t<div class=\"elementor-element elementor-element-f37d5ba e-flex e-con-boxed e-con e-parent\" data-id=\"f37d5ba\" data-element_type=\"container\" data-e-type=\"container\" data-settings=\"{&quot;background_background&quot;:&quot;classic&quot;}\">\n\t\t\t\t\t<div class=\"e-con-inner\">\n\t\t<div class=\"elementor-element elementor-element-5ff187d e-con-full e-flex e-con e-child\" data-id=\"5ff187d\" data-element_type=\"container\" data-e-type=\"container\" data-settings=\"{&quot;background_background&quot;:&quot;classic&quot;}\">\n\t\t\t\t<div class=\"elementor-element elementor-element-ed616ef elementor-widget elementor-widget-image\" data-id=\"ed616ef\" data-element_type=\"widget\" data-e-type=\"widget\" data-widget_type=\"image.default\">\n\t\t\t\t\t\t\t\t\t\t\t\t\t\t\t<img decoding=\"async\" width=\"700\" height=\"467\" src=\"https:\/\/rapido.com.pl\/wp-content\/uploads\/2026\/03\/002koliba_kapela.jpg\" class=\"attachment-large size-large wp-image-713\" alt=\"\" srcset=\"https:\/\/rapido.com.pl\/wp-content\/uploads\/2026\/03\/002koliba_kapela.jpg 700w, https:\/\/rapido.com.pl\/wp-content\/uploads\/2026\/03\/002koliba_kapela-300x200.jpg 300w, https:\/\/rapido.com.pl\/wp-content\/uploads\/2026\/03\/002koliba_kapela-500x334.jpg 500w, https:\/\/rapido.com.pl\/wp-content\/uploads\/2026\/03\/002koliba_kapela-600x400.jpg 600w\" sizes=\"(max-width: 700px) 100vw, 700px\" \/>\t\t\t\t\t\t\t\t\t\t\t\t\t\t\t<\/div>\n\t\t\t\t<\/div>\n\t\t<div class=\"elementor-element elementor-element-e329b4a e-con-full e-flex e-con e-child\" data-id=\"e329b4a\" data-element_type=\"container\" data-e-type=\"container\">\n\t\t\t\t<div class=\"elementor-element elementor-element-ef107f8 elementor-widget elementor-widget-text-editor\" data-id=\"ef107f8\" data-element_type=\"widget\" data-e-type=\"widget\" data-widget_type=\"text-editor.default\">\n\t\t\t\t\t\t\t\t\t<p><strong>Available optional extras:<\/strong><\/p><ul><li>Highlander dishes \u2013 check out our selection of delicious Highlander dishes,<\/li><li>highlander band<\/li><li>a storyteller and highlander educator&#8230;<\/li><li>robberies and bandit challenges \u2013 bandits know no mercy, but they can be bribed\u2026 team-building challenges (sawing logs with a \u201cmine-yours\u201d saw, highlander-style PlayStation&#8230;)<\/li><li>Menu at the mountain hut to be determined<\/li><\/ul><p><br>Sleigh rides in Wis\u0142a are available year-round\u2014either winter sleigh rides or summer sleigh rides, depending on the weather.<\/p>\t\t\t\t\t\t\t\t<\/div>\n\t\t\t\t<\/div>\n\t\t\t\t\t<\/div>\n\t\t\t\t<\/div>\n\t\t<div class=\"elementor-element elementor-element-e5bb7a5 e-flex e-con-boxed e-con e-parent\" data-id=\"e5bb7a5\" data-element_type=\"container\" data-e-type=\"container\">\n\t\t\t\t\t<div class=\"e-con-inner\">\n\t\t\t\t<div class=\"elementor-element elementor-element-68958ad elementor-widget elementor-widget-gallery\" data-id=\"68958ad\" data-element_type=\"widget\" data-e-type=\"widget\" data-settings=\"{&quot;lazyload&quot;:&quot;yes&quot;,&quot;gallery_layout&quot;:&quot;grid&quot;,&quot;columns&quot;:4,&quot;columns_tablet&quot;:2,&quot;columns_mobile&quot;:1,&quot;gap&quot;:{&quot;unit&quot;:&quot;px&quot;,&quot;size&quot;:10,&quot;sizes&quot;:[]},&quot;gap_tablet&quot;:{&quot;unit&quot;:&quot;px&quot;,&quot;size&quot;:10,&quot;sizes&quot;:[]},&quot;gap_mobile&quot;:{&quot;unit&quot;:&quot;px&quot;,&quot;size&quot;:10,&quot;sizes&quot;:[]},&quot;link_to&quot;:&quot;file&quot;,&quot;aspect_ratio&quot;:&quot;3:2&quot;,&quot;overlay_background&quot;:&quot;yes&quot;,&quot;content_hover_animation&quot;:&quot;fade-in&quot;}\" data-widget_type=\"gallery.default\">\n\t\t\t\t\t\t\t<div class=\"elementor-gallery__container\">\n\t\t\t\t\t\t\t<a class=\"e-gallery-item elementor-gallery-item elementor-animated-content\" href=\"https:\/\/rapido.com.pl\/wp-content\/uploads\/2026\/03\/003rapido_panoramio.jpg\" data-elementor-open-lightbox=\"yes\" data-elementor-lightbox-slideshow=\"68958ad\" data-elementor-lightbox-title=\"003rapido_panoramio\" data-e-action-hash=\"#elementor-action%3Aaction%3Dlightbox%26settings%3DeyJpZCI6Njk4LCJ1cmwiOiJodHRwczpcL1wvcmFwaWRvLmNvbS5wbFwvd3AtY29udGVudFwvdXBsb2Fkc1wvMjAyNlwvMDNcLzAwM3JhcGlkb19wYW5vcmFtaW8uanBnIiwic2xpZGVzaG93IjoiNjg5NThhZCJ9\">\n\t\t\t\t\t<div class=\"e-gallery-image elementor-gallery-item__image\" data-thumbnail=\"https:\/\/rapido.com.pl\/wp-content\/uploads\/2026\/03\/003rapido_panoramio.jpg\" data-width=\"700\" data-height=\"466\" aria-label=\"\" role=\"img\" ><\/div>\n\t\t\t\t\t\t\t\t\t\t\t<div class=\"elementor-gallery-item__overlay\"><\/div>\n\t\t\t\t\t\t\t\t\t\t\t\t\t\t<\/a>\n\t\t\t\t\t\t\t<a class=\"e-gallery-item elementor-gallery-item elementor-animated-content\" href=\"https:\/\/rapido.com.pl\/wp-content\/uploads\/2026\/03\/004acrd.jpg\" data-elementor-open-lightbox=\"yes\" data-elementor-lightbox-slideshow=\"68958ad\" data-elementor-lightbox-title=\"004acrd\" data-e-action-hash=\"#elementor-action%3Aaction%3Dlightbox%26settings%3DeyJpZCI6Njk5LCJ1cmwiOiJodHRwczpcL1wvcmFwaWRvLmNvbS5wbFwvd3AtY29udGVudFwvdXBsb2Fkc1wvMjAyNlwvMDNcLzAwNGFjcmQuanBnIiwic2xpZGVzaG93IjoiNjg5NThhZCJ9\">\n\t\t\t\t\t<div class=\"e-gallery-image elementor-gallery-item__image\" data-thumbnail=\"https:\/\/rapido.com.pl\/wp-content\/uploads\/2026\/03\/004acrd.jpg\" data-width=\"800\" data-height=\"536\" aria-label=\"\" role=\"img\" ><\/div>\n\t\t\t\t\t\t\t\t\t\t\t<div class=\"elementor-gallery-item__overlay\"><\/div>\n\t\t\t\t\t\t\t\t\t\t\t\t\t\t<\/a>\n\t\t\t\t\t\t\t<a class=\"e-gallery-item elementor-gallery-item elementor-animated-content\" href=\"https:\/\/rapido.com.pl\/wp-content\/uploads\/2026\/03\/005crapido_kulig.jpg\" data-elementor-open-lightbox=\"yes\" data-elementor-lightbox-slideshow=\"68958ad\" data-elementor-lightbox-title=\"005crapido_kulig\" data-e-action-hash=\"#elementor-action%3Aaction%3Dlightbox%26settings%3DeyJpZCI6NzAwLCJ1cmwiOiJodHRwczpcL1wvcmFwaWRvLmNvbS5wbFwvd3AtY29udGVudFwvdXBsb2Fkc1wvMjAyNlwvMDNcLzAwNWNyYXBpZG9fa3VsaWcuanBnIiwic2xpZGVzaG93IjoiNjg5NThhZCJ9\">\n\t\t\t\t\t<div class=\"e-gallery-image elementor-gallery-item__image\" data-thumbnail=\"https:\/\/rapido.com.pl\/wp-content\/uploads\/2026\/03\/005crapido_kulig.jpg\" data-width=\"622\" data-height=\"467\" aria-label=\"\" role=\"img\" ><\/div>\n\t\t\t\t\t\t\t\t\t\t\t<div class=\"elementor-gallery-item__overlay\"><\/div>\n\t\t\t\t\t\t\t\t\t\t\t\t\t\t<\/a>\n\t\t\t\t\t\t\t<a class=\"e-gallery-item elementor-gallery-item elementor-animated-content\" href=\"https:\/\/rapido.com.pl\/wp-content\/uploads\/2026\/03\/006_logien.jpg\" data-elementor-open-lightbox=\"yes\" data-elementor-lightbox-slideshow=\"68958ad\" data-elementor-lightbox-title=\"006_logien\" data-e-action-hash=\"#elementor-action%3Aaction%3Dlightbox%26settings%3DeyJpZCI6NzAxLCJ1cmwiOiJodHRwczpcL1wvcmFwaWRvLmNvbS5wbFwvd3AtY29udGVudFwvdXBsb2Fkc1wvMjAyNlwvMDNcLzAwNl9sb2dpZW4uanBnIiwic2xpZGVzaG93IjoiNjg5NThhZCJ9\">\n\t\t\t\t\t<div class=\"e-gallery-image elementor-gallery-item__image\" data-thumbnail=\"https:\/\/rapido.com.pl\/wp-content\/uploads\/2026\/03\/006_logien.jpg\" data-width=\"800\" data-height=\"600\" aria-label=\"\" role=\"img\" ><\/div>\n\t\t\t\t\t\t\t\t\t\t\t<div class=\"elementor-gallery-item__overlay\"><\/div>\n\t\t\t\t\t\t\t\t\t\t\t\t\t\t<\/a>\n\t\t\t\t\t\t\t<a class=\"e-gallery-item elementor-gallery-item elementor-animated-content\" href=\"https:\/\/rapido.com.pl\/wp-content\/uploads\/2026\/03\/007rapido_bacowka_cieslarow.jpg\" data-elementor-open-lightbox=\"yes\" data-elementor-lightbox-slideshow=\"68958ad\" data-elementor-lightbox-title=\"007rapido_bacowka_cieslarow\" data-e-action-hash=\"#elementor-action%3Aaction%3Dlightbox%26settings%3DeyJpZCI6NzAyLCJ1cmwiOiJodHRwczpcL1wvcmFwaWRvLmNvbS5wbFwvd3AtY29udGVudFwvdXBsb2Fkc1wvMjAyNlwvMDNcLzAwN3JhcGlkb19iYWNvd2thX2NpZXNsYXJvdy5qcGciLCJzbGlkZXNob3ciOiI2ODk1OGFkIn0%3D\">\n\t\t\t\t\t<div class=\"e-gallery-image elementor-gallery-item__image\" data-thumbnail=\"https:\/\/rapido.com.pl\/wp-content\/uploads\/2026\/03\/007rapido_bacowka_cieslarow.jpg\" data-width=\"698\" data-height=\"467\" aria-label=\"\" role=\"img\" ><\/div>\n\t\t\t\t\t\t\t\t\t\t\t<div class=\"elementor-gallery-item__overlay\"><\/div>\n\t\t\t\t\t\t\t\t\t\t\t\t\t\t<\/a>\n\t\t\t\t\t\t\t<a class=\"e-gallery-item elementor-gallery-item elementor-animated-content\" href=\"https:\/\/rapido.com.pl\/wp-content\/uploads\/2026\/03\/008img_0432.jpg\" data-elementor-open-lightbox=\"yes\" data-elementor-lightbox-slideshow=\"68958ad\" data-elementor-lightbox-title=\"008img_0432\" data-e-action-hash=\"#elementor-action%3Aaction%3Dlightbox%26settings%3DeyJpZCI6NzAzLCJ1cmwiOiJodHRwczpcL1wvcmFwaWRvLmNvbS5wbFwvd3AtY29udGVudFwvdXBsb2Fkc1wvMjAyNlwvMDNcLzAwOGltZ18wNDMyLmpwZyIsInNsaWRlc2hvdyI6IjY4OTU4YWQifQ%3D%3D\">\n\t\t\t\t\t<div class=\"e-gallery-image elementor-gallery-item__image\" data-thumbnail=\"https:\/\/rapido.com.pl\/wp-content\/uploads\/2026\/03\/008img_0432.jpg\" data-width=\"800\" data-height=\"600\" aria-label=\"\" role=\"img\" ><\/div>\n\t\t\t\t\t\t\t\t\t\t\t<div class=\"elementor-gallery-item__overlay\"><\/div>\n\t\t\t\t\t\t\t\t\t\t\t\t\t\t<\/a>\n\t\t\t\t\t\t\t<a class=\"e-gallery-item elementor-gallery-item elementor-animated-content\" href=\"https:\/\/rapido.com.pl\/wp-content\/uploads\/2026\/03\/009rapido_kulig.jpg\" data-elementor-open-lightbox=\"yes\" data-elementor-lightbox-slideshow=\"68958ad\" data-elementor-lightbox-title=\"Kulig Wisla\" data-e-action-hash=\"#elementor-action%3Aaction%3Dlightbox%26settings%3DeyJpZCI6NzA0LCJ1cmwiOiJodHRwczpcL1wvcmFwaWRvLmNvbS5wbFwvd3AtY29udGVudFwvdXBsb2Fkc1wvMjAyNlwvMDNcLzAwOXJhcGlkb19rdWxpZy5qcGciLCJzbGlkZXNob3ciOiI2ODk1OGFkIn0%3D\">\n\t\t\t\t\t<div class=\"e-gallery-image elementor-gallery-item__image\" data-thumbnail=\"https:\/\/rapido.com.pl\/wp-content\/uploads\/2026\/03\/009rapido_kulig.jpg\" data-width=\"622\" data-height=\"467\" aria-label=\"\" role=\"img\" ><\/div>\n\t\t\t\t\t\t\t\t\t\t\t<div class=\"elementor-gallery-item__overlay\"><\/div>\n\t\t\t\t\t\t\t\t\t\t\t\t\t\t<\/a>\n\t\t\t\t\t\t\t<a class=\"e-gallery-item elementor-gallery-item elementor-animated-content\" href=\"https:\/\/rapido.com.pl\/wp-content\/uploads\/2026\/03\/010koliba_palenisko.jpg\" data-elementor-open-lightbox=\"yes\" data-elementor-lightbox-slideshow=\"68958ad\" data-elementor-lightbox-title=\"koliba\" data-e-action-hash=\"#elementor-action%3Aaction%3Dlightbox%26settings%3DeyJpZCI6NzA1LCJ1cmwiOiJodHRwczpcL1wvcmFwaWRvLmNvbS5wbFwvd3AtY29udGVudFwvdXBsb2Fkc1wvMjAyNlwvMDNcLzAxMGtvbGliYV9wYWxlbmlza28uanBnIiwic2xpZGVzaG93IjoiNjg5NThhZCJ9\">\n\t\t\t\t\t<div class=\"e-gallery-image elementor-gallery-item__image\" data-thumbnail=\"https:\/\/rapido.com.pl\/wp-content\/uploads\/2026\/03\/010koliba_palenisko.jpg\" data-width=\"699\" data-height=\"467\" aria-label=\"\" role=\"img\" ><\/div>\n\t\t\t\t\t\t\t\t\t\t\t<div class=\"elementor-gallery-item__overlay\"><\/div>\n\t\t\t\t\t\t\t\t\t\t\t\t\t\t<\/a>\n\t\t\t\t\t\t\t<a class=\"e-gallery-item elementor-gallery-item elementor-animated-content\" href=\"https:\/\/rapido.com.pl\/wp-content\/uploads\/2026\/03\/011img_0470.jpg\" data-elementor-open-lightbox=\"yes\" data-elementor-lightbox-slideshow=\"68958ad\" data-elementor-lightbox-title=\"011img_0470\" data-e-action-hash=\"#elementor-action%3Aaction%3Dlightbox%26settings%3DeyJpZCI6NzA2LCJ1cmwiOiJodHRwczpcL1wvcmFwaWRvLmNvbS5wbFwvd3AtY29udGVudFwvdXBsb2Fkc1wvMjAyNlwvMDNcLzAxMWltZ18wNDcwLmpwZyIsInNsaWRlc2hvdyI6IjY4OTU4YWQifQ%3D%3D\">\n\t\t\t\t\t<div class=\"e-gallery-image elementor-gallery-item__image\" data-thumbnail=\"https:\/\/rapido.com.pl\/wp-content\/uploads\/2026\/03\/011img_0470.jpg\" data-width=\"800\" data-height=\"600\" aria-label=\"\" role=\"img\" ><\/div>\n\t\t\t\t\t\t\t\t\t\t\t<div class=\"elementor-gallery-item__overlay\"><\/div>\n\t\t\t\t\t\t\t\t\t\t\t\t\t\t<\/a>\n\t\t\t\t\t\t\t<a class=\"e-gallery-item elementor-gallery-item elementor-animated-content\" href=\"https:\/\/rapido.com.pl\/wp-content\/uploads\/2026\/03\/012img_0466.jpg\" data-elementor-open-lightbox=\"yes\" data-elementor-lightbox-slideshow=\"68958ad\" data-elementor-lightbox-title=\"012img_0466\" data-e-action-hash=\"#elementor-action%3Aaction%3Dlightbox%26settings%3DeyJpZCI6NzA3LCJ1cmwiOiJodHRwczpcL1wvcmFwaWRvLmNvbS5wbFwvd3AtY29udGVudFwvdXBsb2Fkc1wvMjAyNlwvMDNcLzAxMmltZ18wNDY2LmpwZyIsInNsaWRlc2hvdyI6IjY4OTU4YWQifQ%3D%3D\">\n\t\t\t\t\t<div class=\"e-gallery-image elementor-gallery-item__image\" data-thumbnail=\"https:\/\/rapido.com.pl\/wp-content\/uploads\/2026\/03\/012img_0466.jpg\" data-width=\"800\" data-height=\"600\" aria-label=\"\" role=\"img\" ><\/div>\n\t\t\t\t\t\t\t\t\t\t\t<div class=\"elementor-gallery-item__overlay\"><\/div>\n\t\t\t\t\t\t\t\t\t\t\t\t\t\t<\/a>\n\t\t\t\t\t\t\t<a class=\"e-gallery-item elementor-gallery-item elementor-animated-content\" href=\"https:\/\/rapido.com.pl\/wp-content\/uploads\/2026\/03\/014koliba_catering.jpg\" data-elementor-open-lightbox=\"yes\" data-elementor-lightbox-slideshow=\"68958ad\" data-elementor-lightbox-title=\"014koliba_catering\" data-e-action-hash=\"#elementor-action%3Aaction%3Dlightbox%26settings%3DeyJpZCI6NzA4LCJ1cmwiOiJodHRwczpcL1wvcmFwaWRvLmNvbS5wbFwvd3AtY29udGVudFwvdXBsb2Fkc1wvMjAyNlwvMDNcLzAxNGtvbGliYV9jYXRlcmluZy5qcGciLCJzbGlkZXNob3ciOiI2ODk1OGFkIn0%3D\">\n\t\t\t\t\t<div class=\"e-gallery-image elementor-gallery-item__image\" data-thumbnail=\"https:\/\/rapido.com.pl\/wp-content\/uploads\/2026\/03\/014koliba_catering.jpg\" data-width=\"700\" data-height=\"467\" aria-label=\"\" role=\"img\" ><\/div>\n\t\t\t\t\t\t\t\t\t\t\t<div class=\"elementor-gallery-item__overlay\"><\/div>\n\t\t\t\t\t\t\t\t\t\t\t\t\t\t<\/a>\n\t\t\t\t\t\t\t<a class=\"e-gallery-item elementor-gallery-item elementor-animated-content\" href=\"https:\/\/rapido.com.pl\/wp-content\/uploads\/2026\/03\/016img_0489.jpg\" data-elementor-open-lightbox=\"yes\" data-elementor-lightbox-slideshow=\"68958ad\" data-elementor-lightbox-title=\"016img_0489\" data-e-action-hash=\"#elementor-action%3Aaction%3Dlightbox%26settings%3DeyJpZCI6NzA5LCJ1cmwiOiJodHRwczpcL1wvcmFwaWRvLmNvbS5wbFwvd3AtY29udGVudFwvdXBsb2Fkc1wvMjAyNlwvMDNcLzAxNmltZ18wNDg5LmpwZyIsInNsaWRlc2hvdyI6IjY4OTU4YWQifQ%3D%3D\">\n\t\t\t\t\t<div class=\"e-gallery-image elementor-gallery-item__image\" data-thumbnail=\"https:\/\/rapido.com.pl\/wp-content\/uploads\/2026\/03\/016img_0489.jpg\" data-width=\"800\" data-height=\"600\" aria-label=\"\" role=\"img\" ><\/div>\n\t\t\t\t\t\t\t\t\t\t\t<div class=\"elementor-gallery-item__overlay\"><\/div>\n\t\t\t\t\t\t\t\t\t\t\t\t\t\t<\/a>\n\t\t\t\t\t\t\t<a class=\"e-gallery-item elementor-gallery-item elementor-animated-content\" href=\"https:\/\/rapido.com.pl\/wp-content\/uploads\/2026\/03\/017bacowe_utarczki_37.jpg\" data-elementor-open-lightbox=\"yes\" data-elementor-lightbox-slideshow=\"68958ad\" data-elementor-lightbox-title=\"017bacowe_utarczki_37\" data-e-action-hash=\"#elementor-action%3Aaction%3Dlightbox%26settings%3DeyJpZCI6NzEwLCJ1cmwiOiJodHRwczpcL1wvcmFwaWRvLmNvbS5wbFwvd3AtY29udGVudFwvdXBsb2Fkc1wvMjAyNlwvMDNcLzAxN2JhY293ZV91dGFyY3praV8zNy5qcGciLCJzbGlkZXNob3ciOiI2ODk1OGFkIn0%3D\">\n\t\t\t\t\t<div class=\"e-gallery-image elementor-gallery-item__image\" data-thumbnail=\"https:\/\/rapido.com.pl\/wp-content\/uploads\/2026\/03\/017bacowe_utarczki_37.jpg\" data-width=\"700\" data-height=\"466\" aria-label=\"\" role=\"img\" ><\/div>\n\t\t\t\t\t\t\t\t\t\t\t<div class=\"elementor-gallery-item__overlay\"><\/div>\n\t\t\t\t\t\t\t\t\t\t\t\t\t\t<\/a>\n\t\t\t\t\t\t\t<a class=\"e-gallery-item elementor-gallery-item elementor-animated-content\" href=\"https:\/\/rapido.com.pl\/wp-content\/uploads\/2026\/03\/018img_0450.jpg\" data-elementor-open-lightbox=\"yes\" data-elementor-lightbox-slideshow=\"68958ad\" data-elementor-lightbox-title=\"018img_0450\" data-e-action-hash=\"#elementor-action%3Aaction%3Dlightbox%26settings%3DeyJpZCI6NzExLCJ1cmwiOiJodHRwczpcL1wvcmFwaWRvLmNvbS5wbFwvd3AtY29udGVudFwvdXBsb2Fkc1wvMjAyNlwvMDNcLzAxOGltZ18wNDUwLmpwZyIsInNsaWRlc2hvdyI6IjY4OTU4YWQifQ%3D%3D\">\n\t\t\t\t\t<div class=\"e-gallery-image elementor-gallery-item__image\" data-thumbnail=\"https:\/\/rapido.com.pl\/wp-content\/uploads\/2026\/03\/018img_0450.jpg\" data-width=\"450\" data-height=\"600\" aria-label=\"\" role=\"img\" ><\/div>\n\t\t\t\t\t\t\t\t\t\t\t<div class=\"elementor-gallery-item__overlay\"><\/div>\n\t\t\t\t\t\t\t\t\t\t\t\t\t\t<\/a>\n\t\t\t\t\t\t\t<a class=\"e-gallery-item elementor-gallery-item elementor-animated-content\" href=\"https:\/\/rapido.com.pl\/wp-content\/uploads\/2026\/03\/001c_010rapido_kulig.jpg\" data-elementor-open-lightbox=\"yes\" data-elementor-lightbox-slideshow=\"68958ad\" data-elementor-lightbox-title=\"Dolina jasnego\" data-e-action-hash=\"#elementor-action%3Aaction%3Dlightbox%26settings%3DeyJpZCI6NzEyLCJ1cmwiOiJodHRwczpcL1wvcmFwaWRvLmNvbS5wbFwvd3AtY29udGVudFwvdXBsb2Fkc1wvMjAyNlwvMDNcLzAwMWNfMDEwcmFwaWRvX2t1bGlnLmpwZyIsInNsaWRlc2hvdyI6IjY4OTU4YWQifQ%3D%3D\">\n\t\t\t\t\t<div class=\"e-gallery-image elementor-gallery-item__image\" data-thumbnail=\"https:\/\/rapido.com.pl\/wp-content\/uploads\/2026\/03\/001c_010rapido_kulig.jpg\" data-width=\"622\" data-height=\"467\" aria-label=\"\" role=\"img\" ><\/div>\n\t\t\t\t\t\t\t\t\t\t\t<div class=\"elementor-gallery-item__overlay\"><\/div>\n\t\t\t\t\t\t\t\t\t\t\t\t\t\t<\/a>\n\t\t\t\t\t\t\t<a class=\"e-gallery-item elementor-gallery-item elementor-animated-content\" href=\"https:\/\/rapido.com.pl\/wp-content\/uploads\/2026\/03\/002koliba_kapela.jpg\" data-elementor-open-lightbox=\"yes\" data-elementor-lightbox-slideshow=\"68958ad\" data-elementor-lightbox-title=\"kapela\" data-e-action-hash=\"#elementor-action%3Aaction%3Dlightbox%26settings%3DeyJpZCI6NzEzLCJ1cmwiOiJodHRwczpcL1wvcmFwaWRvLmNvbS5wbFwvd3AtY29udGVudFwvdXBsb2Fkc1wvMjAyNlwvMDNcLzAwMmtvbGliYV9rYXBlbGEuanBnIiwic2xpZGVzaG93IjoiNjg5NThhZCJ9\">\n\t\t\t\t\t<div class=\"e-gallery-image elementor-gallery-item__image\" data-thumbnail=\"https:\/\/rapido.com.pl\/wp-content\/uploads\/2026\/03\/002koliba_kapela.jpg\" data-width=\"700\" data-height=\"467\" aria-label=\"\" role=\"img\" ><\/div>\n\t\t\t\t\t\t\t\t\t\t\t<div class=\"elementor-gallery-item__overlay\"><\/div>\n\t\t\t\t\t\t\t\t\t\t\t\t\t\t<\/a>\n\t\t\t\t\t<\/div>\n\t\t\t\t\t<\/div>\n\t\t\t\t\t<\/div>\n\t\t\t\t<\/div>\n\t\t\t\t<\/div>\n\t\t","protected":false},"excerpt":{"rendered":"<p>Sleigh rides in Wis\u0142a We invite you to join us for a sleigh ride in Wis\u0142a for groups of 3 to 1,000 people. The route, which winds through one of the most charming valleys in the Wis\u0142a region (the Bia\u0142a Wise\u0142ka Valley sleigh ride), guarantees an unforgettable experience, an intimate setting, and a wonderful atmosphere [&hellip;]<\/p>\n","protected":false},"author":1,"featured_media":0,"parent":0,"menu_order":0,"comment_status":"closed","ping_status":"closed","template":"","meta":{"footnotes":""},"class_list":["post-961","page","type-page","status-publish","hentry"],"_links":{"self":[{"href":"https:\/\/rapido.com.pl\/en\/wp-json\/wp\/v2\/pages\/961","targetHints":{"allow":["GET"]}}],"collection":[{"href":"https:\/\/rapido.com.pl\/en\/wp-json\/wp\/v2\/pages"}],"about":[{"href":"https:\/\/rapido.com.pl\/en\/wp-json\/wp\/v2\/types\/page"}],"author":[{"embeddable":true,"href":"https:\/\/rapido.com.pl\/en\/wp-json\/wp\/v2\/users\/1"}],"replies":[{"embeddable":true,"href":"https:\/\/rapido.com.pl\/en\/wp-json\/wp\/v2\/comments?post=961"}],"version-history":[{"count":1,"href":"https:\/\/rapido.com.pl\/en\/wp-json\/wp\/v2\/pages\/961\/revisions"}],"predecessor-version":[{"id":962,"href":"https:\/\/rapido.com.pl\/en\/wp-json\/wp\/v2\/pages\/961\/revisions\/962"}],"wp:attachment":[{"href":"https:\/\/rapido.com.pl\/en\/wp-json\/wp\/v2\/media?parent=961"}],"curies":[{"name":"wp","href":"https:\/\/api.w.org\/{rel}","templated":true}]}}