{"id":987,"date":"2026-03-27T09:24:48","date_gmt":"2026-03-27T08:24:48","guid":{"rendered":"https:\/\/rapido.com.pl\/conference-services\/"},"modified":"2026-04-15T15:31:07","modified_gmt":"2026-04-15T13:31:07","slug":"conference-services","status":"publish","type":"page","link":"https:\/\/rapido.com.pl\/en\/conference-services\/","title":{"rendered":"Conference services"},"content":{"rendered":"\t\t<div data-elementor-type=\"wp-page\" data-elementor-id=\"987\" class=\"elementor elementor-987 elementor-782\" data-elementor-post-type=\"page\">\n\t\t\t\t<div class=\"elementor-element elementor-element-03cd189 e-flex e-con-boxed e-con e-parent\" data-id=\"03cd189\" data-element_type=\"container\" data-e-type=\"container\" data-settings=\"{&quot;background_background&quot;:&quot;classic&quot;}\">\n\t\t\t\t\t<div class=\"e-con-inner\">\n\t\t\t\t<div class=\"elementor-element elementor-element-12890a9 elementor-invisible elementor-widget elementor-widget-heading\" data-id=\"12890a9\" data-element_type=\"widget\" data-e-type=\"widget\" data-settings=\"{&quot;_animation&quot;:&quot;fadeInLeft&quot;}\" data-widget_type=\"heading.default\">\n\t\t\t\t\t<h2 class=\"elementor-heading-title elementor-size-default\">Conference services<\/h2>\t\t\t\t<\/div>\n\t\t\t\t\t<\/div>\n\t\t\t\t<\/div>\n\t\t<div class=\"elementor-element elementor-element-d5105ec e-flex e-con-boxed e-con e-parent\" data-id=\"d5105ec\" data-element_type=\"container\" data-e-type=\"container\">\n\t\t\t\t\t<div class=\"e-con-inner\">\n\t\t\t\t<div class=\"elementor-element elementor-element-edf468c elementor-widget elementor-widget-text-editor\" data-id=\"edf468c\" data-element_type=\"widget\" data-e-type=\"widget\" data-widget_type=\"text-editor.default\">\n\t\t\t\t\t\t\t\t\t<p><strong>Transportation services for conferences and events: Poland, Europe, Silesia,<\/strong><br>Wis\u0142a, Ustro\u0144, Szczyrk, Katowice, Rybnik, Cieszyn, Bielsko-Bia\u0142a.<br>Comprehensive conference logistics services\u2014well-maintained vehicles, professional drivers, and a commitment to comfort and high-quality service for participants and organizers.<\/p>\t\t\t\t\t\t\t\t<\/div>\n\t\t\t\t\t<\/div>\n\t\t\t\t<\/div>\n\t\t<div class=\"elementor-element elementor-element-f993faf e-flex e-con-boxed e-con e-parent\" data-id=\"f993faf\" data-element_type=\"container\" data-e-type=\"container\" data-settings=\"{&quot;background_background&quot;:&quot;classic&quot;}\">\n\t\t\t\t\t<div class=\"e-con-inner\">\n\t\t<div class=\"elementor-element elementor-element-e8eb0d5 e-con-full e-flex e-con e-child\" data-id=\"e8eb0d5\" data-element_type=\"container\" data-e-type=\"container\" data-settings=\"{&quot;background_background&quot;:&quot;classic&quot;}\">\n\t\t\t\t<div class=\"elementor-element elementor-element-db8afdc elementor-widget elementor-widget-image\" data-id=\"db8afdc\" data-element_type=\"widget\" data-e-type=\"widget\" data-widget_type=\"image.default\">\n\t\t\t\t\t\t\t\t\t\t\t\t\t\t\t<img fetchpriority=\"high\" decoding=\"async\" width=\"700\" height=\"467\" src=\"https:\/\/rapido.com.pl\/wp-content\/uploads\/2026\/03\/004m.jpg\" class=\"attachment-large size-large wp-image-988\" alt=\"\" srcset=\"https:\/\/rapido.com.pl\/wp-content\/uploads\/2026\/03\/004m.jpg 700w, https:\/\/rapido.com.pl\/wp-content\/uploads\/2026\/03\/004m-300x200.jpg 300w, https:\/\/rapido.com.pl\/wp-content\/uploads\/2026\/03\/004m-500x334.jpg 500w, https:\/\/rapido.com.pl\/wp-content\/uploads\/2026\/03\/004m-600x400.jpg 600w\" sizes=\"(max-width: 700px) 100vw, 700px\" \/>\t\t\t\t\t\t\t\t\t\t\t\t\t\t\t<\/div>\n\t\t\t\t<\/div>\n\t\t<div class=\"elementor-element elementor-element-c4d398a e-con-full e-flex e-con e-child\" data-id=\"c4d398a\" data-element_type=\"container\" data-e-type=\"container\">\n\t\t\t\t<div class=\"elementor-element elementor-element-3916fe9 elementor-widget elementor-widget-text-editor\" data-id=\"3916fe9\" data-element_type=\"widget\" data-e-type=\"widget\" data-widget_type=\"text-editor.default\">\n\t\t\t\t\t\t\t\t\t<p><strong>Stages of providing transportation services for the conference:<\/strong><\/p><ul><li><strong>Before the conference<\/strong>\u2014arranging transportation from train stations, airports, and designated locations to the conference venue\u2014it often happens that guests traveling on their own book transfers at the same time\u2014from train and bus stations or airports in nearby cities such as Bielsko-Bia\u0142a, Katowice, or Krak\u00f3w. RAPIDO offers individual transfers and combines individual guests into minibus transfers, thereby significantly reducing travel costs for single passengers.<\/li><\/ul><ul><li>During the conference: shuttle bus services, coach and minibus rentals, guest transfers to side events such as concerts, sleigh rides, dinners, and other activities, ensuring easy travel between hotels, and luxury cars for VIP guests.<\/li><\/ul><ul><li><strong>After the conference<\/strong>\u2014return transfers to train stations, airports, and designated locations\u2014thanks to the size and diversity of our fleet, we guarantee efficient service and a high level of customer satisfaction.<\/li><\/ul>\t\t\t\t\t\t\t\t<\/div>\n\t\t\t\t<\/div>\n\t\t\t\t\t<\/div>\n\t\t\t\t<\/div>\n\t\t<div class=\"elementor-element elementor-element-879700e e-flex e-con-boxed e-con e-parent\" data-id=\"879700e\" data-element_type=\"container\" data-e-type=\"container\" data-settings=\"{&quot;background_background&quot;:&quot;classic&quot;}\">\n\t\t\t\t\t<div class=\"e-con-inner\">\n\t\t<div class=\"elementor-element elementor-element-5be8be2 e-con-full e-flex e-con e-child\" data-id=\"5be8be2\" data-element_type=\"container\" data-e-type=\"container\">\n\t\t\t\t<div class=\"elementor-element elementor-element-ed6a124 elementor-widget elementor-widget-text-editor\" data-id=\"ed6a124\" data-element_type=\"widget\" data-e-type=\"widget\" data-widget_type=\"text-editor.default\">\n\t\t\t\t\t\t\t\t\t<p><strong>We invite you to take a look at our past projects and the feedback we\u2019ve received from our clients.<\/strong><\/p><p><strong>Organization and Coordination<\/strong> \u2013 By entrusting us with the organization and coordination of transfers and logistics services, you significantly streamline the process while retaining control and oversight over its execution.<\/p><p>Prior to the conference, the informational materials include a dedicated <strong>email address and phone number<\/strong>; it is also possible to <strong>create a website<\/strong> containing information for participants. In this way, we create a dedicated service center\u2014after participants submit a request, they receive a vehicle reservation confirmation; or, with the participants\u2019 consent, transfers are coordinated through our office. The service of organizing transportation and coordinating transfers was fully implemented during the conferences held in Wis\u0142a at the Go\u0142\u0119biewski and the Stok Hotel\u2014participants and event organizers were provided with comfortable transfers at very competitive rates.<\/p>\t\t\t\t\t\t\t\t<\/div>\n\t\t\t\t<\/div>\n\t\t<div class=\"elementor-element elementor-element-3280733 e-con-full e-flex e-con e-child\" data-id=\"3280733\" data-element_type=\"container\" data-e-type=\"container\" data-settings=\"{&quot;background_background&quot;:&quot;classic&quot;}\">\n\t\t\t\t<div class=\"elementor-element elementor-element-23e124b elementor-widget elementor-widget-image\" data-id=\"23e124b\" data-element_type=\"widget\" data-e-type=\"widget\" data-widget_type=\"image.default\">\n\t\t\t\t\t\t\t\t\t\t\t\t\t\t\t<img decoding=\"async\" width=\"800\" height=\"533\" src=\"https:\/\/rapido.com.pl\/wp-content\/uploads\/2026\/03\/015_Mercedes-Benz_Travego_VIP_532-3-2.jpg\" class=\"attachment-large size-large wp-image-1105\" alt=\"\" srcset=\"https:\/\/rapido.com.pl\/wp-content\/uploads\/2026\/03\/015_Mercedes-Benz_Travego_VIP_532-3-2.jpg 960w, https:\/\/rapido.com.pl\/wp-content\/uploads\/2026\/03\/015_Mercedes-Benz_Travego_VIP_532-3-2-500x333.jpg 500w, https:\/\/rapido.com.pl\/wp-content\/uploads\/2026\/03\/015_Mercedes-Benz_Travego_VIP_532-3-2-600x400.jpg 600w, https:\/\/rapido.com.pl\/wp-content\/uploads\/2026\/03\/015_Mercedes-Benz_Travego_VIP_532-3-2-300x200.jpg 300w, https:\/\/rapido.com.pl\/wp-content\/uploads\/2026\/03\/015_Mercedes-Benz_Travego_VIP_532-3-2-768x512.jpg 768w\" sizes=\"(max-width: 800px) 100vw, 800px\" \/>\t\t\t\t\t\t\t\t\t\t\t\t\t\t\t<\/div>\n\t\t\t\t<\/div>\n\t\t\t\t\t<\/div>\n\t\t\t\t<\/div>\n\t\t\t\t<\/div>\n\t\t","protected":false},"excerpt":{"rendered":"<p>Conference services Transportation services for conferences and events: Poland, Europe, Silesia,Wis\u0142a, Ustro\u0144, Szczyrk, Katowice, Rybnik, Cieszyn, Bielsko-Bia\u0142a.Comprehensive conference logistics services\u2014well-maintained vehicles, professional drivers, and a commitment to comfort and high-quality service for participants and organizers. Stages of providing transportation services for the conference: Before the conference\u2014arranging transportation from train stations, airports, and designated locations to [&hellip;]<\/p>\n","protected":false},"author":1,"featured_media":0,"parent":0,"menu_order":0,"comment_status":"closed","ping_status":"closed","template":"","meta":{"footnotes":""},"class_list":["post-987","page","type-page","status-publish","hentry"],"_links":{"self":[{"href":"https:\/\/rapido.com.pl\/en\/wp-json\/wp\/v2\/pages\/987","targetHints":{"allow":["GET"]}}],"collection":[{"href":"https:\/\/rapido.com.pl\/en\/wp-json\/wp\/v2\/pages"}],"about":[{"href":"https:\/\/rapido.com.pl\/en\/wp-json\/wp\/v2\/types\/page"}],"author":[{"embeddable":true,"href":"https:\/\/rapido.com.pl\/en\/wp-json\/wp\/v2\/users\/1"}],"replies":[{"embeddable":true,"href":"https:\/\/rapido.com.pl\/en\/wp-json\/wp\/v2\/comments?post=987"}],"version-history":[{"count":1,"href":"https:\/\/rapido.com.pl\/en\/wp-json\/wp\/v2\/pages\/987\/revisions"}],"predecessor-version":[{"id":989,"href":"https:\/\/rapido.com.pl\/en\/wp-json\/wp\/v2\/pages\/987\/revisions\/989"}],"wp:attachment":[{"href":"https:\/\/rapido.com.pl\/en\/wp-json\/wp\/v2\/media?parent=987"}],"curies":[{"name":"wp","href":"https:\/\/api.w.org\/{rel}","templated":true}]}}